{"id":18184,"date":"2025-07-16T10:42:31","date_gmt":"2025-07-16T08:42:31","guid":{"rendered":"https:\/\/uj.adatbank.ro\/lexikon\/termek\/petrichevich-horvath-gabor-szeplaki\/"},"modified":"2025-07-16T10:42:31","modified_gmt":"2025-07-16T08:42:31","slug":"petrichevich-horvath-gabor-szeplaki","status":"publish","type":"product","link":"https:\/\/uj.adatbank.ro\/lexikon\/termek\/petrichevich-horvath-gabor-szeplaki\/","title":{"rendered":"PETRICHEVICH-HORV\u00c1TH G\u00e1bor, sz\u00e9plaki"},"content":{"rendered":"<p>Sz\u00e9plak, 1840. jan. 3., \u2020\u00a0Pata, 1890. aug. 27: sz\u00e9plaki f\u00f6ldbirtokos. \u2013 Ferenc (1807\u20131845) \u00e9s Wass Ant\u00f3nia fia. Feles\u00e9ge cseszeliczki Szilv\u00e1ssy Ida (1837.- Sz\u00e9plak 1903. nov. 30.). Gyermekei: Rudolf, Artur, Ida (1875\u20131918). Az EMKE alap\u00edt\u00f3 \u00e9s v\u00e1lasztott v\u00e1lasztm\u00e1nyi tagja (1885\u2013). <br \/><strong>Irod.:<\/strong> Boros Gy\u00f6rgy: B\u00e1r\u00f3 Petrichevich-Horv\u00e1th K\u00e1lm\u00e1n \u00e9s el\u0151dei (Cluj-Kv., 1929); Gudenus; Kempelen; S\u00e1ndor<\/br><\/p>\n","protected":false},"excerpt":{"rendered":"<p>Sz\u00e9plak, 1840. jan. 3., \u2020\u00a0Pata, 1890. aug. 27: sz\u00e9plaki f\u00f6ldbirtokos. \u2013 Ferenc (1807\u20131845) \u00e9s Wass Ant\u00f3nia fia. Feles\u00e9ge cseszeliczki Szilv\u00e1ssy Ida (1837.- Sz\u00e9plak 1903. nov. 30.). Gyermekei: Rudolf, Artur, Ida (1875\u20131918). Az EMKE alap\u00edt\u00f3 \u00e9s v\u00e1lasztott v\u00e1lasztm\u00e1nyi tagja (1885\u2013). Irod.: Boros Gy\u00f6rgy: B\u00e1r\u00f3 Petrichevich-Horv\u00e1th K\u00e1lm\u00e1n \u00e9s el\u0151dei (Cluj-Kv., 1929); Gudenus; Kempelen; S\u00e1ndor<\/p>\n","protected":false},"featured_media":0,"comment_status":"open","ping_status":"closed","template":"","meta":[],"product_brand":[],"product_cat":[137],"product_tag":[],"class_list":{"0":"post-18184","1":"product","2":"type-product","3":"status-publish","5":"product_cat-maros-megyei-eletrajzi-lexikon","7":"first","8":"instock","9":"shipping-taxable","10":"product-type-simple"},"_links":{"self":[{"href":"https:\/\/uj.adatbank.ro\/lexikon\/wp-json\/wp\/v2\/product\/18184","targetHints":{"allow":["GET"]}}],"collection":[{"href":"https:\/\/uj.adatbank.ro\/lexikon\/wp-json\/wp\/v2\/product"}],"about":[{"href":"https:\/\/uj.adatbank.ro\/lexikon\/wp-json\/wp\/v2\/types\/product"}],"replies":[{"embeddable":true,"href":"https:\/\/uj.adatbank.ro\/lexikon\/wp-json\/wp\/v2\/comments?post=18184"}],"wp:attachment":[{"href":"https:\/\/uj.adatbank.ro\/lexikon\/wp-json\/wp\/v2\/media?parent=18184"}],"wp:term":[{"taxonomy":"product_brand","embeddable":true,"href":"https:\/\/uj.adatbank.ro\/lexikon\/wp-json\/wp\/v2\/product_brand?post=18184"},{"taxonomy":"product_cat","embeddable":true,"href":"https:\/\/uj.adatbank.ro\/lexikon\/wp-json\/wp\/v2\/product_cat?post=18184"},{"taxonomy":"product_tag","embeddable":true,"href":"https:\/\/uj.adatbank.ro\/lexikon\/wp-json\/wp\/v2\/product_tag?post=18184"}],"curies":[{"name":"wp","href":"https:\/\/api.w.org\/{rel}","templated":true}]}}