{"id":18185,"date":"2025-07-16T10:42:34","date_gmt":"2025-07-16T08:42:34","guid":{"rendered":"https:\/\/uj.adatbank.ro\/lexikon\/termek\/petrichevich-horvath-gabor-szeplaki-br\/"},"modified":"2025-07-16T10:42:34","modified_gmt":"2025-07-16T08:42:34","slug":"petrichevich-horvath-gabor-szeplaki-br","status":"publish","type":"product","link":"https:\/\/uj.adatbank.ro\/lexikon\/termek\/petrichevich-horvath-gabor-szeplaki-br\/","title":{"rendered":"PETRICHEVICH-HORV\u00c1TH G\u00e1bor, sz\u00e9plaki br."},"content":{"rendered":"<p>Backamadaras, 1875. m\u00e1j. 3., \u2020\u00a0Backamadaras, 1905. j\u00fan. 2.: m. kir. husz\u00e1rf\u0151hadnagy. \u2013 B\u00e9la (1834\u20131912) \u00e9s tinkovai Macsk\u00e1si Laura (1841\u20131888) fia. Feles\u00e9ge \u00e9rszentkir\u00e1lyi Szentkir\u00e1lyi Margit (Mez\u0151pagocsa, 1881. dec., 11. \u2013 Bp., 1970. aug. 4). Esk.: Mez\u0151pagocsa, 1903. jan., 31 L\u00e1nya Maria J\u00e1rmy Tiborn\u00e9 (1904\u20131987).-<br \/><strong>Irod.:<\/strong> Gudenus\u00a0, Kempelen<\/br><\/p>\n","protected":false},"excerpt":{"rendered":"<p>Backamadaras, 1875. m\u00e1j. 3., \u2020\u00a0Backamadaras, 1905. j\u00fan. 2.: m. kir. husz\u00e1rf\u0151hadnagy. \u2013 B\u00e9la (1834\u20131912) \u00e9s tinkovai Macsk\u00e1si Laura (1841\u20131888) fia. Feles\u00e9ge \u00e9rszentkir\u00e1lyi Szentkir\u00e1lyi Margit (Mez\u0151pagocsa, 1881. dec., 11. \u2013 Bp., 1970. aug. 4). Esk.: Mez\u0151pagocsa, 1903. jan., 31 L\u00e1nya Maria J\u00e1rmy Tiborn\u00e9 (1904\u20131987).-Irod.: Gudenus\u00a0, Kempelen<\/p>\n","protected":false},"featured_media":0,"comment_status":"open","ping_status":"closed","template":"","meta":[],"product_brand":[],"product_cat":[137],"product_tag":[],"class_list":{"0":"post-18185","1":"product","2":"type-product","3":"status-publish","5":"product_cat-maros-megyei-eletrajzi-lexikon","7":"first","8":"instock","9":"shipping-taxable","10":"product-type-simple"},"_links":{"self":[{"href":"https:\/\/uj.adatbank.ro\/lexikon\/wp-json\/wp\/v2\/product\/18185","targetHints":{"allow":["GET"]}}],"collection":[{"href":"https:\/\/uj.adatbank.ro\/lexikon\/wp-json\/wp\/v2\/product"}],"about":[{"href":"https:\/\/uj.adatbank.ro\/lexikon\/wp-json\/wp\/v2\/types\/product"}],"replies":[{"embeddable":true,"href":"https:\/\/uj.adatbank.ro\/lexikon\/wp-json\/wp\/v2\/comments?post=18185"}],"wp:attachment":[{"href":"https:\/\/uj.adatbank.ro\/lexikon\/wp-json\/wp\/v2\/media?parent=18185"}],"wp:term":[{"taxonomy":"product_brand","embeddable":true,"href":"https:\/\/uj.adatbank.ro\/lexikon\/wp-json\/wp\/v2\/product_brand?post=18185"},{"taxonomy":"product_cat","embeddable":true,"href":"https:\/\/uj.adatbank.ro\/lexikon\/wp-json\/wp\/v2\/product_cat?post=18185"},{"taxonomy":"product_tag","embeddable":true,"href":"https:\/\/uj.adatbank.ro\/lexikon\/wp-json\/wp\/v2\/product_tag?post=18185"}],"curies":[{"name":"wp","href":"https:\/\/api.w.org\/{rel}","templated":true}]}}