{"id":18187,"date":"2025-07-16T10:42:39","date_gmt":"2025-07-16T08:42:39","guid":{"rendered":"https:\/\/uj.adatbank.ro\/lexikon\/termek\/petrichevich-horvath-hortenzia-szeplaki-br-banffy-ferencne\/"},"modified":"2025-07-16T10:42:39","modified_gmt":"2025-07-16T08:42:39","slug":"petrichevich-horvath-hortenzia-szeplaki-br-banffy-ferencne","status":"publish","type":"product","link":"https:\/\/uj.adatbank.ro\/lexikon\/termek\/petrichevich-horvath-hortenzia-szeplaki-br-banffy-ferencne\/","title":{"rendered":"PETRICHEVICH-HORV\u00c1TH Hortenzia, sz\u00e9plaki br.; B\u00e1nffy Ferencn\u00e9"},"content":{"rendered":"<p>Fels\u0151zsuk, 1878. j\u00fan. 6., \u2020 Mv., 1868. j\u00fan. 12.: birtokos b\u00e1r\u00f3n\u0151. \u2013 K\u00e1lm\u00e1n (1840\u20131926) \u00e9s gr. Cs\u00e1ky Katalin l\u00e1nya. F\u00e9rjhez ment Kv.-on losonczi B\u00e1nffy Ferenchez (sz\u00fcl. Apanagyfalu, 1869. okt. 10. \u2020 Bp, 1938. szept. 10.) Cs. \u00e9s kir. kam., a m. f\u0151rendih\u00e1z \u00f6r\u00f6k\u00f6s tagj\u00e1hoz <br \/><strong>Irod.:<\/strong> Bicsok-Orb\u00e1n, Gudenus<\/br><\/p>\n","protected":false},"excerpt":{"rendered":"<p>Fels\u0151zsuk, 1878. j\u00fan. 6., \u2020 Mv., 1868. j\u00fan. 12.: birtokos b\u00e1r\u00f3n\u0151. \u2013 K\u00e1lm\u00e1n (1840\u20131926) \u00e9s gr. Cs\u00e1ky Katalin l\u00e1nya. F\u00e9rjhez ment Kv.-on losonczi B\u00e1nffy Ferenchez (sz\u00fcl. Apanagyfalu, 1869. okt. 10. \u2020 Bp, 1938. szept. 10.) Cs. \u00e9s kir. kam., a m. f\u0151rendih\u00e1z \u00f6r\u00f6k\u00f6s tagj\u00e1hoz Irod.: Bicsok-Orb\u00e1n, Gudenus<\/p>\n","protected":false},"featured_media":0,"comment_status":"open","ping_status":"closed","template":"","meta":[],"product_brand":[],"product_cat":[137],"product_tag":[],"class_list":{"0":"post-18187","1":"product","2":"type-product","3":"status-publish","5":"product_cat-maros-megyei-eletrajzi-lexikon","7":"first","8":"instock","9":"shipping-taxable","10":"product-type-simple"},"_links":{"self":[{"href":"https:\/\/uj.adatbank.ro\/lexikon\/wp-json\/wp\/v2\/product\/18187","targetHints":{"allow":["GET"]}}],"collection":[{"href":"https:\/\/uj.adatbank.ro\/lexikon\/wp-json\/wp\/v2\/product"}],"about":[{"href":"https:\/\/uj.adatbank.ro\/lexikon\/wp-json\/wp\/v2\/types\/product"}],"replies":[{"embeddable":true,"href":"https:\/\/uj.adatbank.ro\/lexikon\/wp-json\/wp\/v2\/comments?post=18187"}],"wp:attachment":[{"href":"https:\/\/uj.adatbank.ro\/lexikon\/wp-json\/wp\/v2\/media?parent=18187"}],"wp:term":[{"taxonomy":"product_brand","embeddable":true,"href":"https:\/\/uj.adatbank.ro\/lexikon\/wp-json\/wp\/v2\/product_brand?post=18187"},{"taxonomy":"product_cat","embeddable":true,"href":"https:\/\/uj.adatbank.ro\/lexikon\/wp-json\/wp\/v2\/product_cat?post=18187"},{"taxonomy":"product_tag","embeddable":true,"href":"https:\/\/uj.adatbank.ro\/lexikon\/wp-json\/wp\/v2\/product_tag?post=18187"}],"curies":[{"name":"wp","href":"https:\/\/api.w.org\/{rel}","templated":true}]}}