{"id":18188,"date":"2025-07-16T10:42:40","date_gmt":"2025-07-16T08:42:40","guid":{"rendered":"https:\/\/uj.adatbank.ro\/lexikon\/termek\/petrichevich-horvath-ida-szeplaki-banffy-ferencne\/"},"modified":"2025-07-16T10:42:40","modified_gmt":"2025-07-16T08:42:40","slug":"petrichevich-horvath-ida-szeplaki-banffy-ferencne","status":"publish","type":"product","link":"https:\/\/uj.adatbank.ro\/lexikon\/termek\/petrichevich-horvath-ida-szeplaki-banffy-ferencne\/","title":{"rendered":"PETRICHEVICH-HORV\u00c1TH Ida, sz\u00e9plaki; B\u00e1nffy Ferencn\u00e9"},"content":{"rendered":"<p>K\u00fck\u00fcll\u0151sz\u00e9plak, 1875. szept. 7., \u2020 B\u00e9cs, Baden der Wien, 1918. m\u00e1rc. 19: f\u00fcldbirtokos. \u2013 G\u00e1bor (1840\u20131890) \u00e9s Szilv\u00e1ssy Ida l\u00e1nya, losonczi br. B\u00e1nffy Ferenc (1869\u20131938) feles\u00e9ge. Fia Dezs\u0151 (1900\u20131939). <br \/><strong>Irod.:<\/strong> Gudenus<\/br><\/p>\n","protected":false},"excerpt":{"rendered":"<p>K\u00fck\u00fcll\u0151sz\u00e9plak, 1875. szept. 7., \u2020 B\u00e9cs, Baden der Wien, 1918. m\u00e1rc. 19: f\u00fcldbirtokos. \u2013 G\u00e1bor (1840\u20131890) \u00e9s Szilv\u00e1ssy Ida l\u00e1nya, losonczi br. B\u00e1nffy Ferenc (1869\u20131938) feles\u00e9ge. Fia Dezs\u0151 (1900\u20131939). Irod.: Gudenus<\/p>\n","protected":false},"featured_media":0,"comment_status":"open","ping_status":"closed","template":"","meta":[],"product_brand":[],"product_cat":[137],"product_tag":[],"class_list":{"0":"post-18188","1":"product","2":"type-product","3":"status-publish","5":"product_cat-maros-megyei-eletrajzi-lexikon","7":"first","8":"instock","9":"shipping-taxable","10":"product-type-simple"},"_links":{"self":[{"href":"https:\/\/uj.adatbank.ro\/lexikon\/wp-json\/wp\/v2\/product\/18188","targetHints":{"allow":["GET"]}}],"collection":[{"href":"https:\/\/uj.adatbank.ro\/lexikon\/wp-json\/wp\/v2\/product"}],"about":[{"href":"https:\/\/uj.adatbank.ro\/lexikon\/wp-json\/wp\/v2\/types\/product"}],"replies":[{"embeddable":true,"href":"https:\/\/uj.adatbank.ro\/lexikon\/wp-json\/wp\/v2\/comments?post=18188"}],"wp:attachment":[{"href":"https:\/\/uj.adatbank.ro\/lexikon\/wp-json\/wp\/v2\/media?parent=18188"}],"wp:term":[{"taxonomy":"product_brand","embeddable":true,"href":"https:\/\/uj.adatbank.ro\/lexikon\/wp-json\/wp\/v2\/product_brand?post=18188"},{"taxonomy":"product_cat","embeddable":true,"href":"https:\/\/uj.adatbank.ro\/lexikon\/wp-json\/wp\/v2\/product_cat?post=18188"},{"taxonomy":"product_tag","embeddable":true,"href":"https:\/\/uj.adatbank.ro\/lexikon\/wp-json\/wp\/v2\/product_tag?post=18188"}],"curies":[{"name":"wp","href":"https:\/\/api.w.org\/{rel}","templated":true}]}}