{"id":1819,"date":"2025-06-28T11:54:14","date_gmt":"2025-06-28T09:54:14","guid":{"rendered":"https:\/\/uj.adatbank.ro\/lexikon\/termek\/bacon-maria-stritt-marie\/"},"modified":"2025-06-28T11:54:14","modified_gmt":"2025-06-28T09:54:14","slug":"bacon-maria-stritt-marie","status":"publish","type":"product","link":"https:\/\/uj.adatbank.ro\/lexikon\/termek\/bacon-maria-stritt-marie\/","title":{"rendered":"BACON Maria, Stritt Marie"},"content":{"rendered":"<p>Segesv\u00e1r, 1855. febr. 18., \u2020 Drezda, 1928. szept. 16. Hamvait Segesv\u00e1rra hozt\u00e1k: sz\u00edn\u00e9sz, szerk., \u00edr\u00f3, v\u00e1rosi tan\u00e1csos. \u2013 Joseph Martin Bacon (1820\u20131885) \u00fcgyv\u00e9d, ogy.-i k\u00e9pvisel\u0151 \u00e9s Therese Bacon feminista harcos le\u00e1nya. F\u00e9rje: (1879\u2013) Albert Sritt (1847\u20131908) opera\u00e9nekes. \u2013 Mag\u00e1n\u00faton tanult, majd B\u00e9csben egy sz\u00edniiskol\u00e1ban (1873\u2013). Sikeres szerz\u0151d\u00e9sei voltak Frankfurtban, Karlsruheban \u00e9s Drezd\u00e1ban. A Karlsruhei Hoftheater sz\u00edn\u00e9szn\u0151je (1876\u201381). Drezd\u00e1ban telepedett le (1889\u2013). Drezd\u00e1ban megalap\u00edtotta az els\u0151 jogv\u00e9d\u0151 egyletet n\u00f6k sz\u00e1m\u00e1ra (1894). A n\u00e9met feminista mozgalom elind\u00edt\u00f3ja, a N\u00e9met Feminista Egyes\u00fclet eln\u00f6ke (1899\u20131910). Megalap\u00edt\u00f3ja \u00e9s szerk.-je volt a Zentralblatt des Bundes deutscher Frauenvereine c. lapnak (1899\u20131925). v Frauenfrage c. lap szerk.-je (1899\u20131921). A n\u0151i emancip\u00e1ci\u00f3 harcosa, az International Woman Suffrage Alliance eln\u00f6kn\u0151je (1913\u201320), Nemzetk\u00f6zi n\u0151kongresszusokon vett r\u00e9szt (Berlin, 1904; Bern, 1920). Drezd\u00e1ban v\u00e1rosi tan\u00e1csos, tiszteletbeli v\u00e1rosi (1919\u201322). Sikeresen ford\u00edtott angolnyelvb\u0151l n\u0151politikai k\u00f6nyveket. \u2013 <strong>F. m.:<\/strong> H\u00e4usliche Knabenerziehung, (Berlin, 1891); Frauenlogik, (Dresda, 1892), Die Frau geh\u00f6rt ins Haus, (Dresda, 1893). Die Bestimmung des Mannes, (Dresda, 1894); Weibl. Schw\u00e4chen, (Dresda, 1894). <br \/><strong>Irod.:<\/strong> Nagy; Degener, Hermann: Wer ist\u2019s (Leipzig, 1914.); LSS<\/br><\/p>\n","protected":false},"excerpt":{"rendered":"<p>Segesv\u00e1r, 1855. febr. 18., \u2020 Drezda, 1928. szept. 16. Hamvait Segesv\u00e1rra hozt\u00e1k: sz\u00edn\u00e9sz, szerk., \u00edr\u00f3, v\u00e1rosi tan\u00e1csos. \u2013 Joseph Martin Bacon (1820\u20131885) \u00fcgyv\u00e9d, ogy.-i k\u00e9pvisel\u0151 \u00e9s Therese Bacon feminista harcos le\u00e1nya. F\u00e9rje: (1879\u2013) Albert Sritt (1847\u20131908) opera\u00e9nekes. \u2013 Mag\u00e1n\u00faton tanult, majd B\u00e9csben egy sz\u00edniiskol\u00e1ban (1873\u2013). Sikeres szerz\u0151d\u00e9sei voltak Frankfurtban, Karlsruheban \u00e9s Drezd\u00e1ban. A Karlsruhei Hoftheater [&hellip;]<\/p>\n","protected":false},"featured_media":0,"comment_status":"open","ping_status":"closed","template":"","meta":[],"product_brand":[],"product_cat":[137],"product_tag":[],"class_list":{"0":"post-1819","1":"product","2":"type-product","3":"status-publish","5":"product_cat-maros-megyei-eletrajzi-lexikon","7":"first","8":"instock","9":"shipping-taxable","10":"product-type-simple"},"_links":{"self":[{"href":"https:\/\/uj.adatbank.ro\/lexikon\/wp-json\/wp\/v2\/product\/1819","targetHints":{"allow":["GET"]}}],"collection":[{"href":"https:\/\/uj.adatbank.ro\/lexikon\/wp-json\/wp\/v2\/product"}],"about":[{"href":"https:\/\/uj.adatbank.ro\/lexikon\/wp-json\/wp\/v2\/types\/product"}],"replies":[{"embeddable":true,"href":"https:\/\/uj.adatbank.ro\/lexikon\/wp-json\/wp\/v2\/comments?post=1819"}],"wp:attachment":[{"href":"https:\/\/uj.adatbank.ro\/lexikon\/wp-json\/wp\/v2\/media?parent=1819"}],"wp:term":[{"taxonomy":"product_brand","embeddable":true,"href":"https:\/\/uj.adatbank.ro\/lexikon\/wp-json\/wp\/v2\/product_brand?post=1819"},{"taxonomy":"product_cat","embeddable":true,"href":"https:\/\/uj.adatbank.ro\/lexikon\/wp-json\/wp\/v2\/product_cat?post=1819"},{"taxonomy":"product_tag","embeddable":true,"href":"https:\/\/uj.adatbank.ro\/lexikon\/wp-json\/wp\/v2\/product_tag?post=1819"}],"curies":[{"name":"wp","href":"https:\/\/api.w.org\/{rel}","templated":true}]}}