{"id":18190,"date":"2025-07-16T10:42:43","date_gmt":"2025-07-16T08:42:43","guid":{"rendered":"https:\/\/uj.adatbank.ro\/lexikon\/termek\/petrichevich-horvath-janos\/"},"modified":"2025-07-16T10:42:43","modified_gmt":"2025-07-16T08:42:43","slug":"petrichevich-horvath-janos","status":"publish","type":"product","link":"https:\/\/uj.adatbank.ro\/lexikon\/termek\/petrichevich-horvath-janos\/","title":{"rendered":"PETRICHEVICH-HORV\u00c1TH J\u00e1nos"},"content":{"rendered":"<p>1556., \u2020 Sz\u00e9plak , 1620. jan. 19 : K\u00fck\u00fcll\u0151megyei hivatalnok. \u2013 1616. \u00e1pr. 20-\u00e1n nyeri az ugynevezett Folthi r\u00e9szeket \u00e9s 1616. \u00e1pr. 22-\u00e9n a sz\u00e9plaki r\u00e9sz\u00e9re is uj adom\u00e1nyt vesz Bethlen G\u00e1bort\u00f3l. Feles\u00e9ge szigeti Szigeti Judith (* 1572. \u2020 1616. II\/17.). T\u0151l\u00fck sz\u00e1rmaznak a sz\u00e9plaki nems \u00e9s b\u00e1r\u00f3 Petrichevich-Horv\u00e1th, a sz\u00e9plaki \u00e9s nagyv\u00e1radi nemes \u00e9s b\u00e1r\u00f3 Horv\u00e1th-Incz\u00e9dy \u00e9s a sz\u00e9plaki, nagyszalontai \u00e9s feketeb\u00e1tori gr\u00f3f Horv\u00e1th-Tholdy csal\u00e1dok. <br \/><strong>Irod.:<\/strong> Kempelen; Nagy Iv\u00e1n<\/br><\/p>\n","protected":false},"excerpt":{"rendered":"<p>1556., \u2020 Sz\u00e9plak , 1620. jan. 19 : K\u00fck\u00fcll\u0151megyei hivatalnok. \u2013 1616. \u00e1pr. 20-\u00e1n nyeri az ugynevezett Folthi r\u00e9szeket \u00e9s 1616. \u00e1pr. 22-\u00e9n a sz\u00e9plaki r\u00e9sz\u00e9re is uj adom\u00e1nyt vesz Bethlen G\u00e1bort\u00f3l. Feles\u00e9ge szigeti Szigeti Judith (* 1572. \u2020 1616. II\/17.). T\u0151l\u00fck sz\u00e1rmaznak a sz\u00e9plaki nems \u00e9s b\u00e1r\u00f3 Petrichevich-Horv\u00e1th, a sz\u00e9plaki \u00e9s nagyv\u00e1radi nemes \u00e9s [&hellip;]<\/p>\n","protected":false},"featured_media":0,"comment_status":"open","ping_status":"closed","template":"","meta":[],"product_brand":[],"product_cat":[137],"product_tag":[],"class_list":{"0":"post-18190","1":"product","2":"type-product","3":"status-publish","5":"product_cat-maros-megyei-eletrajzi-lexikon","7":"first","8":"instock","9":"shipping-taxable","10":"product-type-simple"},"_links":{"self":[{"href":"https:\/\/uj.adatbank.ro\/lexikon\/wp-json\/wp\/v2\/product\/18190","targetHints":{"allow":["GET"]}}],"collection":[{"href":"https:\/\/uj.adatbank.ro\/lexikon\/wp-json\/wp\/v2\/product"}],"about":[{"href":"https:\/\/uj.adatbank.ro\/lexikon\/wp-json\/wp\/v2\/types\/product"}],"replies":[{"embeddable":true,"href":"https:\/\/uj.adatbank.ro\/lexikon\/wp-json\/wp\/v2\/comments?post=18190"}],"wp:attachment":[{"href":"https:\/\/uj.adatbank.ro\/lexikon\/wp-json\/wp\/v2\/media?parent=18190"}],"wp:term":[{"taxonomy":"product_brand","embeddable":true,"href":"https:\/\/uj.adatbank.ro\/lexikon\/wp-json\/wp\/v2\/product_brand?post=18190"},{"taxonomy":"product_cat","embeddable":true,"href":"https:\/\/uj.adatbank.ro\/lexikon\/wp-json\/wp\/v2\/product_cat?post=18190"},{"taxonomy":"product_tag","embeddable":true,"href":"https:\/\/uj.adatbank.ro\/lexikon\/wp-json\/wp\/v2\/product_tag?post=18190"}],"curies":[{"name":"wp","href":"https:\/\/api.w.org\/{rel}","templated":true}]}}