{"id":18191,"date":"2025-07-16T10:42:46","date_gmt":"2025-07-16T08:42:46","guid":{"rendered":"https:\/\/uj.adatbank.ro\/lexikon\/termek\/petrichevich-horvath-judith-szeplaki-thoroczkay-mihalyne\/"},"modified":"2025-07-16T10:42:46","modified_gmt":"2025-07-16T08:42:46","slug":"petrichevich-horvath-judith-szeplaki-thoroczkay-mihalyne","status":"publish","type":"product","link":"https:\/\/uj.adatbank.ro\/lexikon\/termek\/petrichevich-horvath-judith-szeplaki-thoroczkay-mihalyne\/","title":{"rendered":"PETRICHEVICH-HORV\u00c1TH Judith, sz\u00e9plaki, Thoroczkay Mih\u00e1lyn\u00e9"},"content":{"rendered":"<p>Tancs, 1737. jan. 18. \u2020 1797. aug., 30.: f\u00f6ldbirtokos. \u2013 F\u00e9rje toroczk\u00f3szentgy\u00f6rgyi Toroczkai Mih\u00e1ly (esk. Sz\u00e9plak 1765. nov., 19.). <br \/><strong>Irod.:<\/strong> Kempelen<\/br><\/p>\n","protected":false},"excerpt":{"rendered":"<p>Tancs, 1737. jan. 18. \u2020 1797. aug., 30.: f\u00f6ldbirtokos. \u2013 F\u00e9rje toroczk\u00f3szentgy\u00f6rgyi Toroczkai Mih\u00e1ly (esk. Sz\u00e9plak 1765. nov., 19.). Irod.: Kempelen<\/p>\n","protected":false},"featured_media":0,"comment_status":"open","ping_status":"closed","template":"","meta":[],"product_brand":[],"product_cat":[137],"product_tag":[],"class_list":{"0":"post-18191","1":"product","2":"type-product","3":"status-publish","5":"product_cat-maros-megyei-eletrajzi-lexikon","7":"first","8":"instock","9":"shipping-taxable","10":"product-type-simple"},"_links":{"self":[{"href":"https:\/\/uj.adatbank.ro\/lexikon\/wp-json\/wp\/v2\/product\/18191","targetHints":{"allow":["GET"]}}],"collection":[{"href":"https:\/\/uj.adatbank.ro\/lexikon\/wp-json\/wp\/v2\/product"}],"about":[{"href":"https:\/\/uj.adatbank.ro\/lexikon\/wp-json\/wp\/v2\/types\/product"}],"replies":[{"embeddable":true,"href":"https:\/\/uj.adatbank.ro\/lexikon\/wp-json\/wp\/v2\/comments?post=18191"}],"wp:attachment":[{"href":"https:\/\/uj.adatbank.ro\/lexikon\/wp-json\/wp\/v2\/media?parent=18191"}],"wp:term":[{"taxonomy":"product_brand","embeddable":true,"href":"https:\/\/uj.adatbank.ro\/lexikon\/wp-json\/wp\/v2\/product_brand?post=18191"},{"taxonomy":"product_cat","embeddable":true,"href":"https:\/\/uj.adatbank.ro\/lexikon\/wp-json\/wp\/v2\/product_cat?post=18191"},{"taxonomy":"product_tag","embeddable":true,"href":"https:\/\/uj.adatbank.ro\/lexikon\/wp-json\/wp\/v2\/product_tag?post=18191"}],"curies":[{"name":"wp","href":"https:\/\/api.w.org\/{rel}","templated":true}]}}