{"id":18193,"date":"2025-07-16T10:42:49","date_gmt":"2025-07-16T08:42:49","guid":{"rendered":"https:\/\/uj.adatbank.ro\/lexikon\/termek\/petrichevich-horvath-karoly-szeplaki-2\/"},"modified":"2025-07-16T10:42:49","modified_gmt":"2025-07-16T08:42:49","slug":"petrichevich-horvath-karoly-szeplaki-2","status":"publish","type":"product","link":"https:\/\/uj.adatbank.ro\/lexikon\/termek\/petrichevich-horvath-karoly-szeplaki-2\/","title":{"rendered":"PETRICHEVICH-HORV\u00c1TH K\u00e1roly, sz\u00e9plaki"},"content":{"rendered":"<p>Sz\u00e9plak, 1837. j\u00fan. 4.\u2020 1859. okt.1.: f\u00f6ldbirtokos. <br \/><strong>Irod.:<\/strong> Kempelen; Sas P\u00e9ter: Kelemen Lajos kiadatlan \u00f6ssze\u00edr\u00e1saib\u00f3l (M\u0171vel\u0151d\u00e9s, 10. sz., 2011.)<\/br><\/p>\n","protected":false},"excerpt":{"rendered":"<p>Sz\u00e9plak, 1837. j\u00fan. 4.\u2020 1859. okt.1.: f\u00f6ldbirtokos. Irod.: Kempelen; Sas P\u00e9ter: Kelemen Lajos kiadatlan \u00f6ssze\u00edr\u00e1saib\u00f3l (M\u0171vel\u0151d\u00e9s, 10. sz., 2011.)<\/p>\n","protected":false},"featured_media":0,"comment_status":"open","ping_status":"closed","template":"","meta":[],"product_brand":[],"product_cat":[137],"product_tag":[],"class_list":{"0":"post-18193","1":"product","2":"type-product","3":"status-publish","5":"product_cat-maros-megyei-eletrajzi-lexikon","7":"first","8":"instock","9":"shipping-taxable","10":"product-type-simple"},"_links":{"self":[{"href":"https:\/\/uj.adatbank.ro\/lexikon\/wp-json\/wp\/v2\/product\/18193","targetHints":{"allow":["GET"]}}],"collection":[{"href":"https:\/\/uj.adatbank.ro\/lexikon\/wp-json\/wp\/v2\/product"}],"about":[{"href":"https:\/\/uj.adatbank.ro\/lexikon\/wp-json\/wp\/v2\/types\/product"}],"replies":[{"embeddable":true,"href":"https:\/\/uj.adatbank.ro\/lexikon\/wp-json\/wp\/v2\/comments?post=18193"}],"wp:attachment":[{"href":"https:\/\/uj.adatbank.ro\/lexikon\/wp-json\/wp\/v2\/media?parent=18193"}],"wp:term":[{"taxonomy":"product_brand","embeddable":true,"href":"https:\/\/uj.adatbank.ro\/lexikon\/wp-json\/wp\/v2\/product_brand?post=18193"},{"taxonomy":"product_cat","embeddable":true,"href":"https:\/\/uj.adatbank.ro\/lexikon\/wp-json\/wp\/v2\/product_cat?post=18193"},{"taxonomy":"product_tag","embeddable":true,"href":"https:\/\/uj.adatbank.ro\/lexikon\/wp-json\/wp\/v2\/product_tag?post=18193"}],"curies":[{"name":"wp","href":"https:\/\/api.w.org\/{rel}","templated":true}]}}