{"id":18195,"date":"2025-07-16T10:42:52","date_gmt":"2025-07-16T08:42:52","guid":{"rendered":"https:\/\/uj.adatbank.ro\/lexikon\/termek\/petrichevich-horvath-klara-vitez-miklosne\/"},"modified":"2025-07-16T10:42:52","modified_gmt":"2025-07-16T08:42:52","slug":"petrichevich-horvath-klara-vitez-miklosne","status":"publish","type":"product","link":"https:\/\/uj.adatbank.ro\/lexikon\/termek\/petrichevich-horvath-klara-vitez-miklosne\/","title":{"rendered":"PETRICHEVICH-HORV\u00c1TH Kl\u00e1ra, Vit\u00e9z Mikl\u00f3sn\u00e9"},"content":{"rendered":"<p>? \u2020 ?: f\u00f6ldbirtokos. \u2013 Kozma (1523\u20131590) \u00e9s dersi Petki Borb\u00e1la (\u2020\u00a01595) l\u00e1nya. F\u00e9rje: 1. Vit\u00e9z Mikl\u00f3s, Torda vm. f\u0151isp\u00e1nja (\u2020 1602), 2. Macsk\u00e1si Mih\u00e1ly, 3. oltszemi Mik\u00f3 Gy\u00f6rgy. Testv\u00e9re Horv\u00e1th Ferenc. Els\u0151 f\u00e9rje v\u00e9grendelet\u00e9ben (Lippa fel\u00e9 menet a hadba, 1594. nov. 25) erd\u00e9lyi \u00f6r\u00f6ks\u00e9g\u00e9t r\u00e1, feles\u00e9g\u00e9re hagyta. <br \/><strong>Irod.:<\/strong> Erd\u00e9lyi testamentumok 2.<\/br><\/p>\n","protected":false},"excerpt":{"rendered":"<p>? \u2020 ?: f\u00f6ldbirtokos. \u2013 Kozma (1523\u20131590) \u00e9s dersi Petki Borb\u00e1la (\u2020\u00a01595) l\u00e1nya. F\u00e9rje: 1. Vit\u00e9z Mikl\u00f3s, Torda vm. f\u0151isp\u00e1nja (\u2020 1602), 2. Macsk\u00e1si Mih\u00e1ly, 3. oltszemi Mik\u00f3 Gy\u00f6rgy. Testv\u00e9re Horv\u00e1th Ferenc. Els\u0151 f\u00e9rje v\u00e9grendelet\u00e9ben (Lippa fel\u00e9 menet a hadba, 1594. nov. 25) erd\u00e9lyi \u00f6r\u00f6ks\u00e9g\u00e9t r\u00e1, feles\u00e9g\u00e9re hagyta. Irod.: Erd\u00e9lyi testamentumok 2.<\/p>\n","protected":false},"featured_media":0,"comment_status":"open","ping_status":"closed","template":"","meta":[],"product_brand":[],"product_cat":[137],"product_tag":[],"class_list":{"0":"post-18195","1":"product","2":"type-product","3":"status-publish","5":"product_cat-maros-megyei-eletrajzi-lexikon","7":"first","8":"instock","9":"shipping-taxable","10":"product-type-simple"},"_links":{"self":[{"href":"https:\/\/uj.adatbank.ro\/lexikon\/wp-json\/wp\/v2\/product\/18195","targetHints":{"allow":["GET"]}}],"collection":[{"href":"https:\/\/uj.adatbank.ro\/lexikon\/wp-json\/wp\/v2\/product"}],"about":[{"href":"https:\/\/uj.adatbank.ro\/lexikon\/wp-json\/wp\/v2\/types\/product"}],"replies":[{"embeddable":true,"href":"https:\/\/uj.adatbank.ro\/lexikon\/wp-json\/wp\/v2\/comments?post=18195"}],"wp:attachment":[{"href":"https:\/\/uj.adatbank.ro\/lexikon\/wp-json\/wp\/v2\/media?parent=18195"}],"wp:term":[{"taxonomy":"product_brand","embeddable":true,"href":"https:\/\/uj.adatbank.ro\/lexikon\/wp-json\/wp\/v2\/product_brand?post=18195"},{"taxonomy":"product_cat","embeddable":true,"href":"https:\/\/uj.adatbank.ro\/lexikon\/wp-json\/wp\/v2\/product_cat?post=18195"},{"taxonomy":"product_tag","embeddable":true,"href":"https:\/\/uj.adatbank.ro\/lexikon\/wp-json\/wp\/v2\/product_tag?post=18195"}],"curies":[{"name":"wp","href":"https:\/\/api.w.org\/{rel}","templated":true}]}}