{"id":18196,"date":"2025-07-16T10:42:56","date_gmt":"2025-07-16T08:42:56","guid":{"rendered":"https:\/\/uj.adatbank.ro\/lexikon\/termek\/petrichevich-horvath-kozma\/"},"modified":"2025-07-16T10:42:56","modified_gmt":"2025-07-16T08:42:56","slug":"petrichevich-horvath-kozma","status":"publish","type":"product","link":"https:\/\/uj.adatbank.ro\/lexikon\/termek\/petrichevich-horvath-kozma\/","title":{"rendered":"PETRICHEVICH-HORV\u00c1TH Kozma"},"content":{"rendered":"<p>1523., \u2020 Koml\u00f3d, 1590. \u00e1pr. 28.: v\u00e1rparancsnok, f\u0151kapit\u00e1ny, f\u0151isp\u00e1n, fejedelmi tan\u00e1csos. \u2013 Feles\u00e9ge dersi Petki Borb\u00e1la (\u2020 Koml\u00f3d, 1595. febr. 7). Le\u00e1nyuk: Kl\u00e1ra. Mikl\u00f3s unoka\u00f6ccse, szint\u00e9n Erd\u00e9lyben telepedett le (1573. szept. 12.). Marosv\u00e9cs v\u00e1rnagya, \u0151 alap\u00edtotta a B\u00e1nffy birtok ter\u00fclet\u00e9n a mai Marosh\u00e9v\u00edz hely\u00e9n az els\u0151 telep\u00fcl\u00e9st Taplocz n\u00e9ven, melyet 1660-t\u00f3l Ol\u00e1h Toplicza n\u00e9ven ismertek. Gyulafeh\u00e9rv\u00e1r v\u00e1rosparancsnoka, fogarasi v\u00e1risp\u00e1n (1575\u2013), tan\u00e1csos (1588\u2013). B\u00e1thori Istv\u00e1nt\u00f3l adom\u00e1nyt kapott Cs\u00e1v\u00e1s, Zokoly, Kisnyulas, Szentm\u00e1rton, Pagocsa birtokokra, melyek a Bekes G\u00e1sp\u00e1r-f\u00e9le felkel\u00e9s miatt megn\u00f3t\u00e1zott Halabori P\u00e1lt\u00f3l koboztattak el. A B\u00e1thoriak bizalmas embere s a szentp\u00e1li csat\u00e1ban Bekes G\u00e1sp\u00e1r lever\u00e9s\u00e9vel szerzett \u00e9rdemei\u00e9rt B\u00e1thori Istv\u00e1n a megn\u00f3t\u00e1zott Bekes birtokaib\u00f3l (1575. szept. 1.) Oroszf\u00e1ja, Lomp\u00e9rt, Veresegyh\u00e1za, Tancs, Detr\u00e1d, Szentandr\u00e1s, Sz\u00e1szf\u00fclp\u00f6s, P\u00f3kakeresztur birtokokat kapta adom\u00e1nyba. B\u00e1thory Krist\u00f3f neki adom\u00e1nyozta a b\u00f6z\u00f6di birtokot minden kir\u00e1lyi jog al\u00f3l felmentette (1578. aug. 4.). B\u00e1thori Krist\u00f3ft\u00f3l az udvarhelysz\u00e9ki csebi birtokra nyert adom\u00e1nyt (1581. m\u00e1j. 7.). A B\u00e1thoriak alatt Gyulafeh\u00e9rv\u00e1r v\u00e1rparancsnoka, fogarasi f\u0151kapit\u00e1ny, zar\u00e1ndi f\u0151isp\u00e1n \u00e9s fejedelmi tan\u00e1csos. Az els\u0151 unit\u00e1rius. <br \/><strong>Irod.:<\/strong> Bicsok-Orb\u00e1n; Boros Gy\u00f6rgy: B\u00e1r\u00f3 Petrichevich-Horv\u00e1th K\u00e1lm\u00e1n \u00e9s el\u0151dei (Cluj-Kv., 1929); Kempelen; Ol\u00e1h-G\u00e1l Elvira besz\u00e9lget\u00e9se gr. Petrichevich-Horv\u00e1th-Tholdy P\u00e9terrel (Sz\u00e9kelyf\u00f6ld, 4. sz., 2015. \u00e1pr.); Ol\u00e1h-G\u00e1l Elvira<\/br><\/p>\n","protected":false},"excerpt":{"rendered":"<p>1523., \u2020 Koml\u00f3d, 1590. \u00e1pr. 28.: v\u00e1rparancsnok, f\u0151kapit\u00e1ny, f\u0151isp\u00e1n, fejedelmi tan\u00e1csos. \u2013 Feles\u00e9ge dersi Petki Borb\u00e1la (\u2020 Koml\u00f3d, 1595. febr. 7). Le\u00e1nyuk: Kl\u00e1ra. Mikl\u00f3s unoka\u00f6ccse, szint\u00e9n Erd\u00e9lyben telepedett le (1573. szept. 12.). Marosv\u00e9cs v\u00e1rnagya, \u0151 alap\u00edtotta a B\u00e1nffy birtok ter\u00fclet\u00e9n a mai Marosh\u00e9v\u00edz hely\u00e9n az els\u0151 telep\u00fcl\u00e9st Taplocz n\u00e9ven, melyet 1660-t\u00f3l Ol\u00e1h Toplicza n\u00e9ven ismertek. [&hellip;]<\/p>\n","protected":false},"featured_media":0,"comment_status":"open","ping_status":"closed","template":"","meta":[],"product_brand":[],"product_cat":[137],"product_tag":[],"class_list":{"0":"post-18196","1":"product","2":"type-product","3":"status-publish","5":"product_cat-maros-megyei-eletrajzi-lexikon","7":"first","8":"instock","9":"shipping-taxable","10":"product-type-simple"},"_links":{"self":[{"href":"https:\/\/uj.adatbank.ro\/lexikon\/wp-json\/wp\/v2\/product\/18196","targetHints":{"allow":["GET"]}}],"collection":[{"href":"https:\/\/uj.adatbank.ro\/lexikon\/wp-json\/wp\/v2\/product"}],"about":[{"href":"https:\/\/uj.adatbank.ro\/lexikon\/wp-json\/wp\/v2\/types\/product"}],"replies":[{"embeddable":true,"href":"https:\/\/uj.adatbank.ro\/lexikon\/wp-json\/wp\/v2\/comments?post=18196"}],"wp:attachment":[{"href":"https:\/\/uj.adatbank.ro\/lexikon\/wp-json\/wp\/v2\/media?parent=18196"}],"wp:term":[{"taxonomy":"product_brand","embeddable":true,"href":"https:\/\/uj.adatbank.ro\/lexikon\/wp-json\/wp\/v2\/product_brand?post=18196"},{"taxonomy":"product_cat","embeddable":true,"href":"https:\/\/uj.adatbank.ro\/lexikon\/wp-json\/wp\/v2\/product_cat?post=18196"},{"taxonomy":"product_tag","embeddable":true,"href":"https:\/\/uj.adatbank.ro\/lexikon\/wp-json\/wp\/v2\/product_tag?post=18196"}],"curies":[{"name":"wp","href":"https:\/\/api.w.org\/{rel}","templated":true}]}}