{"id":18199,"date":"2025-07-16T10:43:03","date_gmt":"2025-07-16T08:43:03","guid":{"rendered":"https:\/\/uj.adatbank.ro\/lexikon\/termek\/petrichevich-horvath-kozma-petrityevith-horvath-kozma-petrityvity-horvath-kozma-szeplaki\/"},"modified":"2025-07-16T10:43:03","modified_gmt":"2025-07-16T08:43:03","slug":"petrichevich-horvath-kozma-petrityevith-horvath-kozma-petrityvity-horvath-kozma-szeplaki","status":"publish","type":"product","link":"https:\/\/uj.adatbank.ro\/lexikon\/termek\/petrichevich-horvath-kozma-petrityevith-horvath-kozma-petrityvity-horvath-kozma-szeplaki\/","title":{"rendered":"PETRICHEVICH-HORV\u00c1TH Kozma; Petrityevith-Horv\u00e1th Kozma; Petrityvity-Horv\u00e1th Kozma, sz\u00e9plaki"},"content":{"rendered":"<p>Koronka, 1634. \u00e1pr. 8. \u2020 Sz\u00e9plak, 1690. j\u00fan. 23.: f\u00f6ldbirtokos, k\u00f6vet, az erd\u00e9lyi kir. t\u00e1bla b\u00edr\u00e1ja, eml\u00e9k\u00edr\u00f3. \u2013 Mikl\u00f3s (1585\u20131654) \u00e9s Tholdalagi Borb\u00e1la fia. Feles\u00e9ge Folthy Borb\u00e1la (1641\u20131710). Fia Boldizs\u00e1r. -Kv.-on tanult az unit.-ok iskol\u00e1j\u00e1ban (1649\u201351); Sz\u00e9plakon \u00e9lt, ahonnan a csal\u00e1d k\u00e9s\u0151bb leggyakrabban haszn\u00e1lt el\u0151nev\u00e9t kapta (1651\u2013); L\u00e1z\u00e1r Gy\u00f6rgy \u00edt\u00e9l\u0151mestern\u00e9l szolg\u00e1lt Gyulafeh\u00e9rv\u00e1ron (1652\u201365); r\u00e9szt vett II. R\u00e1k\u00f3czi Gy\u00f6rgy lengyel hadj\u00e1rat\u00e1ban (1657), amely tragikus jelleg\u00e9r\u0151l \u00f6n\u00e9let\u00edr\u00e1s\u00e1ban sz\u00e1molt be. Bethlen J\u00e1nosnak volt a titk\u00e1ra.K\u00fck\u00fcll\u0151v\u00e1rmegye alisp\u00e1nja, a vm. k\u00fcld\u00f6ttek\u00e9nt r\u00e9szt vett a sz\u00e1szmedgyesi ogy.-en (1658). A Fejedelmi T\u00e1bla \u00fcln\u00f6ke (1664\u201389). Apafi kor\u00e1ban az ad\u00f3\u00fcgyben j\u00e1tszott szerepet mint ad\u00f3sz\u00e1mvev\u0151 (1662\u201380). Apafi Mih\u00e1ly fejedelemt\u0151l k\u00e9rte a fej- \u00e9s j\u00f3sz\u00e1gveszt\u00e9sre \u00edt\u00e9lt P\u00e9chi Simon als\u00f3r\u00e9pai birtokait. \u2013 <strong>F. m.:<\/strong> \u00d6n\u00e9let\u00edr\u00e1s (1634\u201360) k\u00e9ziratban, amelyet Thaly K\u00e1lm\u00e1n adott ki T\u00f6rt\u00e9nelmi Kal\u00e1szok 1603\u20131711. c. gy\u0171jtem\u00e9nyes munk\u00e1j\u00e1ban (Bp., 1862); <strong>antol\u00f3g.:<\/strong> II. R\u00e1k\u00f3czi Gy\u00f6rgy veszedelm\u00e9r\u0151l = Erd\u00e9ly \u00f6r\u00f6ks\u00e9ge, 5.; Magyar gondolkod\u00f3k 17. sz.. kiad. Tarn\u00f3cz M\u00e1rton (Bp., 1979); Erd\u00e9lyi magyar eml\u00e9k\u00edr\u00f3k. <br \/><strong>Irod.:<\/strong> Bicsok-Orb\u00e1n; D\u00e1niel G\u00e1bor: T\u00f6rt\u00e9nelmi kal\u00e1szok (Pest, 1862); Gudenus; Kelemen Lajos 2006; Kraus: Erd\u00e9lyi kr\u00f3nika; Nagy Iv\u00e1n; Ol\u00e1h-G\u00e1l Elvira; Szinnyei; Teleki Mih\u00e1ly levelez\u00e9se (Bp., 1906\u201316)<\/br><\/p>\n","protected":false},"excerpt":{"rendered":"<p>Koronka, 1634. \u00e1pr. 8. \u2020 Sz\u00e9plak, 1690. j\u00fan. 23.: f\u00f6ldbirtokos, k\u00f6vet, az erd\u00e9lyi kir. t\u00e1bla b\u00edr\u00e1ja, eml\u00e9k\u00edr\u00f3. \u2013 Mikl\u00f3s (1585\u20131654) \u00e9s Tholdalagi Borb\u00e1la fia. Feles\u00e9ge Folthy Borb\u00e1la (1641\u20131710). Fia Boldizs\u00e1r. -Kv.-on tanult az unit.-ok iskol\u00e1j\u00e1ban (1649\u201351); Sz\u00e9plakon \u00e9lt, ahonnan a csal\u00e1d k\u00e9s\u0151bb leggyakrabban haszn\u00e1lt el\u0151nev\u00e9t kapta (1651\u2013); L\u00e1z\u00e1r Gy\u00f6rgy \u00edt\u00e9l\u0151mestern\u00e9l szolg\u00e1lt Gyulafeh\u00e9rv\u00e1ron (1652\u201365); r\u00e9szt vett [&hellip;]<\/p>\n","protected":false},"featured_media":0,"comment_status":"open","ping_status":"closed","template":"","meta":[],"product_brand":[],"product_cat":[137],"product_tag":[],"class_list":{"0":"post-18199","1":"product","2":"type-product","3":"status-publish","5":"product_cat-maros-megyei-eletrajzi-lexikon","7":"first","8":"instock","9":"shipping-taxable","10":"product-type-simple"},"_links":{"self":[{"href":"https:\/\/uj.adatbank.ro\/lexikon\/wp-json\/wp\/v2\/product\/18199","targetHints":{"allow":["GET"]}}],"collection":[{"href":"https:\/\/uj.adatbank.ro\/lexikon\/wp-json\/wp\/v2\/product"}],"about":[{"href":"https:\/\/uj.adatbank.ro\/lexikon\/wp-json\/wp\/v2\/types\/product"}],"replies":[{"embeddable":true,"href":"https:\/\/uj.adatbank.ro\/lexikon\/wp-json\/wp\/v2\/comments?post=18199"}],"wp:attachment":[{"href":"https:\/\/uj.adatbank.ro\/lexikon\/wp-json\/wp\/v2\/media?parent=18199"}],"wp:term":[{"taxonomy":"product_brand","embeddable":true,"href":"https:\/\/uj.adatbank.ro\/lexikon\/wp-json\/wp\/v2\/product_brand?post=18199"},{"taxonomy":"product_cat","embeddable":true,"href":"https:\/\/uj.adatbank.ro\/lexikon\/wp-json\/wp\/v2\/product_cat?post=18199"},{"taxonomy":"product_tag","embeddable":true,"href":"https:\/\/uj.adatbank.ro\/lexikon\/wp-json\/wp\/v2\/product_tag?post=18199"}],"curies":[{"name":"wp","href":"https:\/\/api.w.org\/{rel}","templated":true}]}}