{"id":18200,"date":"2025-07-16T10:43:05","date_gmt":"2025-07-16T08:43:05","guid":{"rendered":"https:\/\/uj.adatbank.ro\/lexikon\/termek\/petrichevich-horvath-lajos-azaz-horvath-tholdy-lajos-szeplaki-nagyszalontai-es-feketebatori-gr\/"},"modified":"2025-07-16T10:43:05","modified_gmt":"2025-07-16T08:43:05","slug":"petrichevich-horvath-lajos-azaz-horvath-tholdy-lajos-szeplaki-nagyszalontai-es-feketebatori-gr","status":"publish","type":"product","link":"https:\/\/uj.adatbank.ro\/lexikon\/termek\/petrichevich-horvath-lajos-azaz-horvath-tholdy-lajos-szeplaki-nagyszalontai-es-feketebatori-gr\/","title":{"rendered":"PETRICHEVICH-HORV\u00c1TH Lajos, azaz Horv\u00e1th-Tholdy Lajos, sz\u00e9plaki, nagyszalontai \u00e9s feketeb\u00e1tori gr."},"content":{"rendered":"<p>Kv., 1834. jan. 20. \u2020 \u00c1d\u00e1mos, 1899. j\u00fan. 6.: patai birtokos, f\u0151rend. orsz\u00e1ggy. k\u00e9pvisel\u0151 cs. kir. kamar\u00e1s. \u2013 J\u00e1nos Mikl\u00f3s gr (1801\u20131865)\u00e9s J\u00f3sika Jozefa fia.. Megesk\u00fcd\u00f6tt Kv. (1862. okt. 4.) bethleni gr. Bethlen Irma (Bonyha 1844. j\u00fal. 22.\u20131932. m\u00e1j. 30). Gyermekei: Kozma (1864\u20131884), J\u00e1nos. \u00d6r\u00f6kbe fogadta P.-H. Rudolfot (1870\u20131931), akire uralkod\u00f3i enged\u00e9llyel kiterjesztett\u00e9k a Horv\u00e1th-Tholdy gr\u00f3fi c\u00edmet \u00e9s a csal\u00e1d el\u0151neveit. Rudolf \u00e9s feles\u00e9ge czegei Wass R\u00e1chel megv\u00e1s\u00e1rolt\u00e1k a marosn\u00e9meti uradalmat (1906). M. gr\u00f3fi rangot kapott (1883. m\u00e1j. 22.). <br \/><strong>Irod.:<\/strong> Bicsok-Orb\u00e1n; Gudenus; Kempelen; Lukinich<\/br><\/p>\n","protected":false},"excerpt":{"rendered":"<p>Kv., 1834. jan. 20. \u2020 \u00c1d\u00e1mos, 1899. j\u00fan. 6.: patai birtokos, f\u0151rend. orsz\u00e1ggy. k\u00e9pvisel\u0151 cs. kir. kamar\u00e1s. \u2013 J\u00e1nos Mikl\u00f3s gr (1801\u20131865)\u00e9s J\u00f3sika Jozefa fia.. Megesk\u00fcd\u00f6tt Kv. (1862. okt. 4.) bethleni gr. Bethlen Irma (Bonyha 1844. j\u00fal. 22.\u20131932. m\u00e1j. 30). Gyermekei: Kozma (1864\u20131884), J\u00e1nos. \u00d6r\u00f6kbe fogadta P.-H. Rudolfot (1870\u20131931), akire uralkod\u00f3i enged\u00e9llyel kiterjesztett\u00e9k a Horv\u00e1th-Tholdy [&hellip;]<\/p>\n","protected":false},"featured_media":0,"comment_status":"open","ping_status":"closed","template":"","meta":[],"product_brand":[],"product_cat":[137],"product_tag":[],"class_list":{"0":"post-18200","1":"product","2":"type-product","3":"status-publish","5":"product_cat-maros-megyei-eletrajzi-lexikon","7":"first","8":"instock","9":"shipping-taxable","10":"product-type-simple"},"_links":{"self":[{"href":"https:\/\/uj.adatbank.ro\/lexikon\/wp-json\/wp\/v2\/product\/18200","targetHints":{"allow":["GET"]}}],"collection":[{"href":"https:\/\/uj.adatbank.ro\/lexikon\/wp-json\/wp\/v2\/product"}],"about":[{"href":"https:\/\/uj.adatbank.ro\/lexikon\/wp-json\/wp\/v2\/types\/product"}],"replies":[{"embeddable":true,"href":"https:\/\/uj.adatbank.ro\/lexikon\/wp-json\/wp\/v2\/comments?post=18200"}],"wp:attachment":[{"href":"https:\/\/uj.adatbank.ro\/lexikon\/wp-json\/wp\/v2\/media?parent=18200"}],"wp:term":[{"taxonomy":"product_brand","embeddable":true,"href":"https:\/\/uj.adatbank.ro\/lexikon\/wp-json\/wp\/v2\/product_brand?post=18200"},{"taxonomy":"product_cat","embeddable":true,"href":"https:\/\/uj.adatbank.ro\/lexikon\/wp-json\/wp\/v2\/product_cat?post=18200"},{"taxonomy":"product_tag","embeddable":true,"href":"https:\/\/uj.adatbank.ro\/lexikon\/wp-json\/wp\/v2\/product_tag?post=18200"}],"curies":[{"name":"wp","href":"https:\/\/api.w.org\/{rel}","templated":true}]}}