{"id":18201,"date":"2025-07-16T10:43:08","date_gmt":"2025-07-16T08:43:08","guid":{"rendered":"https:\/\/uj.adatbank.ro\/lexikon\/termek\/petrichevich-horvath-laura-szeplaki-nagy-istvanne\/"},"modified":"2025-07-16T10:43:08","modified_gmt":"2025-07-16T08:43:08","slug":"petrichevich-horvath-laura-szeplaki-nagy-istvanne","status":"publish","type":"product","link":"https:\/\/uj.adatbank.ro\/lexikon\/termek\/petrichevich-horvath-laura-szeplaki-nagy-istvanne\/","title":{"rendered":"PETRICHEVICH-HORV\u00c1TH Laura, sz\u00e9plaki, Nagy Istv\u00e1nn\u00e9"},"content":{"rendered":"<p>Backamadaras, 1874. m\u00e1rc. 6., \u2020 Kolozsv\u00e1r, 1946. \u00e1pr. 16.: f\u00f6ldbirtokos nemes. \u2013 B\u00e9la (1834\u20131912) \u00e9s Macsk\u00e1si Laura l\u00e1nya. F\u00e9rje Ka\u00e1li Nagy Istv\u00e1n. (Esk\u00fcv\u0151 : Backamadaras, 1902. m\u00e1rc. 22.) Ka\u00e1li NAGY Istv\u00e1n, (sz\u00fcl. Ny\u00e1r\u00e1dszentl\u00e1szl\u00f3, Maros-Torda vm., 1868. szept. 22. \u2020 uo. 1917. okt. 5.) Cs. \u00e9s kir. kam. <br \/><strong>Irod.:<\/strong> Gudenus<\/br><\/p>\n","protected":false},"excerpt":{"rendered":"<p>Backamadaras, 1874. m\u00e1rc. 6., \u2020 Kolozsv\u00e1r, 1946. \u00e1pr. 16.: f\u00f6ldbirtokos nemes. \u2013 B\u00e9la (1834\u20131912) \u00e9s Macsk\u00e1si Laura l\u00e1nya. F\u00e9rje Ka\u00e1li Nagy Istv\u00e1n. (Esk\u00fcv\u0151 : Backamadaras, 1902. m\u00e1rc. 22.) Ka\u00e1li NAGY Istv\u00e1n, (sz\u00fcl. Ny\u00e1r\u00e1dszentl\u00e1szl\u00f3, Maros-Torda vm., 1868. szept. 22. \u2020 uo. 1917. okt. 5.) Cs. \u00e9s kir. kam. Irod.: Gudenus<\/p>\n","protected":false},"featured_media":0,"comment_status":"open","ping_status":"closed","template":"","meta":[],"product_brand":[],"product_cat":[137],"product_tag":[],"class_list":{"0":"post-18201","1":"product","2":"type-product","3":"status-publish","5":"product_cat-maros-megyei-eletrajzi-lexikon","7":"first","8":"instock","9":"shipping-taxable","10":"product-type-simple"},"_links":{"self":[{"href":"https:\/\/uj.adatbank.ro\/lexikon\/wp-json\/wp\/v2\/product\/18201","targetHints":{"allow":["GET"]}}],"collection":[{"href":"https:\/\/uj.adatbank.ro\/lexikon\/wp-json\/wp\/v2\/product"}],"about":[{"href":"https:\/\/uj.adatbank.ro\/lexikon\/wp-json\/wp\/v2\/types\/product"}],"replies":[{"embeddable":true,"href":"https:\/\/uj.adatbank.ro\/lexikon\/wp-json\/wp\/v2\/comments?post=18201"}],"wp:attachment":[{"href":"https:\/\/uj.adatbank.ro\/lexikon\/wp-json\/wp\/v2\/media?parent=18201"}],"wp:term":[{"taxonomy":"product_brand","embeddable":true,"href":"https:\/\/uj.adatbank.ro\/lexikon\/wp-json\/wp\/v2\/product_brand?post=18201"},{"taxonomy":"product_cat","embeddable":true,"href":"https:\/\/uj.adatbank.ro\/lexikon\/wp-json\/wp\/v2\/product_cat?post=18201"},{"taxonomy":"product_tag","embeddable":true,"href":"https:\/\/uj.adatbank.ro\/lexikon\/wp-json\/wp\/v2\/product_tag?post=18201"}],"curies":[{"name":"wp","href":"https:\/\/api.w.org\/{rel}","templated":true}]}}