{"id":18202,"date":"2025-07-16T10:43:12","date_gmt":"2025-07-16T08:43:12","guid":{"rendered":"https:\/\/uj.adatbank.ro\/lexikon\/termek\/petrichevich-horvath-lazar-szeplaki\/"},"modified":"2025-07-16T10:43:12","modified_gmt":"2025-07-16T08:43:12","slug":"petrichevich-horvath-lazar-szeplaki","status":"publish","type":"product","link":"https:\/\/uj.adatbank.ro\/lexikon\/termek\/petrichevich-horvath-lazar-szeplaki\/","title":{"rendered":"PETRICHEVICH-HORV\u00c1TH L\u00e1z\u00e1r, sz\u00e9plaki"},"content":{"rendered":"<p>Kv., 1807. m\u00e1j. 17. \u2020 B\u00e9cs, 1851 febr. 5.: \u00edr\u00f3, \u00fajs\u00e1g\u00edr\u00f3. \u2013 P.-H. D\u00e1niel \u00e9s gr. L\u00e1z\u00e1r \u00c9va fia. \u2013 Kv.-on tanult ahol a latin sz\u00f3noklat ter\u00e9n t\u0171nt ki, jogot v\u00e9gzett; Mv.-en a Kir\u00e1lyi T\u00e1bl\u00e1n\u00e1l tanult (1829); gyakornok a nagyszebeni Kir\u00e1lyi Kincst\u00e1rn\u00e1l; Kv.-on a kir.f\u0151korm\u00e1nysz\u00e9k mellett mint tiszteletbeli fogalmaz\u00f3; lemondott a hivatalos p\u00e1ly\u00e1r\u00f3l (1834), \u00f6nk\u00e9pz\u00e9ssel \u00e9s kiz\u00e1r\u00f3lag irodalommal foglal\u00adkozott, lak\u00e1s\u00e1n matin\u00e9kat rendezett, \u00e9s sz\u00edv\u00advel-l\u00e9lekkel a konzervat\u00edv arisztokr\u00e1cia irod. t\u00f6rekv\u00e9seit t\u00e1mogatta. Pestre k\u00f6lt\u00f6z\u00f6tt (1836\u2013); szerkesztette a Honder\u0171 c. sz\u00e9pirodalmi \u00e9s divatlapot (1843\u201348); a MTA levelez\u0151 tagja lett (1844); k\u00fclf\u00f6ldi utaz\u00e1st tett Nemeto. Franciao., G\u00f6r\u00f6go, T\u00f6r\u00f6ko. Konstantin\u00e1poly, Sziria, Jeruzs\u00e1lem, Palesztina, Egyiptom, N\u00e1poly (1845\u201350), Hamburgba in\u00addult (1851), de \u00fatk\u00f6zben B\u00e9csben meghalt. \u2013 <strong>F. m.:<\/strong> Az elb\u00fajdosott , vagy egy t\u00e9l a f\u0151v\u00e1rosban (reg.; Kv., 1836); Petrichevich Horv\u00e1th L\u00e1z\u00e1r munk\u00e1i 1\u20139. k. (Pest-Buda, 1842\u201343); Szent s\u00edr (Pest, 1854); P. H. L., b\u00e1r\u00f3 P. H. J\u00e1\u00adnos, b\u00e1r\u00f3 P. H. K\u00e1roly napl\u00f3ja. (P\u00e9cs, 1941); Napl\u00f3ja br. P. Horv\u00e1th Emil A Petrichevich Horv\u00e1th csal\u00e1d napl\u00f3i 2. r\u00e9sz 3. k. (Bp., 1942) <br \/><strong>Irod.:<\/strong>Nagy Iv\u00e1n; P\u00e1lffy; Sikl\u00f3ssy L\u00e1szl\u00f3; Szinnyei; Szinnyei J. Szont\u00e1gh Guszt\u00e1v irodalmi b\u00edr\u00e1latai (Bp., 1929), Toldy; \u00dajabbkori ismeretek t\u00e1ra (Pest, 1850\u201355); \u00daM\u00c9L<\/br><\/p>\n","protected":false},"excerpt":{"rendered":"<p>Kv., 1807. m\u00e1j. 17. \u2020 B\u00e9cs, 1851 febr. 5.: \u00edr\u00f3, \u00fajs\u00e1g\u00edr\u00f3. \u2013 P.-H. D\u00e1niel \u00e9s gr. L\u00e1z\u00e1r \u00c9va fia. \u2013 Kv.-on tanult ahol a latin sz\u00f3noklat ter\u00e9n t\u0171nt ki, jogot v\u00e9gzett; Mv.-en a Kir\u00e1lyi T\u00e1bl\u00e1n\u00e1l tanult (1829); gyakornok a nagyszebeni Kir\u00e1lyi Kincst\u00e1rn\u00e1l; Kv.-on a kir.f\u0151korm\u00e1nysz\u00e9k mellett mint tiszteletbeli fogalmaz\u00f3; lemondott a hivatalos p\u00e1ly\u00e1r\u00f3l (1834), \u00f6nk\u00e9pz\u00e9ssel [&hellip;]<\/p>\n","protected":false},"featured_media":0,"comment_status":"open","ping_status":"closed","template":"","meta":[],"product_brand":[],"product_cat":[137],"product_tag":[],"class_list":{"0":"post-18202","1":"product","2":"type-product","3":"status-publish","5":"product_cat-maros-megyei-eletrajzi-lexikon","7":"first","8":"instock","9":"shipping-taxable","10":"product-type-simple"},"_links":{"self":[{"href":"https:\/\/uj.adatbank.ro\/lexikon\/wp-json\/wp\/v2\/product\/18202","targetHints":{"allow":["GET"]}}],"collection":[{"href":"https:\/\/uj.adatbank.ro\/lexikon\/wp-json\/wp\/v2\/product"}],"about":[{"href":"https:\/\/uj.adatbank.ro\/lexikon\/wp-json\/wp\/v2\/types\/product"}],"replies":[{"embeddable":true,"href":"https:\/\/uj.adatbank.ro\/lexikon\/wp-json\/wp\/v2\/comments?post=18202"}],"wp:attachment":[{"href":"https:\/\/uj.adatbank.ro\/lexikon\/wp-json\/wp\/v2\/media?parent=18202"}],"wp:term":[{"taxonomy":"product_brand","embeddable":true,"href":"https:\/\/uj.adatbank.ro\/lexikon\/wp-json\/wp\/v2\/product_brand?post=18202"},{"taxonomy":"product_cat","embeddable":true,"href":"https:\/\/uj.adatbank.ro\/lexikon\/wp-json\/wp\/v2\/product_cat?post=18202"},{"taxonomy":"product_tag","embeddable":true,"href":"https:\/\/uj.adatbank.ro\/lexikon\/wp-json\/wp\/v2\/product_tag?post=18202"}],"curies":[{"name":"wp","href":"https:\/\/api.w.org\/{rel}","templated":true}]}}