{"id":18203,"date":"2025-07-16T10:43:15","date_gmt":"2025-07-16T08:43:15","guid":{"rendered":"https:\/\/uj.adatbank.ro\/lexikon\/termek\/petrichevich-horvath-maria-szeplaki-jarmy-tiborne\/"},"modified":"2025-07-16T10:43:15","modified_gmt":"2025-07-16T08:43:15","slug":"petrichevich-horvath-maria-szeplaki-jarmy-tiborne","status":"publish","type":"product","link":"https:\/\/uj.adatbank.ro\/lexikon\/termek\/petrichevich-horvath-maria-szeplaki-jarmy-tiborne\/","title":{"rendered":"PETRICHEVICH-HORV\u00c1TH M\u00e1ria, sz\u00e9plaki; J\u00e1rmy Tiborn\u00e9"},"content":{"rendered":"<p>Backamadaras, 1904. aug. 15., \u2020 Bp., 1987. nov. 21. \u2013 G\u00e1bor (1875\u20131905) \u00e9s Szentkir\u00e1lyi Margit l\u00e1nya. F\u00e9rje szolnoki J\u00e1rmy Tibor (* 1894. VIII. 12.) Esk. 1924. III. 1. <br \/><strong>Irod.:<\/strong> Gudenus; Kempelen<\/br><\/p>\n","protected":false},"excerpt":{"rendered":"<p>Backamadaras, 1904. aug. 15., \u2020 Bp., 1987. nov. 21. \u2013 G\u00e1bor (1875\u20131905) \u00e9s Szentkir\u00e1lyi Margit l\u00e1nya. F\u00e9rje szolnoki J\u00e1rmy Tibor (* 1894. VIII. 12.) Esk. 1924. III. 1. Irod.: Gudenus; Kempelen<\/p>\n","protected":false},"featured_media":0,"comment_status":"open","ping_status":"closed","template":"","meta":[],"product_brand":[],"product_cat":[137],"product_tag":[],"class_list":{"0":"post-18203","1":"product","2":"type-product","3":"status-publish","5":"product_cat-maros-megyei-eletrajzi-lexikon","7":"first","8":"instock","9":"shipping-taxable","10":"product-type-simple"},"_links":{"self":[{"href":"https:\/\/uj.adatbank.ro\/lexikon\/wp-json\/wp\/v2\/product\/18203","targetHints":{"allow":["GET"]}}],"collection":[{"href":"https:\/\/uj.adatbank.ro\/lexikon\/wp-json\/wp\/v2\/product"}],"about":[{"href":"https:\/\/uj.adatbank.ro\/lexikon\/wp-json\/wp\/v2\/types\/product"}],"replies":[{"embeddable":true,"href":"https:\/\/uj.adatbank.ro\/lexikon\/wp-json\/wp\/v2\/comments?post=18203"}],"wp:attachment":[{"href":"https:\/\/uj.adatbank.ro\/lexikon\/wp-json\/wp\/v2\/media?parent=18203"}],"wp:term":[{"taxonomy":"product_brand","embeddable":true,"href":"https:\/\/uj.adatbank.ro\/lexikon\/wp-json\/wp\/v2\/product_brand?post=18203"},{"taxonomy":"product_cat","embeddable":true,"href":"https:\/\/uj.adatbank.ro\/lexikon\/wp-json\/wp\/v2\/product_cat?post=18203"},{"taxonomy":"product_tag","embeddable":true,"href":"https:\/\/uj.adatbank.ro\/lexikon\/wp-json\/wp\/v2\/product_tag?post=18203"}],"curies":[{"name":"wp","href":"https:\/\/api.w.org\/{rel}","templated":true}]}}