{"id":18204,"date":"2025-07-16T10:43:18","date_gmt":"2025-07-16T08:43:18","guid":{"rendered":"https:\/\/uj.adatbank.ro\/lexikon\/termek\/petrichevich-horvath-melania-szeplaki-br\/"},"modified":"2025-07-16T10:43:18","modified_gmt":"2025-07-16T08:43:18","slug":"petrichevich-horvath-melania-szeplaki-br","status":"publish","type":"product","link":"https:\/\/uj.adatbank.ro\/lexikon\/termek\/petrichevich-horvath-melania-szeplaki-br\/","title":{"rendered":"PETRICHEVICH-HORV\u00c1TH Mel\u00e1nia, sz\u00e9plaki br."},"content":{"rendered":"<p>Kv., 1877. jan. 19., \u2020 Mv., 1949. j\u00fal. 17 : birtokos b\u00e1r\u00f3n\u0151. \u2013 K\u00e1lm\u00e1n (1840\u20131926) \u00e9s gr. Cs\u00e1ky Katalin l\u00e1nya. F\u00e9rjhez ment : Fels\u0151zsuk, 1906. nov. 30. Nagyv\u00e1radi Incz\u00e9dy-Jocksmann \u00d6d\u00f6nh\u00f6z (, sz\u00fcl. Gyulafeh\u00e9rv\u00e1r, 1878. j\u00fan. 6. \u2020 Kv., 1947. okt. 28.) Als\u00f3-Feh\u00e9r vm. alisp\u00e1nja, Kolozsv\u00e1r szabad kir. v\u00e1ros \u00e9s Kolozs vm. f\u0151isp\u00e1nja volt. <br \/><strong>Irod.:<\/strong> Gudenus.<\/br><\/p>\n","protected":false},"excerpt":{"rendered":"<p>Kv., 1877. jan. 19., \u2020 Mv., 1949. j\u00fal. 17 : birtokos b\u00e1r\u00f3n\u0151. \u2013 K\u00e1lm\u00e1n (1840\u20131926) \u00e9s gr. Cs\u00e1ky Katalin l\u00e1nya. F\u00e9rjhez ment : Fels\u0151zsuk, 1906. nov. 30. Nagyv\u00e1radi Incz\u00e9dy-Jocksmann \u00d6d\u00f6nh\u00f6z (, sz\u00fcl. Gyulafeh\u00e9rv\u00e1r, 1878. j\u00fan. 6. \u2020 Kv., 1947. okt. 28.) Als\u00f3-Feh\u00e9r vm. alisp\u00e1nja, Kolozsv\u00e1r szabad kir. v\u00e1ros \u00e9s Kolozs vm. f\u0151isp\u00e1nja volt. Irod.: Gudenus.<\/p>\n","protected":false},"featured_media":0,"comment_status":"open","ping_status":"closed","template":"","meta":[],"product_brand":[],"product_cat":[137],"product_tag":[],"class_list":{"0":"post-18204","1":"product","2":"type-product","3":"status-publish","5":"product_cat-maros-megyei-eletrajzi-lexikon","7":"first","8":"instock","9":"shipping-taxable","10":"product-type-simple"},"_links":{"self":[{"href":"https:\/\/uj.adatbank.ro\/lexikon\/wp-json\/wp\/v2\/product\/18204","targetHints":{"allow":["GET"]}}],"collection":[{"href":"https:\/\/uj.adatbank.ro\/lexikon\/wp-json\/wp\/v2\/product"}],"about":[{"href":"https:\/\/uj.adatbank.ro\/lexikon\/wp-json\/wp\/v2\/types\/product"}],"replies":[{"embeddable":true,"href":"https:\/\/uj.adatbank.ro\/lexikon\/wp-json\/wp\/v2\/comments?post=18204"}],"wp:attachment":[{"href":"https:\/\/uj.adatbank.ro\/lexikon\/wp-json\/wp\/v2\/media?parent=18204"}],"wp:term":[{"taxonomy":"product_brand","embeddable":true,"href":"https:\/\/uj.adatbank.ro\/lexikon\/wp-json\/wp\/v2\/product_brand?post=18204"},{"taxonomy":"product_cat","embeddable":true,"href":"https:\/\/uj.adatbank.ro\/lexikon\/wp-json\/wp\/v2\/product_cat?post=18204"},{"taxonomy":"product_tag","embeddable":true,"href":"https:\/\/uj.adatbank.ro\/lexikon\/wp-json\/wp\/v2\/product_tag?post=18204"}],"curies":[{"name":"wp","href":"https:\/\/api.w.org\/{rel}","templated":true}]}}