{"id":18205,"date":"2025-07-16T10:43:19","date_gmt":"2025-07-16T08:43:19","guid":{"rendered":"https:\/\/uj.adatbank.ro\/lexikon\/termek\/petrichevich-horvath-miklos\/"},"modified":"2025-07-16T10:43:19","modified_gmt":"2025-07-16T08:43:19","slug":"petrichevich-horvath-miklos","status":"publish","type":"product","link":"https:\/\/uj.adatbank.ro\/lexikon\/termek\/petrichevich-horvath-miklos\/","title":{"rendered":"PETRICHEVICH-HORV\u00c1TH Mikl\u00f3s"},"content":{"rendered":"<p>1724. \u2020 Sz\u00e9plak (Kolozs) 1781. \u00e1pr. 3.:. \u2013 Fels\u00e9ge b\u00e1gyoni V\u00e1r\u00f3 Erzs\u00e9bet (* 1734.; \u2020 1798. j\u00fan, 26. esk. S\u00f6v\u00e9nyfalva 1754. j\u00fan., 9.). le\u00e1nya Zs\u00f3fia- P. H. Ferencn\u00e9. <br \/><strong>Irod.:<\/strong> Kempelen<\/br><\/p>\n","protected":false},"excerpt":{"rendered":"<p>1724. \u2020 Sz\u00e9plak (Kolozs) 1781. \u00e1pr. 3.:. \u2013 Fels\u00e9ge b\u00e1gyoni V\u00e1r\u00f3 Erzs\u00e9bet (* 1734.; \u2020 1798. j\u00fan, 26. esk. S\u00f6v\u00e9nyfalva 1754. j\u00fan., 9.). le\u00e1nya Zs\u00f3fia- P. H. Ferencn\u00e9. Irod.: Kempelen<\/p>\n","protected":false},"featured_media":0,"comment_status":"open","ping_status":"closed","template":"","meta":[],"product_brand":[],"product_cat":[137],"product_tag":[],"class_list":{"0":"post-18205","1":"product","2":"type-product","3":"status-publish","5":"product_cat-maros-megyei-eletrajzi-lexikon","7":"first","8":"instock","9":"shipping-taxable","10":"product-type-simple"},"_links":{"self":[{"href":"https:\/\/uj.adatbank.ro\/lexikon\/wp-json\/wp\/v2\/product\/18205","targetHints":{"allow":["GET"]}}],"collection":[{"href":"https:\/\/uj.adatbank.ro\/lexikon\/wp-json\/wp\/v2\/product"}],"about":[{"href":"https:\/\/uj.adatbank.ro\/lexikon\/wp-json\/wp\/v2\/types\/product"}],"replies":[{"embeddable":true,"href":"https:\/\/uj.adatbank.ro\/lexikon\/wp-json\/wp\/v2\/comments?post=18205"}],"wp:attachment":[{"href":"https:\/\/uj.adatbank.ro\/lexikon\/wp-json\/wp\/v2\/media?parent=18205"}],"wp:term":[{"taxonomy":"product_brand","embeddable":true,"href":"https:\/\/uj.adatbank.ro\/lexikon\/wp-json\/wp\/v2\/product_brand?post=18205"},{"taxonomy":"product_cat","embeddable":true,"href":"https:\/\/uj.adatbank.ro\/lexikon\/wp-json\/wp\/v2\/product_cat?post=18205"},{"taxonomy":"product_tag","embeddable":true,"href":"https:\/\/uj.adatbank.ro\/lexikon\/wp-json\/wp\/v2\/product_tag?post=18205"}],"curies":[{"name":"wp","href":"https:\/\/api.w.org\/{rel}","templated":true}]}}