{"id":18206,"date":"2025-07-16T10:43:23","date_gmt":"2025-07-16T08:43:23","guid":{"rendered":"https:\/\/uj.adatbank.ro\/lexikon\/termek\/petrichevich-horvath-miklos-horvath-miklos-perityevit-miklos-szeplaki\/"},"modified":"2025-07-16T10:43:23","modified_gmt":"2025-07-16T08:43:23","slug":"petrichevich-horvath-miklos-horvath-miklos-perityevit-miklos-szeplaki","status":"publish","type":"product","link":"https:\/\/uj.adatbank.ro\/lexikon\/termek\/petrichevich-horvath-miklos-horvath-miklos-perityevit-miklos-szeplaki\/","title":{"rendered":"PETRICHEVICH-HORV\u00c1TH Mikl\u00f3s, Horv\u00e1th Mikl\u00f3s, Perity\u00e9vit Mikl\u00f3s, sz\u00e9plaki"},"content":{"rendered":"<p>Sz\u00e9plak, 1585. \u2020 Jedd, 1654. \u00e1pr. 12.: f\u00f6ldbirtokos. \u2013 I. Mikl\u00f3s unok\u00e1ja. Feles\u00e9ge nagyercsei Toldalaghi Borb\u00e1la (* 1606. XII\/3. \u2020 Sz\u00e9plak, 1647. dec. 22.). Gyermekei: Kozma (1634\u20131690), Ferenc (1647\u20131699) -\u0151k alap\u00edtott\u00e1k a csal\u00e1d k\u00e9t f\u0151 \u00e1g\u00e1t. <br \/><strong>Irod.:<\/strong> Bicsok-Orb\u00e1n; Gudenus; Kempelen<\/br><\/p>\n","protected":false},"excerpt":{"rendered":"<p>Sz\u00e9plak, 1585. \u2020 Jedd, 1654. \u00e1pr. 12.: f\u00f6ldbirtokos. \u2013 I. Mikl\u00f3s unok\u00e1ja. Feles\u00e9ge nagyercsei Toldalaghi Borb\u00e1la (* 1606. XII\/3. \u2020 Sz\u00e9plak, 1647. dec. 22.). Gyermekei: Kozma (1634\u20131690), Ferenc (1647\u20131699) -\u0151k alap\u00edtott\u00e1k a csal\u00e1d k\u00e9t f\u0151 \u00e1g\u00e1t. Irod.: Bicsok-Orb\u00e1n; Gudenus; Kempelen<\/p>\n","protected":false},"featured_media":0,"comment_status":"open","ping_status":"closed","template":"","meta":[],"product_brand":[],"product_cat":[137],"product_tag":[],"class_list":{"0":"post-18206","1":"product","2":"type-product","3":"status-publish","5":"product_cat-maros-megyei-eletrajzi-lexikon","7":"first","8":"instock","9":"shipping-taxable","10":"product-type-simple"},"_links":{"self":[{"href":"https:\/\/uj.adatbank.ro\/lexikon\/wp-json\/wp\/v2\/product\/18206","targetHints":{"allow":["GET"]}}],"collection":[{"href":"https:\/\/uj.adatbank.ro\/lexikon\/wp-json\/wp\/v2\/product"}],"about":[{"href":"https:\/\/uj.adatbank.ro\/lexikon\/wp-json\/wp\/v2\/types\/product"}],"replies":[{"embeddable":true,"href":"https:\/\/uj.adatbank.ro\/lexikon\/wp-json\/wp\/v2\/comments?post=18206"}],"wp:attachment":[{"href":"https:\/\/uj.adatbank.ro\/lexikon\/wp-json\/wp\/v2\/media?parent=18206"}],"wp:term":[{"taxonomy":"product_brand","embeddable":true,"href":"https:\/\/uj.adatbank.ro\/lexikon\/wp-json\/wp\/v2\/product_brand?post=18206"},{"taxonomy":"product_cat","embeddable":true,"href":"https:\/\/uj.adatbank.ro\/lexikon\/wp-json\/wp\/v2\/product_cat?post=18206"},{"taxonomy":"product_tag","embeddable":true,"href":"https:\/\/uj.adatbank.ro\/lexikon\/wp-json\/wp\/v2\/product_tag?post=18206"}],"curies":[{"name":"wp","href":"https:\/\/api.w.org\/{rel}","templated":true}]}}