{"id":18208,"date":"2025-07-16T10:43:27","date_gmt":"2025-07-16T08:43:27","guid":{"rendered":"https:\/\/uj.adatbank.ro\/lexikon\/termek\/petrichevich-horvath-miklos-szeplaki-perityevit-horvath-miklos\/"},"modified":"2025-07-16T10:43:27","modified_gmt":"2025-07-16T08:43:27","slug":"petrichevich-horvath-miklos-szeplaki-perityevit-horvath-miklos","status":"publish","type":"product","link":"https:\/\/uj.adatbank.ro\/lexikon\/termek\/petrichevich-horvath-miklos-szeplaki-perityevit-horvath-miklos\/","title":{"rendered":"PETRICHEVICH-HORV\u00c1TH Mikl\u00f3s, sz\u00e9plaki Perity\u00e9vit Horv\u00e1th Mikl\u00f3s"},"content":{"rendered":"<p>1766.? \u2020\u00a0Mv., 1814. j\u00fan. 14., Sz\u00e9plakon temett\u00e9k: jegyz\u0151, b\u00edr\u00f3, gondnok. \u2013 H. Boldizs\u00e1r unok\u00e1ja. Testv\u00e9re: P. Horv\u00e1th Ther\u00e9zia D\u00e1niel Elekn\u00e9. \u2013 K\u00fck\u00fcll\u0151megye jegyz\u0151je, orsz. t\u00e1blai bir\u00f3, a Kir. F\u0151-igazgat\u00f3 tan\u00e1cs mellett gubern\u00e1lis concipista (14 \u00e9vig), a kir. t\u00e1bl\u00e1n\u00e1l assessor (8 \u00e9vig) \u00fcln\u00f6k, unit\u00e1rius f\u0151gondnok (1805. j\u00fal. 1.\u20131814). Sz\u00e1ll\u00e1sa volt Mv.-en, k\u00fck\u00fcll\u0151megyei j\u00f3sz\u00e1ga \u00e9s als\u00f3j\u00e1r\u00e1ban birtoka. <br \/><strong>Irod.:<\/strong> Gy\u00e1szjelent\u0151; Halotti besz\u00e9dek; Kempelen; K\u0151v\u00e1ry L\u00e1szl\u00f3 1899; Nagy Iv\u00e1n; Sas P\u00e9ter: Kelemen Lajos kiadatlan \u00f6ssze\u00edr\u00e1saib\u00f3l (M\u0171vel\u0151d\u00e9s, 10. sz., 2011.)<\/br><\/p>\n","protected":false},"excerpt":{"rendered":"<p>1766.? \u2020\u00a0Mv., 1814. j\u00fan. 14., Sz\u00e9plakon temett\u00e9k: jegyz\u0151, b\u00edr\u00f3, gondnok. \u2013 H. Boldizs\u00e1r unok\u00e1ja. Testv\u00e9re: P. Horv\u00e1th Ther\u00e9zia D\u00e1niel Elekn\u00e9. \u2013 K\u00fck\u00fcll\u0151megye jegyz\u0151je, orsz. t\u00e1blai bir\u00f3, a Kir. F\u0151-igazgat\u00f3 tan\u00e1cs mellett gubern\u00e1lis concipista (14 \u00e9vig), a kir. t\u00e1bl\u00e1n\u00e1l assessor (8 \u00e9vig) \u00fcln\u00f6k, unit\u00e1rius f\u0151gondnok (1805. j\u00fal. 1.\u20131814). Sz\u00e1ll\u00e1sa volt Mv.-en, k\u00fck\u00fcll\u0151megyei j\u00f3sz\u00e1ga \u00e9s als\u00f3j\u00e1r\u00e1ban birtoka. [&hellip;]<\/p>\n","protected":false},"featured_media":0,"comment_status":"open","ping_status":"closed","template":"","meta":[],"product_brand":[],"product_cat":[137],"product_tag":[],"class_list":{"0":"post-18208","1":"product","2":"type-product","3":"status-publish","5":"product_cat-maros-megyei-eletrajzi-lexikon","7":"first","8":"instock","9":"shipping-taxable","10":"product-type-simple"},"_links":{"self":[{"href":"https:\/\/uj.adatbank.ro\/lexikon\/wp-json\/wp\/v2\/product\/18208","targetHints":{"allow":["GET"]}}],"collection":[{"href":"https:\/\/uj.adatbank.ro\/lexikon\/wp-json\/wp\/v2\/product"}],"about":[{"href":"https:\/\/uj.adatbank.ro\/lexikon\/wp-json\/wp\/v2\/types\/product"}],"replies":[{"embeddable":true,"href":"https:\/\/uj.adatbank.ro\/lexikon\/wp-json\/wp\/v2\/comments?post=18208"}],"wp:attachment":[{"href":"https:\/\/uj.adatbank.ro\/lexikon\/wp-json\/wp\/v2\/media?parent=18208"}],"wp:term":[{"taxonomy":"product_brand","embeddable":true,"href":"https:\/\/uj.adatbank.ro\/lexikon\/wp-json\/wp\/v2\/product_brand?post=18208"},{"taxonomy":"product_cat","embeddable":true,"href":"https:\/\/uj.adatbank.ro\/lexikon\/wp-json\/wp\/v2\/product_cat?post=18208"},{"taxonomy":"product_tag","embeddable":true,"href":"https:\/\/uj.adatbank.ro\/lexikon\/wp-json\/wp\/v2\/product_tag?post=18208"}],"curies":[{"name":"wp","href":"https:\/\/api.w.org\/{rel}","templated":true}]}}