{"id":18209,"date":"2025-07-16T10:43:29","date_gmt":"2025-07-16T08:43:29","guid":{"rendered":"https:\/\/uj.adatbank.ro\/lexikon\/termek\/petrichevich-horvath-miklos-radoczi\/"},"modified":"2025-07-16T10:43:29","modified_gmt":"2025-07-16T08:43:29","slug":"petrichevich-horvath-miklos-radoczi","status":"publish","type":"product","link":"https:\/\/uj.adatbank.ro\/lexikon\/termek\/petrichevich-horvath-miklos-radoczi\/","title":{"rendered":"PETRICHEVICH-HORV\u00c1TH Mikl\u00f3s; rad\u00f3czi"},"content":{"rendered":"<p>1499, \u2020\u00a0K\u00fck\u00fcll\u0151sz\u00e9plak, 1563. febr. 14, : f\u00f6ldbirtokos. \u2013 A XVI. sz. k\u00f6zep\u00e9n k\u00f6lt\u00f6z\u00f6tt Horv\u00e1to.-b\u00f3l Erd\u00e9lybe (1548. k.). \u0150 az erd\u00e9lyi \u00e1g megalap\u00edt\u00f3ja. A szint\u00e9n horv\u00e1th sz\u00e1rmaz\u00e1s\u00fa Martinuzzi Gy\u00f6rgy zsoldoskapit\u00e1nya, Izabella kir\u00e1lyn\u00e9 kancell\u00e1ri\u00e1j\u00e1nak tagja. Els\u0151 feles\u00e9ge Dalm\u00e1ci\u00e1ban cs\u00e1holymonostori Ch\u00e1holy Katalin. Feles\u00e9ge unokafiv\u00e9r\u00e9vel \u00e9s s\u00f3gor\u00e1val, brebiri Melith Gy\u00f6rggyel megszerezte a cs\u00e1holyi uradalmat (48 falu). Feles\u00e9ge gyermektelen\u00fcl halt meg (1548. m\u00e1rc. 22.), birtokr\u00e9sz\u00e9t eladta s\u00f3gorn\u0151j\u00e9nek, Melith Gy\u00f6rgyn\u00e9 sz\u00fcl. Ch\u00e1holy Ann\u00e1nak 1700 arany forint\u00e9rt. Dalm\u00e1ci\u00e1b\u00f3l Erd\u00e9lybe k\u00f6lt\u00f6z\u00f6tt, megn\u0151s\u00fclt m\u00e1sodik feles\u00e9ge Mikola L\u00e1szl\u00f3 erd\u00e9lyi alvajda mostohale\u00e1nya, sz\u00e9plaki Both Anna, vele megszerezte (1554.) a sz\u00e9plaki birtokot, amely a csal\u00e1d birtok\u00e1ban volt \u00e9vsz\u00e1zadokig, a csal\u00e1d erd\u00e9lyi \u00e1ga el\u0151nev\u00e9t innen kapta. <br \/><strong>Irod.:<\/strong> Bicsok-Orb\u00e1n; Boros Gy\u00f6rgy: B\u00e1r\u00f3 Petrichevich-Horv\u00e1th K\u00e1lm\u00e1n \u00e9s el\u0151dei (Cluj-Kv., 1929); Kelemen Lajos 2006; Nagy Iv\u00e1n; Ol\u00e1h-G\u00e1l Elvira besz\u00e9lget\u00e9se gr. Petrichevich-Horv\u00e1th-Tholdy P\u00e9terrel (Sz\u00e9kelyf\u00f6ld, 4. sz., 2015. \u00e1pr.)<\/br><\/p>\n","protected":false},"excerpt":{"rendered":"<p>1499, \u2020\u00a0K\u00fck\u00fcll\u0151sz\u00e9plak, 1563. febr. 14, : f\u00f6ldbirtokos. \u2013 A XVI. sz. k\u00f6zep\u00e9n k\u00f6lt\u00f6z\u00f6tt Horv\u00e1to.-b\u00f3l Erd\u00e9lybe (1548. k.). \u0150 az erd\u00e9lyi \u00e1g megalap\u00edt\u00f3ja. A szint\u00e9n horv\u00e1th sz\u00e1rmaz\u00e1s\u00fa Martinuzzi Gy\u00f6rgy zsoldoskapit\u00e1nya, Izabella kir\u00e1lyn\u00e9 kancell\u00e1ri\u00e1j\u00e1nak tagja. Els\u0151 feles\u00e9ge Dalm\u00e1ci\u00e1ban cs\u00e1holymonostori Ch\u00e1holy Katalin. Feles\u00e9ge unokafiv\u00e9r\u00e9vel \u00e9s s\u00f3gor\u00e1val, brebiri Melith Gy\u00f6rggyel megszerezte a cs\u00e1holyi uradalmat (48 falu). Feles\u00e9ge gyermektelen\u00fcl halt [&hellip;]<\/p>\n","protected":false},"featured_media":0,"comment_status":"open","ping_status":"closed","template":"","meta":[],"product_brand":[],"product_cat":[137],"product_tag":[],"class_list":{"0":"post-18209","1":"product","2":"type-product","3":"status-publish","5":"product_cat-maros-megyei-eletrajzi-lexikon","7":"first","8":"instock","9":"shipping-taxable","10":"product-type-simple"},"_links":{"self":[{"href":"https:\/\/uj.adatbank.ro\/lexikon\/wp-json\/wp\/v2\/product\/18209","targetHints":{"allow":["GET"]}}],"collection":[{"href":"https:\/\/uj.adatbank.ro\/lexikon\/wp-json\/wp\/v2\/product"}],"about":[{"href":"https:\/\/uj.adatbank.ro\/lexikon\/wp-json\/wp\/v2\/types\/product"}],"replies":[{"embeddable":true,"href":"https:\/\/uj.adatbank.ro\/lexikon\/wp-json\/wp\/v2\/comments?post=18209"}],"wp:attachment":[{"href":"https:\/\/uj.adatbank.ro\/lexikon\/wp-json\/wp\/v2\/media?parent=18209"}],"wp:term":[{"taxonomy":"product_brand","embeddable":true,"href":"https:\/\/uj.adatbank.ro\/lexikon\/wp-json\/wp\/v2\/product_brand?post=18209"},{"taxonomy":"product_cat","embeddable":true,"href":"https:\/\/uj.adatbank.ro\/lexikon\/wp-json\/wp\/v2\/product_cat?post=18209"},{"taxonomy":"product_tag","embeddable":true,"href":"https:\/\/uj.adatbank.ro\/lexikon\/wp-json\/wp\/v2\/product_tag?post=18209"}],"curies":[{"name":"wp","href":"https:\/\/api.w.org\/{rel}","templated":true}]}}