{"id":18210,"date":"2025-07-16T10:43:31","date_gmt":"2025-07-16T08:43:31","guid":{"rendered":"https:\/\/uj.adatbank.ro\/lexikon\/termek\/petrichevich-horvath-roza-szeplaki-br-daniel-imrene\/"},"modified":"2025-07-16T10:43:31","modified_gmt":"2025-07-16T08:43:31","slug":"petrichevich-horvath-roza-szeplaki-br-daniel-imrene","status":"publish","type":"product","link":"https:\/\/uj.adatbank.ro\/lexikon\/termek\/petrichevich-horvath-roza-szeplaki-br-daniel-imrene\/","title":{"rendered":"PETRICHEVICH-HORV\u00c1TH R\u00f3za, sz\u00e9plaki br, Daniel Imr\u00e9n\u00e9"},"content":{"rendered":"<p>Mv., 1829. m\u00e1rc. 10; 1830. j\u00fan. 5. \u2020 Backamadaras 1891. m\u00e1j. 26.: birtokos b\u00e1r\u00f3n\u0151. \u2013 Albert (1801\u20131874) \u00e9s z\u00e1goni Szentkereszthy Zsuzsanna l\u00e1nya. F\u00e9rje vargyasi Daniel Imre (Esk. Mv, 1859. V. 10), Cs\u00edk v\u00e1rmegye f\u0151isp\u00e1nja (* Magyarbikal 1809. szept. 10. \u2020 Vargyas 1869. \u00e1pr., 29.). Gyermekei: Istv\u00e1n, B\u00e9la, Imre, Zsuzsa. <br \/><strong>Irod.:<\/strong> Gudenus; Kempelen; P\u00e1lmay 4.<\/br><\/p>\n","protected":false},"excerpt":{"rendered":"<p>Mv., 1829. m\u00e1rc. 10; 1830. j\u00fan. 5. \u2020 Backamadaras 1891. m\u00e1j. 26.: birtokos b\u00e1r\u00f3n\u0151. \u2013 Albert (1801\u20131874) \u00e9s z\u00e1goni Szentkereszthy Zsuzsanna l\u00e1nya. F\u00e9rje vargyasi Daniel Imre (Esk. Mv, 1859. V. 10), Cs\u00edk v\u00e1rmegye f\u0151isp\u00e1nja (* Magyarbikal 1809. szept. 10. \u2020 Vargyas 1869. \u00e1pr., 29.). Gyermekei: Istv\u00e1n, B\u00e9la, Imre, Zsuzsa. Irod.: Gudenus; Kempelen; P\u00e1lmay 4.<\/p>\n","protected":false},"featured_media":0,"comment_status":"open","ping_status":"closed","template":"","meta":[],"product_brand":[],"product_cat":[137],"product_tag":[],"class_list":{"0":"post-18210","1":"product","2":"type-product","3":"status-publish","5":"product_cat-maros-megyei-eletrajzi-lexikon","7":"first","8":"instock","9":"shipping-taxable","10":"product-type-simple"},"_links":{"self":[{"href":"https:\/\/uj.adatbank.ro\/lexikon\/wp-json\/wp\/v2\/product\/18210","targetHints":{"allow":["GET"]}}],"collection":[{"href":"https:\/\/uj.adatbank.ro\/lexikon\/wp-json\/wp\/v2\/product"}],"about":[{"href":"https:\/\/uj.adatbank.ro\/lexikon\/wp-json\/wp\/v2\/types\/product"}],"replies":[{"embeddable":true,"href":"https:\/\/uj.adatbank.ro\/lexikon\/wp-json\/wp\/v2\/comments?post=18210"}],"wp:attachment":[{"href":"https:\/\/uj.adatbank.ro\/lexikon\/wp-json\/wp\/v2\/media?parent=18210"}],"wp:term":[{"taxonomy":"product_brand","embeddable":true,"href":"https:\/\/uj.adatbank.ro\/lexikon\/wp-json\/wp\/v2\/product_brand?post=18210"},{"taxonomy":"product_cat","embeddable":true,"href":"https:\/\/uj.adatbank.ro\/lexikon\/wp-json\/wp\/v2\/product_cat?post=18210"},{"taxonomy":"product_tag","embeddable":true,"href":"https:\/\/uj.adatbank.ro\/lexikon\/wp-json\/wp\/v2\/product_tag?post=18210"}],"curies":[{"name":"wp","href":"https:\/\/api.w.org\/{rel}","templated":true}]}}