{"id":18212,"date":"2025-07-16T10:43:35","date_gmt":"2025-07-16T08:43:35","guid":{"rendered":"https:\/\/uj.adatbank.ro\/lexikon\/termek\/petrichevich-horvath-samuel-szeplaki-br\/"},"modified":"2025-07-16T10:43:35","modified_gmt":"2025-07-16T08:43:35","slug":"petrichevich-horvath-samuel-szeplaki-br","status":"publish","type":"product","link":"https:\/\/uj.adatbank.ro\/lexikon\/termek\/petrichevich-horvath-samuel-szeplaki-br\/","title":{"rendered":"PETRICHEVICH-HORV\u00c1TH S\u00e1muel, sz\u00e9plaki br."},"content":{"rendered":"<p>Brass\u00f3, 1842. nov. 12, \u2020\u00a0D\u00e9s, 1885. m\u00e1j. 14\u00a0: t\u00f6rv\u00e9nysz\u00e9ki jegyz\u0151 majd b\u00edr\u00f3. \u2013 Albert (1801\u20131874) \u00e9s z\u00e1goni Szentkereszthy Zsuzsanna fia. Feles\u00e9ge kir\u00e1lyhalmi Petki Ad\u00e9l ( Mv., 1854. \u00e1pr. 24. \u2020 Baden bei Wien, 1918. m\u00e1j. 19. Esk\u00fcv\u0151 : Mv. 1872. j\u00fan. 23. (Elv. 1878. j\u00fan. 3.); 2. B\u00e1r\u00e1ny Roz\u00e1lia. Gyermekei: B\u00e9la (1873\u20131925), Ferenc (1875\u20131942), Emil-politikus, egyetemitan\u00e1r, jog\u00e1sz, csal\u00e1dt\u00f6rt\u00e9n\u00e9sz, Jozefa <br \/><strong>Irod.:<\/strong> Gudenus<\/br><\/p>\n","protected":false},"excerpt":{"rendered":"<p>Brass\u00f3, 1842. nov. 12, \u2020\u00a0D\u00e9s, 1885. m\u00e1j. 14\u00a0: t\u00f6rv\u00e9nysz\u00e9ki jegyz\u0151 majd b\u00edr\u00f3. \u2013 Albert (1801\u20131874) \u00e9s z\u00e1goni Szentkereszthy Zsuzsanna fia. Feles\u00e9ge kir\u00e1lyhalmi Petki Ad\u00e9l ( Mv., 1854. \u00e1pr. 24. \u2020 Baden bei Wien, 1918. m\u00e1j. 19. Esk\u00fcv\u0151 : Mv. 1872. j\u00fan. 23. (Elv. 1878. j\u00fan. 3.); 2. B\u00e1r\u00e1ny Roz\u00e1lia. Gyermekei: B\u00e9la (1873\u20131925), Ferenc (1875\u20131942), Emil-politikus, [&hellip;]<\/p>\n","protected":false},"featured_media":0,"comment_status":"open","ping_status":"closed","template":"","meta":[],"product_brand":[],"product_cat":[137],"product_tag":[],"class_list":{"0":"post-18212","1":"product","2":"type-product","3":"status-publish","5":"product_cat-maros-megyei-eletrajzi-lexikon","7":"first","8":"instock","9":"shipping-taxable","10":"product-type-simple"},"_links":{"self":[{"href":"https:\/\/uj.adatbank.ro\/lexikon\/wp-json\/wp\/v2\/product\/18212","targetHints":{"allow":["GET"]}}],"collection":[{"href":"https:\/\/uj.adatbank.ro\/lexikon\/wp-json\/wp\/v2\/product"}],"about":[{"href":"https:\/\/uj.adatbank.ro\/lexikon\/wp-json\/wp\/v2\/types\/product"}],"replies":[{"embeddable":true,"href":"https:\/\/uj.adatbank.ro\/lexikon\/wp-json\/wp\/v2\/comments?post=18212"}],"wp:attachment":[{"href":"https:\/\/uj.adatbank.ro\/lexikon\/wp-json\/wp\/v2\/media?parent=18212"}],"wp:term":[{"taxonomy":"product_brand","embeddable":true,"href":"https:\/\/uj.adatbank.ro\/lexikon\/wp-json\/wp\/v2\/product_brand?post=18212"},{"taxonomy":"product_cat","embeddable":true,"href":"https:\/\/uj.adatbank.ro\/lexikon\/wp-json\/wp\/v2\/product_cat?post=18212"},{"taxonomy":"product_tag","embeddable":true,"href":"https:\/\/uj.adatbank.ro\/lexikon\/wp-json\/wp\/v2\/product_tag?post=18212"}],"curies":[{"name":"wp","href":"https:\/\/api.w.org\/{rel}","templated":true}]}}