{"id":18213,"date":"2025-07-16T10:43:37","date_gmt":"2025-07-16T08:43:37","guid":{"rendered":"https:\/\/uj.adatbank.ro\/lexikon\/termek\/petrichevich-horvath-terez-szeplaki-daniel-elekne\/"},"modified":"2025-07-16T10:43:37","modified_gmt":"2025-07-16T08:43:37","slug":"petrichevich-horvath-terez-szeplaki-daniel-elekne","status":"publish","type":"product","link":"https:\/\/uj.adatbank.ro\/lexikon\/termek\/petrichevich-horvath-terez-szeplaki-daniel-elekne\/","title":{"rendered":"PETRICHEVICH-HORV\u00c1TH Ter\u00e9z, sz\u00e9plaki, Daniel Elekn\u00e9"},"content":{"rendered":"<p>Dics\u0151szentm\u00e1rton, 1760. \u2020\u00a0? 1794. j\u00fan. 14. f\u00f6ldbirtokos.\u2013 F\u00e9rje vargyasi Daniel Elek unit. f\u0151gondnok. (* 1759. j\u00fal., 13. \u2020 1812. jan., 23.) (esk. Sz\u00e9plak 1780. febr., 22.). Fia Elek (1783\u20131848).<br \/><strong>Irod.:<\/strong> Kempelen; Sass P\u00e9ter<\/br><\/p>\n","protected":false},"excerpt":{"rendered":"<p>Dics\u0151szentm\u00e1rton, 1760. \u2020\u00a0? 1794. j\u00fan. 14. f\u00f6ldbirtokos.\u2013 F\u00e9rje vargyasi Daniel Elek unit. f\u0151gondnok. (* 1759. j\u00fal., 13. \u2020 1812. jan., 23.) (esk. Sz\u00e9plak 1780. febr., 22.). Fia Elek (1783\u20131848).Irod.: Kempelen; Sass P\u00e9ter<\/p>\n","protected":false},"featured_media":0,"comment_status":"open","ping_status":"closed","template":"","meta":[],"product_brand":[],"product_cat":[137],"product_tag":[],"class_list":{"0":"post-18213","1":"product","2":"type-product","3":"status-publish","5":"product_cat-maros-megyei-eletrajzi-lexikon","7":"first","8":"instock","9":"shipping-taxable","10":"product-type-simple"},"_links":{"self":[{"href":"https:\/\/uj.adatbank.ro\/lexikon\/wp-json\/wp\/v2\/product\/18213","targetHints":{"allow":["GET"]}}],"collection":[{"href":"https:\/\/uj.adatbank.ro\/lexikon\/wp-json\/wp\/v2\/product"}],"about":[{"href":"https:\/\/uj.adatbank.ro\/lexikon\/wp-json\/wp\/v2\/types\/product"}],"replies":[{"embeddable":true,"href":"https:\/\/uj.adatbank.ro\/lexikon\/wp-json\/wp\/v2\/comments?post=18213"}],"wp:attachment":[{"href":"https:\/\/uj.adatbank.ro\/lexikon\/wp-json\/wp\/v2\/media?parent=18213"}],"wp:term":[{"taxonomy":"product_brand","embeddable":true,"href":"https:\/\/uj.adatbank.ro\/lexikon\/wp-json\/wp\/v2\/product_brand?post=18213"},{"taxonomy":"product_cat","embeddable":true,"href":"https:\/\/uj.adatbank.ro\/lexikon\/wp-json\/wp\/v2\/product_cat?post=18213"},{"taxonomy":"product_tag","embeddable":true,"href":"https:\/\/uj.adatbank.ro\/lexikon\/wp-json\/wp\/v2\/product_tag?post=18213"}],"curies":[{"name":"wp","href":"https:\/\/api.w.org\/{rel}","templated":true}]}}