{"id":18214,"date":"2025-07-16T10:43:39","date_gmt":"2025-07-16T08:43:39","guid":{"rendered":"https:\/\/uj.adatbank.ro\/lexikon\/termek\/petrichevich-horvath-vilma-roza-erzsebet-szeplaki-br\/"},"modified":"2025-07-16T10:43:39","modified_gmt":"2025-07-16T08:43:39","slug":"petrichevich-horvath-vilma-roza-erzsebet-szeplaki-br","status":"publish","type":"product","link":"https:\/\/uj.adatbank.ro\/lexikon\/termek\/petrichevich-horvath-vilma-roza-erzsebet-szeplaki-br\/","title":{"rendered":"PETRICHEVICH-HORV\u00c1TH Vilma R\u00f3za Erzs\u00e9bet, sz\u00e9plaki br."},"content":{"rendered":"<p>Backamadaras, 1865. szept. 21., \u2020 Bp., 1946. okt. 8.: f\u00f6ldbirtokos b\u00e1r\u00f3n\u0151. \u2013 B\u00e9la (1834\u20131912) Csap\u00f3 Johanna l\u00e1nya. <br \/><strong>Irod.:<\/strong> Gudenus<\/br><\/p>\n","protected":false},"excerpt":{"rendered":"<p>Backamadaras, 1865. szept. 21., \u2020 Bp., 1946. okt. 8.: f\u00f6ldbirtokos b\u00e1r\u00f3n\u0151. \u2013 B\u00e9la (1834\u20131912) Csap\u00f3 Johanna l\u00e1nya. Irod.: Gudenus<\/p>\n","protected":false},"featured_media":0,"comment_status":"open","ping_status":"closed","template":"","meta":[],"product_brand":[],"product_cat":[137],"product_tag":[],"class_list":{"0":"post-18214","1":"product","2":"type-product","3":"status-publish","5":"product_cat-maros-megyei-eletrajzi-lexikon","7":"first","8":"instock","9":"shipping-taxable","10":"product-type-simple"},"_links":{"self":[{"href":"https:\/\/uj.adatbank.ro\/lexikon\/wp-json\/wp\/v2\/product\/18214","targetHints":{"allow":["GET"]}}],"collection":[{"href":"https:\/\/uj.adatbank.ro\/lexikon\/wp-json\/wp\/v2\/product"}],"about":[{"href":"https:\/\/uj.adatbank.ro\/lexikon\/wp-json\/wp\/v2\/types\/product"}],"replies":[{"embeddable":true,"href":"https:\/\/uj.adatbank.ro\/lexikon\/wp-json\/wp\/v2\/comments?post=18214"}],"wp:attachment":[{"href":"https:\/\/uj.adatbank.ro\/lexikon\/wp-json\/wp\/v2\/media?parent=18214"}],"wp:term":[{"taxonomy":"product_brand","embeddable":true,"href":"https:\/\/uj.adatbank.ro\/lexikon\/wp-json\/wp\/v2\/product_brand?post=18214"},{"taxonomy":"product_cat","embeddable":true,"href":"https:\/\/uj.adatbank.ro\/lexikon\/wp-json\/wp\/v2\/product_cat?post=18214"},{"taxonomy":"product_tag","embeddable":true,"href":"https:\/\/uj.adatbank.ro\/lexikon\/wp-json\/wp\/v2\/product_tag?post=18214"}],"curies":[{"name":"wp","href":"https:\/\/api.w.org\/{rel}","templated":true}]}}