{"id":18215,"date":"2025-07-16T10:43:41","date_gmt":"2025-07-16T08:43:41","guid":{"rendered":"https:\/\/uj.adatbank.ro\/lexikon\/termek\/petrichevich-horvath-zsofia-szeplaki\/"},"modified":"2025-07-16T10:43:41","modified_gmt":"2025-07-16T08:43:41","slug":"petrichevich-horvath-zsofia-szeplaki","status":"publish","type":"product","link":"https:\/\/uj.adatbank.ro\/lexikon\/termek\/petrichevich-horvath-zsofia-szeplaki\/","title":{"rendered":"PETRICHEVICH-HORV\u00c1TH Zs\u00f3fia, sz\u00e9plaki"},"content":{"rendered":"<p>1765. \u2020 Mv., 1809. febr., 22.: P. H. Mikl\u00f3s (1724\u20131781) \u00e9s b\u00e1gyoni V\u00e1r\u00f3 Erzs\u00e9bet le\u00e1nya. F\u00e9rje Petrichevich Horv\u00e1th Ferenc (* 1732. okt. 6. \u2020 1804. nov., 21. Esk. 1781. m\u00e1j., 26.). <br \/><strong>Irod.:<\/strong> Gudenus; Kempelen<\/br><\/p>\n","protected":false},"excerpt":{"rendered":"<p>1765. \u2020 Mv., 1809. febr., 22.: P. H. Mikl\u00f3s (1724\u20131781) \u00e9s b\u00e1gyoni V\u00e1r\u00f3 Erzs\u00e9bet le\u00e1nya. F\u00e9rje Petrichevich Horv\u00e1th Ferenc (* 1732. okt. 6. \u2020 1804. nov., 21. Esk. 1781. m\u00e1j., 26.). Irod.: Gudenus; Kempelen<\/p>\n","protected":false},"featured_media":0,"comment_status":"open","ping_status":"closed","template":"","meta":[],"product_brand":[],"product_cat":[137],"product_tag":[],"class_list":{"0":"post-18215","1":"product","2":"type-product","3":"status-publish","5":"product_cat-maros-megyei-eletrajzi-lexikon","7":"first","8":"instock","9":"shipping-taxable","10":"product-type-simple"},"_links":{"self":[{"href":"https:\/\/uj.adatbank.ro\/lexikon\/wp-json\/wp\/v2\/product\/18215","targetHints":{"allow":["GET"]}}],"collection":[{"href":"https:\/\/uj.adatbank.ro\/lexikon\/wp-json\/wp\/v2\/product"}],"about":[{"href":"https:\/\/uj.adatbank.ro\/lexikon\/wp-json\/wp\/v2\/types\/product"}],"replies":[{"embeddable":true,"href":"https:\/\/uj.adatbank.ro\/lexikon\/wp-json\/wp\/v2\/comments?post=18215"}],"wp:attachment":[{"href":"https:\/\/uj.adatbank.ro\/lexikon\/wp-json\/wp\/v2\/media?parent=18215"}],"wp:term":[{"taxonomy":"product_brand","embeddable":true,"href":"https:\/\/uj.adatbank.ro\/lexikon\/wp-json\/wp\/v2\/product_brand?post=18215"},{"taxonomy":"product_cat","embeddable":true,"href":"https:\/\/uj.adatbank.ro\/lexikon\/wp-json\/wp\/v2\/product_cat?post=18215"},{"taxonomy":"product_tag","embeddable":true,"href":"https:\/\/uj.adatbank.ro\/lexikon\/wp-json\/wp\/v2\/product_tag?post=18215"}],"curies":[{"name":"wp","href":"https:\/\/api.w.org\/{rel}","templated":true}]}}