{"id":1822,"date":"2025-06-28T11:54:20","date_gmt":"2025-06-28T09:54:20","guid":{"rendered":"https:\/\/uj.adatbank.ro\/lexikon\/termek\/bacsilla-elek-alneve-alvinczi\/"},"modified":"2025-06-28T11:54:20","modified_gmt":"2025-06-28T09:54:20","slug":"bacsilla-elek-alneve-alvinczi","status":"publish","type":"product","link":"https:\/\/uj.adatbank.ro\/lexikon\/termek\/bacsilla-elek-alneve-alvinczi\/","title":{"rendered":"BACSILLA Elek, \u00e1lneve: Alvinczi"},"content":{"rendered":"<p>Alvinc, ? \u2020 Alvinc, 1874.: \u00edr\u00f3, t\u00f6rt\u00e9n\u00e9sz. \u2013 Als\u00f3feh\u00e9rmegyei rom\u00e1n sz\u00e1rmaz\u00e1s\u00fa. Mv.-re ker\u00fclt (1873), ahol a Sz\u00e9kelyf\u00f6ld c. lapnak a munkat\u00e1rsa, ott jelent meg Egy helysz\u00ednel\u0151 siralmas napl\u00f3ja c. humoros elbesz\u00e9l\u00e9se, valamint a Telekk\u00f6nyv \u00e9s a tagos\u00edt\u00e1s v. cikke. Szerk.-te a Sz\u00e9kelyf\u00f6ld-et (1874). \u00cdrt m\u00e9g t\u00f6rt\u00e9nelmi \u00e9s r\u00e9g\u00e9szeti cikkeket a Magyarorsz\u00e1g \u00e9s a Nagyvil\u00e1g, Haz\u00e1nk \u00e9s a K\u00fclf\u00f6ld, Kolozsv\u00e1ri K\u00f6zl\u00f6ny-be. <br \/><strong>Irod.:<\/strong> Szinyei, Szinnyei J.<\/br><\/p>\n","protected":false},"excerpt":{"rendered":"<p>Alvinc, ? \u2020 Alvinc, 1874.: \u00edr\u00f3, t\u00f6rt\u00e9n\u00e9sz. \u2013 Als\u00f3feh\u00e9rmegyei rom\u00e1n sz\u00e1rmaz\u00e1s\u00fa. Mv.-re ker\u00fclt (1873), ahol a Sz\u00e9kelyf\u00f6ld c. lapnak a munkat\u00e1rsa, ott jelent meg Egy helysz\u00ednel\u0151 siralmas napl\u00f3ja c. humoros elbesz\u00e9l\u00e9se, valamint a Telekk\u00f6nyv \u00e9s a tagos\u00edt\u00e1s v. cikke. Szerk.-te a Sz\u00e9kelyf\u00f6ld-et (1874). \u00cdrt m\u00e9g t\u00f6rt\u00e9nelmi \u00e9s r\u00e9g\u00e9szeti cikkeket a Magyarorsz\u00e1g \u00e9s a Nagyvil\u00e1g, Haz\u00e1nk [&hellip;]<\/p>\n","protected":false},"featured_media":0,"comment_status":"open","ping_status":"closed","template":"","meta":[],"product_brand":[],"product_cat":[137],"product_tag":[],"class_list":{"0":"post-1822","1":"product","2":"type-product","3":"status-publish","5":"product_cat-maros-megyei-eletrajzi-lexikon","7":"first","8":"instock","9":"shipping-taxable","10":"product-type-simple"},"_links":{"self":[{"href":"https:\/\/uj.adatbank.ro\/lexikon\/wp-json\/wp\/v2\/product\/1822","targetHints":{"allow":["GET"]}}],"collection":[{"href":"https:\/\/uj.adatbank.ro\/lexikon\/wp-json\/wp\/v2\/product"}],"about":[{"href":"https:\/\/uj.adatbank.ro\/lexikon\/wp-json\/wp\/v2\/types\/product"}],"replies":[{"embeddable":true,"href":"https:\/\/uj.adatbank.ro\/lexikon\/wp-json\/wp\/v2\/comments?post=1822"}],"wp:attachment":[{"href":"https:\/\/uj.adatbank.ro\/lexikon\/wp-json\/wp\/v2\/media?parent=1822"}],"wp:term":[{"taxonomy":"product_brand","embeddable":true,"href":"https:\/\/uj.adatbank.ro\/lexikon\/wp-json\/wp\/v2\/product_brand?post=1822"},{"taxonomy":"product_cat","embeddable":true,"href":"https:\/\/uj.adatbank.ro\/lexikon\/wp-json\/wp\/v2\/product_cat?post=1822"},{"taxonomy":"product_tag","embeddable":true,"href":"https:\/\/uj.adatbank.ro\/lexikon\/wp-json\/wp\/v2\/product_tag?post=1822"}],"curies":[{"name":"wp","href":"https:\/\/api.w.org\/{rel}","templated":true}]}}