{"id":18221,"date":"2025-07-16T10:43:53","date_gmt":"2025-07-16T08:43:53","guid":{"rendered":"https:\/\/uj.adatbank.ro\/lexikon\/termek\/petroczy-gabor\/"},"modified":"2025-07-16T10:43:53","modified_gmt":"2025-07-16T08:43:53","slug":"petroczy-gabor","status":"publish","type":"product","link":"https:\/\/uj.adatbank.ro\/lexikon\/termek\/petroczy-gabor\/","title":{"rendered":"PETR\u00d3CZY G\u00e1bor"},"content":{"rendered":"<p>? \u2020 ? : k\u00e9peslap-kiad\u00f3. \u2013 Mv.-en adott ki fekete-feh\u00e9r \u00e9s sz\u00ednes k\u00e9peslapokat (1900\u20131905). Itt F\u00e9nyk\u00e9p-nagy\u00edt\u00f3 \u00e9s fest\u00e9szeti m\u0171int\u00e9zete volt, de v\u00e1ndorf\u00e9nyk\u00e9p\u00e9szk\u00e9nt is m\u0171k\u00f6d\u00f6tt. Portr\u00e9kat is k\u00e9sz\u00edtett pl. Majl\u00e1th Guszt\u00e1v K\u00e1roly r. k. p\u00fcsp\u00f6kr\u0151l, ezt sok p\u00e9ld\u00e1nyban k\u00fcldte el a katolikus par\u00f3kri\u00e1kra. <br \/><strong>Irod.:<\/strong> Csepreghy; Csepreghy 2010<\/br><\/p>\n","protected":false},"excerpt":{"rendered":"<p>? \u2020 ? : k\u00e9peslap-kiad\u00f3. \u2013 Mv.-en adott ki fekete-feh\u00e9r \u00e9s sz\u00ednes k\u00e9peslapokat (1900\u20131905). Itt F\u00e9nyk\u00e9p-nagy\u00edt\u00f3 \u00e9s fest\u00e9szeti m\u0171int\u00e9zete volt, de v\u00e1ndorf\u00e9nyk\u00e9p\u00e9szk\u00e9nt is m\u0171k\u00f6d\u00f6tt. Portr\u00e9kat is k\u00e9sz\u00edtett pl. Majl\u00e1th Guszt\u00e1v K\u00e1roly r. k. p\u00fcsp\u00f6kr\u0151l, ezt sok p\u00e9ld\u00e1nyban k\u00fcldte el a katolikus par\u00f3kri\u00e1kra. Irod.: Csepreghy; Csepreghy 2010<\/p>\n","protected":false},"featured_media":0,"comment_status":"open","ping_status":"closed","template":"","meta":[],"product_brand":[],"product_cat":[137],"product_tag":[],"class_list":{"0":"post-18221","1":"product","2":"type-product","3":"status-publish","5":"product_cat-maros-megyei-eletrajzi-lexikon","7":"first","8":"instock","9":"shipping-taxable","10":"product-type-simple"},"_links":{"self":[{"href":"https:\/\/uj.adatbank.ro\/lexikon\/wp-json\/wp\/v2\/product\/18221","targetHints":{"allow":["GET"]}}],"collection":[{"href":"https:\/\/uj.adatbank.ro\/lexikon\/wp-json\/wp\/v2\/product"}],"about":[{"href":"https:\/\/uj.adatbank.ro\/lexikon\/wp-json\/wp\/v2\/types\/product"}],"replies":[{"embeddable":true,"href":"https:\/\/uj.adatbank.ro\/lexikon\/wp-json\/wp\/v2\/comments?post=18221"}],"wp:attachment":[{"href":"https:\/\/uj.adatbank.ro\/lexikon\/wp-json\/wp\/v2\/media?parent=18221"}],"wp:term":[{"taxonomy":"product_brand","embeddable":true,"href":"https:\/\/uj.adatbank.ro\/lexikon\/wp-json\/wp\/v2\/product_brand?post=18221"},{"taxonomy":"product_cat","embeddable":true,"href":"https:\/\/uj.adatbank.ro\/lexikon\/wp-json\/wp\/v2\/product_cat?post=18221"},{"taxonomy":"product_tag","embeddable":true,"href":"https:\/\/uj.adatbank.ro\/lexikon\/wp-json\/wp\/v2\/product_tag?post=18221"}],"curies":[{"name":"wp","href":"https:\/\/api.w.org\/{rel}","templated":true}]}}