{"id":18223,"date":"2025-07-16T10:43:56","date_gmt":"2025-07-16T08:43:56","guid":{"rendered":"https:\/\/uj.adatbank.ro\/lexikon\/termek\/petrovici-ioan\/"},"modified":"2025-07-16T10:43:56","modified_gmt":"2025-07-16T08:43:56","slug":"petrovici-ioan","status":"publish","type":"product","link":"https:\/\/uj.adatbank.ro\/lexikon\/termek\/petrovici-ioan\/","title":{"rendered":"PETROVICI, Ioan"},"content":{"rendered":"<p>? \u2020\u00a0?: orvos. \u2013 A munk\u00e1sbiztos\u00edt\u00f3 p\u00e9nzt\u00e1r f\u0151orvosa Mv.-en (1921). <br \/><strong>Irod.:<\/strong> Id\u0151t\u00e1r 3,<\/br><\/p>\n","protected":false},"excerpt":{"rendered":"<p>? \u2020\u00a0?: orvos. \u2013 A munk\u00e1sbiztos\u00edt\u00f3 p\u00e9nzt\u00e1r f\u0151orvosa Mv.-en (1921). Irod.: Id\u0151t\u00e1r 3,<\/p>\n","protected":false},"featured_media":0,"comment_status":"open","ping_status":"closed","template":"","meta":[],"product_brand":[],"product_cat":[137],"product_tag":[],"class_list":{"0":"post-18223","1":"product","2":"type-product","3":"status-publish","5":"product_cat-maros-megyei-eletrajzi-lexikon","7":"first","8":"instock","9":"shipping-taxable","10":"product-type-simple"},"_links":{"self":[{"href":"https:\/\/uj.adatbank.ro\/lexikon\/wp-json\/wp\/v2\/product\/18223","targetHints":{"allow":["GET"]}}],"collection":[{"href":"https:\/\/uj.adatbank.ro\/lexikon\/wp-json\/wp\/v2\/product"}],"about":[{"href":"https:\/\/uj.adatbank.ro\/lexikon\/wp-json\/wp\/v2\/types\/product"}],"replies":[{"embeddable":true,"href":"https:\/\/uj.adatbank.ro\/lexikon\/wp-json\/wp\/v2\/comments?post=18223"}],"wp:attachment":[{"href":"https:\/\/uj.adatbank.ro\/lexikon\/wp-json\/wp\/v2\/media?parent=18223"}],"wp:term":[{"taxonomy":"product_brand","embeddable":true,"href":"https:\/\/uj.adatbank.ro\/lexikon\/wp-json\/wp\/v2\/product_brand?post=18223"},{"taxonomy":"product_cat","embeddable":true,"href":"https:\/\/uj.adatbank.ro\/lexikon\/wp-json\/wp\/v2\/product_cat?post=18223"},{"taxonomy":"product_tag","embeddable":true,"href":"https:\/\/uj.adatbank.ro\/lexikon\/wp-json\/wp\/v2\/product_tag?post=18223"}],"curies":[{"name":"wp","href":"https:\/\/api.w.org\/{rel}","templated":true}]}}