{"id":18228,"date":"2025-07-16T10:44:10","date_gmt":"2025-07-16T08:44:10","guid":{"rendered":"https:\/\/uj.adatbank.ro\/lexikon\/termek\/petru-ioan\/"},"modified":"2025-07-16T10:44:10","modified_gmt":"2025-07-16T08:44:10","slug":"petru-ioan","status":"publish","type":"product","link":"https:\/\/uj.adatbank.ro\/lexikon\/termek\/petru-ioan\/","title":{"rendered":"PETRU, Ioan"},"content":{"rendered":"<p>Lib\u00e1nfalva, 1846. okt. 21., \u2020 ? : ort. pap. \u2013Nasz\u00f3dban n\u00e9gy als\u00f3 gimn.-ot v\u00e9gzett. Anyagiak hi\u00e1ny\u00e1ban nem tanulhatott tov\u00e1bb. Majd folytatta tanulm\u00e1nyait, a 3 \u00e9ves teol\u00f3gi\u00e1t Nagyszebenben v\u00e9gezte. Tan\u00edt\u00f3 volt (1870\u201382). Papp\u00e1 szentelte Andrei \u015eaguna (1872). Lib\u00e1nfalv\u00e1n k\u00e1pl\u00e1n (1872. m\u00e1j. 26.\u20131886), majd pl\u00e9b\u00e1nos (1866\u201396). Marosh\u00e9v\u00edzen az \u0151 szolg\u00e1lata ideje alatt befejezt\u00e9k az \u00e9vtizedek \u00f3ta renov\u00e1l\u00e1s alatt \u00e1ll\u00f3 ort. templomot, amelyet azt\u00e1n \u00fajraszenteltek (1898. szept.). <br \/><strong>Irod.:<\/strong> Dobozi<\/br><\/p>\n","protected":false},"excerpt":{"rendered":"<p>Lib\u00e1nfalva, 1846. okt. 21., \u2020 ? : ort. pap. \u2013Nasz\u00f3dban n\u00e9gy als\u00f3 gimn.-ot v\u00e9gzett. Anyagiak hi\u00e1ny\u00e1ban nem tanulhatott tov\u00e1bb. Majd folytatta tanulm\u00e1nyait, a 3 \u00e9ves teol\u00f3gi\u00e1t Nagyszebenben v\u00e9gezte. Tan\u00edt\u00f3 volt (1870\u201382). Papp\u00e1 szentelte Andrei \u015eaguna (1872). Lib\u00e1nfalv\u00e1n k\u00e1pl\u00e1n (1872. m\u00e1j. 26.\u20131886), majd pl\u00e9b\u00e1nos (1866\u201396). Marosh\u00e9v\u00edzen az \u0151 szolg\u00e1lata ideje alatt befejezt\u00e9k az \u00e9vtizedek \u00f3ta renov\u00e1l\u00e1s [&hellip;]<\/p>\n","protected":false},"featured_media":0,"comment_status":"open","ping_status":"closed","template":"","meta":[],"product_brand":[],"product_cat":[137],"product_tag":[],"class_list":{"0":"post-18228","1":"product","2":"type-product","3":"status-publish","5":"product_cat-maros-megyei-eletrajzi-lexikon","7":"first","8":"instock","9":"shipping-taxable","10":"product-type-simple"},"_links":{"self":[{"href":"https:\/\/uj.adatbank.ro\/lexikon\/wp-json\/wp\/v2\/product\/18228","targetHints":{"allow":["GET"]}}],"collection":[{"href":"https:\/\/uj.adatbank.ro\/lexikon\/wp-json\/wp\/v2\/product"}],"about":[{"href":"https:\/\/uj.adatbank.ro\/lexikon\/wp-json\/wp\/v2\/types\/product"}],"replies":[{"embeddable":true,"href":"https:\/\/uj.adatbank.ro\/lexikon\/wp-json\/wp\/v2\/comments?post=18228"}],"wp:attachment":[{"href":"https:\/\/uj.adatbank.ro\/lexikon\/wp-json\/wp\/v2\/media?parent=18228"}],"wp:term":[{"taxonomy":"product_brand","embeddable":true,"href":"https:\/\/uj.adatbank.ro\/lexikon\/wp-json\/wp\/v2\/product_brand?post=18228"},{"taxonomy":"product_cat","embeddable":true,"href":"https:\/\/uj.adatbank.ro\/lexikon\/wp-json\/wp\/v2\/product_cat?post=18228"},{"taxonomy":"product_tag","embeddable":true,"href":"https:\/\/uj.adatbank.ro\/lexikon\/wp-json\/wp\/v2\/product_tag?post=18228"}],"curies":[{"name":"wp","href":"https:\/\/api.w.org\/{rel}","templated":true}]}}