{"id":18231,"date":"2025-07-16T10:44:19","date_gmt":"2025-07-16T08:44:19","guid":{"rendered":"https:\/\/uj.adatbank.ro\/lexikon\/termek\/petruca-i-ionita-imre-janos-ionita-bacsi\/"},"modified":"2025-07-16T10:44:19","modified_gmt":"2025-07-16T08:44:19","slug":"petruca-i-ionita-imre-janos-ionita-bacsi","status":"publish","type":"product","link":"https:\/\/uj.adatbank.ro\/lexikon\/termek\/petruca-i-ionita-imre-janos-ionita-bacsi\/","title":{"rendered":"PETRUCA, I. Ioni\u0163\u0103, Imre J\u00e1nos, Ioni\u0163\u0103 b\u00e1csi"},"content":{"rendered":"<p>? \u2020\u00a0Mv., 1982. szept. 26.: tan\u00e1r. \u2013 Maros megye vagy v\u00e1rmegye? f\u0151isp\u00e1nja (felmentett\u00e9k 1945 okt. 15.). A mv.-i N\u00e9pi M\u0171v\u00e9szeti Iskola zenetan\u00e1ra volt. <br \/><strong>Irod.:<\/strong> Cri\u015fan; [Nekrol\u00f3g] (V. Z., 1982. szept. 28.)<\/br><\/p>\n","protected":false},"excerpt":{"rendered":"<p>? \u2020\u00a0Mv., 1982. szept. 26.: tan\u00e1r. \u2013 Maros megye vagy v\u00e1rmegye? f\u0151isp\u00e1nja (felmentett\u00e9k 1945 okt. 15.). A mv.-i N\u00e9pi M\u0171v\u00e9szeti Iskola zenetan\u00e1ra volt. Irod.: Cri\u015fan; [Nekrol\u00f3g] (V. Z., 1982. szept. 28.)<\/p>\n","protected":false},"featured_media":0,"comment_status":"open","ping_status":"closed","template":"","meta":[],"product_brand":[],"product_cat":[137],"product_tag":[],"class_list":{"0":"post-18231","1":"product","2":"type-product","3":"status-publish","5":"product_cat-maros-megyei-eletrajzi-lexikon","7":"first","8":"instock","9":"shipping-taxable","10":"product-type-simple"},"_links":{"self":[{"href":"https:\/\/uj.adatbank.ro\/lexikon\/wp-json\/wp\/v2\/product\/18231","targetHints":{"allow":["GET"]}}],"collection":[{"href":"https:\/\/uj.adatbank.ro\/lexikon\/wp-json\/wp\/v2\/product"}],"about":[{"href":"https:\/\/uj.adatbank.ro\/lexikon\/wp-json\/wp\/v2\/types\/product"}],"replies":[{"embeddable":true,"href":"https:\/\/uj.adatbank.ro\/lexikon\/wp-json\/wp\/v2\/comments?post=18231"}],"wp:attachment":[{"href":"https:\/\/uj.adatbank.ro\/lexikon\/wp-json\/wp\/v2\/media?parent=18231"}],"wp:term":[{"taxonomy":"product_brand","embeddable":true,"href":"https:\/\/uj.adatbank.ro\/lexikon\/wp-json\/wp\/v2\/product_brand?post=18231"},{"taxonomy":"product_cat","embeddable":true,"href":"https:\/\/uj.adatbank.ro\/lexikon\/wp-json\/wp\/v2\/product_cat?post=18231"},{"taxonomy":"product_tag","embeddable":true,"href":"https:\/\/uj.adatbank.ro\/lexikon\/wp-json\/wp\/v2\/product_tag?post=18231"}],"curies":[{"name":"wp","href":"https:\/\/api.w.org\/{rel}","templated":true}]}}