{"id":18232,"date":"2025-07-16T10:44:21","date_gmt":"2025-07-16T08:44:21","guid":{"rendered":"https:\/\/uj.adatbank.ro\/lexikon\/termek\/petruca-istvan\/"},"modified":"2025-07-16T10:44:21","modified_gmt":"2025-07-16T08:44:21","slug":"petruca-istvan","status":"publish","type":"product","link":"https:\/\/uj.adatbank.ro\/lexikon\/termek\/petruca-istvan\/","title":{"rendered":"PETRUCA Istv\u00e1n"},"content":{"rendered":"<p>? \u2020\u00a0?: sz\u00edn\u00e9sz \u2013 K\u00f6zrem\u0171k\u00f6d\u00f6tt a mv.-i Sz\u00e9kely Sz\u00ednh\u00e1z el\u0151ad\u00e1sain\u00a0: Eisemann Mih\u00e1ly\u00a0: Fekete P\u00e9ter; Zilahy Lajos\u00a0: A sz\u0171z \u00e9s a g\u00f6d\u00f6lye; James Gow-Arnaud D\u2019Usseau\u00a0: M\u00e9lyek a gy\u00f6kerek.; L\u00e1szl\u00f3 Mikl\u00f3s\u00a0: Illatszert\u00e1r <br \/><strong>Irod.:<\/strong> Horv\u00e1th Bea<\/br><\/p>\n","protected":false},"excerpt":{"rendered":"<p>? \u2020\u00a0?: sz\u00edn\u00e9sz \u2013 K\u00f6zrem\u0171k\u00f6d\u00f6tt a mv.-i Sz\u00e9kely Sz\u00ednh\u00e1z el\u0151ad\u00e1sain\u00a0: Eisemann Mih\u00e1ly\u00a0: Fekete P\u00e9ter; Zilahy Lajos\u00a0: A sz\u0171z \u00e9s a g\u00f6d\u00f6lye; James Gow-Arnaud D\u2019Usseau\u00a0: M\u00e9lyek a gy\u00f6kerek.; L\u00e1szl\u00f3 Mikl\u00f3s\u00a0: Illatszert\u00e1r Irod.: Horv\u00e1th Bea<\/p>\n","protected":false},"featured_media":0,"comment_status":"open","ping_status":"closed","template":"","meta":[],"product_brand":[],"product_cat":[137],"product_tag":[],"class_list":{"0":"post-18232","1":"product","2":"type-product","3":"status-publish","5":"product_cat-maros-megyei-eletrajzi-lexikon","7":"first","8":"instock","9":"shipping-taxable","10":"product-type-simple"},"_links":{"self":[{"href":"https:\/\/uj.adatbank.ro\/lexikon\/wp-json\/wp\/v2\/product\/18232","targetHints":{"allow":["GET"]}}],"collection":[{"href":"https:\/\/uj.adatbank.ro\/lexikon\/wp-json\/wp\/v2\/product"}],"about":[{"href":"https:\/\/uj.adatbank.ro\/lexikon\/wp-json\/wp\/v2\/types\/product"}],"replies":[{"embeddable":true,"href":"https:\/\/uj.adatbank.ro\/lexikon\/wp-json\/wp\/v2\/comments?post=18232"}],"wp:attachment":[{"href":"https:\/\/uj.adatbank.ro\/lexikon\/wp-json\/wp\/v2\/media?parent=18232"}],"wp:term":[{"taxonomy":"product_brand","embeddable":true,"href":"https:\/\/uj.adatbank.ro\/lexikon\/wp-json\/wp\/v2\/product_brand?post=18232"},{"taxonomy":"product_cat","embeddable":true,"href":"https:\/\/uj.adatbank.ro\/lexikon\/wp-json\/wp\/v2\/product_cat?post=18232"},{"taxonomy":"product_tag","embeddable":true,"href":"https:\/\/uj.adatbank.ro\/lexikon\/wp-json\/wp\/v2\/product_tag?post=18232"}],"curies":[{"name":"wp","href":"https:\/\/api.w.org\/{rel}","templated":true}]}}