{"id":18233,"date":"2025-07-16T10:44:22","date_gmt":"2025-07-16T08:44:22","guid":{"rendered":"https:\/\/uj.adatbank.ro\/lexikon\/termek\/petrus\/"},"modified":"2025-07-16T10:44:22","modified_gmt":"2025-07-16T08:44:22","slug":"petrus","status":"publish","type":"product","link":"https:\/\/uj.adatbank.ro\/lexikon\/termek\/petrus\/","title":{"rendered":"PETRUS"},"content":{"rendered":"<p>? \u2020 ?: magister. \u2013 Okirat igazolja, h. \u0151 volt a sz\u00e1szr\u00e9geni sz\u00e1sz iskol\u00e1nak a tan\u00edt\u00f3ja (rector scholarum), aki egy peres \u00fcgyben Valentinus Pellifex, r\u00e9geni lakost, k\u00e9pviselte a besztercei v\u00e1rosi tan\u00e1cs el\u0151tt (1460.jan 1.). <br \/><strong>Irod.:<\/strong> Ganesch<\/br><\/p>\n","protected":false},"excerpt":{"rendered":"<p>? \u2020 ?: magister. \u2013 Okirat igazolja, h. \u0151 volt a sz\u00e1szr\u00e9geni sz\u00e1sz iskol\u00e1nak a tan\u00edt\u00f3ja (rector scholarum), aki egy peres \u00fcgyben Valentinus Pellifex, r\u00e9geni lakost, k\u00e9pviselte a besztercei v\u00e1rosi tan\u00e1cs el\u0151tt (1460.jan 1.). Irod.: Ganesch<\/p>\n","protected":false},"featured_media":0,"comment_status":"open","ping_status":"closed","template":"","meta":[],"product_brand":[],"product_cat":[137],"product_tag":[],"class_list":{"0":"post-18233","1":"product","2":"type-product","3":"status-publish","5":"product_cat-maros-megyei-eletrajzi-lexikon","7":"first","8":"instock","9":"shipping-taxable","10":"product-type-simple"},"_links":{"self":[{"href":"https:\/\/uj.adatbank.ro\/lexikon\/wp-json\/wp\/v2\/product\/18233","targetHints":{"allow":["GET"]}}],"collection":[{"href":"https:\/\/uj.adatbank.ro\/lexikon\/wp-json\/wp\/v2\/product"}],"about":[{"href":"https:\/\/uj.adatbank.ro\/lexikon\/wp-json\/wp\/v2\/types\/product"}],"replies":[{"embeddable":true,"href":"https:\/\/uj.adatbank.ro\/lexikon\/wp-json\/wp\/v2\/comments?post=18233"}],"wp:attachment":[{"href":"https:\/\/uj.adatbank.ro\/lexikon\/wp-json\/wp\/v2\/media?parent=18233"}],"wp:term":[{"taxonomy":"product_brand","embeddable":true,"href":"https:\/\/uj.adatbank.ro\/lexikon\/wp-json\/wp\/v2\/product_brand?post=18233"},{"taxonomy":"product_cat","embeddable":true,"href":"https:\/\/uj.adatbank.ro\/lexikon\/wp-json\/wp\/v2\/product_cat?post=18233"},{"taxonomy":"product_tag","embeddable":true,"href":"https:\/\/uj.adatbank.ro\/lexikon\/wp-json\/wp\/v2\/product_tag?post=18233"}],"curies":[{"name":"wp","href":"https:\/\/api.w.org\/{rel}","templated":true}]}}