{"id":18237,"date":"2025-07-16T10:44:31","date_gmt":"2025-07-16T08:44:31","guid":{"rendered":"https:\/\/uj.adatbank.ro\/lexikon\/termek\/petruta-efrem-petrutia-efrem\/"},"modified":"2025-07-16T10:44:31","modified_gmt":"2025-07-16T08:44:31","slug":"petruta-efrem-petrutia-efrem","status":"publish","type":"product","link":"https:\/\/uj.adatbank.ro\/lexikon\/termek\/petruta-efrem-petrutia-efrem\/","title":{"rendered":"PETRU\u0162\u0102, Efrem, Petru\u0163ia, Efrem"},"content":{"rendered":"<p>? \u2020 ?: g. kat pap. \u2013 Mv.-en a k\u0151templomban m\u0171k\u00f6d\u00f6tt (1825\u201332). <br \/><strong>Irod.:<\/strong> Id\u0151t\u00e1r 1; \u015eincan 2006<\/br><\/p>\n","protected":false},"excerpt":{"rendered":"<p>? \u2020 ?: g. kat pap. \u2013 Mv.-en a k\u0151templomban m\u0171k\u00f6d\u00f6tt (1825\u201332). Irod.: Id\u0151t\u00e1r 1; \u015eincan 2006<\/p>\n","protected":false},"featured_media":0,"comment_status":"open","ping_status":"closed","template":"","meta":[],"product_brand":[],"product_cat":[137],"product_tag":[],"class_list":{"0":"post-18237","1":"product","2":"type-product","3":"status-publish","5":"product_cat-maros-megyei-eletrajzi-lexikon","7":"first","8":"instock","9":"shipping-taxable","10":"product-type-simple"},"_links":{"self":[{"href":"https:\/\/uj.adatbank.ro\/lexikon\/wp-json\/wp\/v2\/product\/18237","targetHints":{"allow":["GET"]}}],"collection":[{"href":"https:\/\/uj.adatbank.ro\/lexikon\/wp-json\/wp\/v2\/product"}],"about":[{"href":"https:\/\/uj.adatbank.ro\/lexikon\/wp-json\/wp\/v2\/types\/product"}],"replies":[{"embeddable":true,"href":"https:\/\/uj.adatbank.ro\/lexikon\/wp-json\/wp\/v2\/comments?post=18237"}],"wp:attachment":[{"href":"https:\/\/uj.adatbank.ro\/lexikon\/wp-json\/wp\/v2\/media?parent=18237"}],"wp:term":[{"taxonomy":"product_brand","embeddable":true,"href":"https:\/\/uj.adatbank.ro\/lexikon\/wp-json\/wp\/v2\/product_brand?post=18237"},{"taxonomy":"product_cat","embeddable":true,"href":"https:\/\/uj.adatbank.ro\/lexikon\/wp-json\/wp\/v2\/product_cat?post=18237"},{"taxonomy":"product_tag","embeddable":true,"href":"https:\/\/uj.adatbank.ro\/lexikon\/wp-json\/wp\/v2\/product_tag?post=18237"}],"curies":[{"name":"wp","href":"https:\/\/api.w.org\/{rel}","templated":true}]}}