{"id":18239,"date":"2025-07-16T10:44:35","date_gmt":"2025-07-16T08:44:35","guid":{"rendered":"https:\/\/uj.adatbank.ro\/lexikon\/termek\/petruta-gheorghe-2\/"},"modified":"2025-07-16T10:44:35","modified_gmt":"2025-07-16T08:44:35","slug":"petruta-gheorghe-2","status":"publish","type":"product","link":"https:\/\/uj.adatbank.ro\/lexikon\/termek\/petruta-gheorghe-2\/","title":{"rendered":"PETRU\u0162A, Gheorghe"},"content":{"rendered":"<p>Nagylupsa, 1950., \u2020 Csehtelke, 2007. nov. 20.: ort. lelk\u00e9sz. \u2013 Curtea de Argesben a teol\u00f3giai lic.-ban \u00e9retts\u00e9gizett, ahonnan Csehtelk\u00e9re (Ludas egyh\u00e1zmegye) nevezt\u00e9k ki lelk\u00e9sznek (1971. nov. 1.\u2013). Ezut\u00e1n v\u00e9gezte el Gyulafeh\u00e9rv\u00e1ron a Teol\u00f3gia Egyetemet, ahol ort. teol\u00f3gus okl.-t szerzett (2004). Eg\u00e9sz \u00e9let\u00e9ben az alig 200 lelket sz\u00e1ml\u00e1l\u00f3 faluban szolg\u00e1lt, \u00daj papi lakot \u00e9s irod\u00e1t \u00e9p\u00edtett csup\u00e1n k\u00f6zadakoz\u00e1sb\u00f3l \u00e9s k\u00f6zmunk\u00e1val (1973\u201374), a m\u00e1r r\u00e9gen megalapozott (1945), de fel nem \u00e9p\u00edtett, \u00faj templomot szint\u00e9n k\u00f6zmunk\u00e1val befejezt\u00e9k (1977\u201385), a fresk\u00f3t Suciu Felicia fest\u0151m\u0171v\u00e9sz k\u00e9sz\u00edtette (1987), tornyot \u00e9p\u00edtettek, teljesen felszerelt\u00e9k, Andrei Andreicu\u0163 p\u00fcsp\u00f6k szentelte fel (1998. szept. 13.). Beker\u00edtett\u00e9k, tatarozt\u00e1k a r\u00e9gi fatemplomot (\u00e9p\u00fclt 1733), Ekkor el\u0151l\u00e9ptett\u00e9k (iconom stavrofor), megkapta a v\u00f6r\u00f6s \u00f6vet \u00e9s a keresztvisel\u00e9si jogot. <br \/><strong>Irod.:<\/strong> S\u0103rma\u015fu<\/br><\/p>\n","protected":false},"excerpt":{"rendered":"<p>Nagylupsa, 1950., \u2020 Csehtelke, 2007. nov. 20.: ort. lelk\u00e9sz. \u2013 Curtea de Argesben a teol\u00f3giai lic.-ban \u00e9retts\u00e9gizett, ahonnan Csehtelk\u00e9re (Ludas egyh\u00e1zmegye) nevezt\u00e9k ki lelk\u00e9sznek (1971. nov. 1.\u2013). Ezut\u00e1n v\u00e9gezte el Gyulafeh\u00e9rv\u00e1ron a Teol\u00f3gia Egyetemet, ahol ort. teol\u00f3gus okl.-t szerzett (2004). Eg\u00e9sz \u00e9let\u00e9ben az alig 200 lelket sz\u00e1ml\u00e1l\u00f3 faluban szolg\u00e1lt, \u00daj papi lakot \u00e9s irod\u00e1t \u00e9p\u00edtett [&hellip;]<\/p>\n","protected":false},"featured_media":0,"comment_status":"open","ping_status":"closed","template":"","meta":[],"product_brand":[],"product_cat":[137],"product_tag":[],"class_list":{"0":"post-18239","1":"product","2":"type-product","3":"status-publish","5":"product_cat-maros-megyei-eletrajzi-lexikon","7":"first","8":"instock","9":"shipping-taxable","10":"product-type-simple"},"_links":{"self":[{"href":"https:\/\/uj.adatbank.ro\/lexikon\/wp-json\/wp\/v2\/product\/18239","targetHints":{"allow":["GET"]}}],"collection":[{"href":"https:\/\/uj.adatbank.ro\/lexikon\/wp-json\/wp\/v2\/product"}],"about":[{"href":"https:\/\/uj.adatbank.ro\/lexikon\/wp-json\/wp\/v2\/types\/product"}],"replies":[{"embeddable":true,"href":"https:\/\/uj.adatbank.ro\/lexikon\/wp-json\/wp\/v2\/comments?post=18239"}],"wp:attachment":[{"href":"https:\/\/uj.adatbank.ro\/lexikon\/wp-json\/wp\/v2\/media?parent=18239"}],"wp:term":[{"taxonomy":"product_brand","embeddable":true,"href":"https:\/\/uj.adatbank.ro\/lexikon\/wp-json\/wp\/v2\/product_brand?post=18239"},{"taxonomy":"product_cat","embeddable":true,"href":"https:\/\/uj.adatbank.ro\/lexikon\/wp-json\/wp\/v2\/product_cat?post=18239"},{"taxonomy":"product_tag","embeddable":true,"href":"https:\/\/uj.adatbank.ro\/lexikon\/wp-json\/wp\/v2\/product_tag?post=18239"}],"curies":[{"name":"wp","href":"https:\/\/api.w.org\/{rel}","templated":true}]}}