{"id":18242,"date":"2025-07-16T10:44:41","date_gmt":"2025-07-16T08:44:41","guid":{"rendered":"https:\/\/uj.adatbank.ro\/lexikon\/termek\/petrutiu-gavril\/"},"modified":"2025-07-16T10:44:41","modified_gmt":"2025-07-16T08:44:41","slug":"petrutiu-gavril","status":"publish","type":"product","link":"https:\/\/uj.adatbank.ro\/lexikon\/termek\/petrutiu-gavril\/","title":{"rendered":"PETRU\u0162IU, Gavril"},"content":{"rendered":"<p>? \u2020 ?: ort. pap. \u2013 Oroszidecsben (1929 \u2013 1953, 1956 \u2013 1974) szolg\u00e1lt, az \u0151 ideje alatt fejezt\u00e9k be az ort. templomot, \u00e9p\u00fclt (1904\u201337), \u00e9s napjainkban is haszn\u00e1latos. Felszentelte Nicolae Colan, r\u00e9vkolostori, feleki \u00e9s kv.-i p\u00fcsp\u00f6k (1937 p\u00fcnk\u00f6sd). <br \/><strong>Irod.:<\/strong> Reghin, Protopopiat<\/br><\/p>\n","protected":false},"excerpt":{"rendered":"<p>? \u2020 ?: ort. pap. \u2013 Oroszidecsben (1929 \u2013 1953, 1956 \u2013 1974) szolg\u00e1lt, az \u0151 ideje alatt fejezt\u00e9k be az ort. templomot, \u00e9p\u00fclt (1904\u201337), \u00e9s napjainkban is haszn\u00e1latos. Felszentelte Nicolae Colan, r\u00e9vkolostori, feleki \u00e9s kv.-i p\u00fcsp\u00f6k (1937 p\u00fcnk\u00f6sd). Irod.: Reghin, Protopopiat<\/p>\n","protected":false},"featured_media":0,"comment_status":"open","ping_status":"closed","template":"","meta":[],"product_brand":[],"product_cat":[137],"product_tag":[],"class_list":{"0":"post-18242","1":"product","2":"type-product","3":"status-publish","5":"product_cat-maros-megyei-eletrajzi-lexikon","7":"first","8":"instock","9":"shipping-taxable","10":"product-type-simple"},"_links":{"self":[{"href":"https:\/\/uj.adatbank.ro\/lexikon\/wp-json\/wp\/v2\/product\/18242","targetHints":{"allow":["GET"]}}],"collection":[{"href":"https:\/\/uj.adatbank.ro\/lexikon\/wp-json\/wp\/v2\/product"}],"about":[{"href":"https:\/\/uj.adatbank.ro\/lexikon\/wp-json\/wp\/v2\/types\/product"}],"replies":[{"embeddable":true,"href":"https:\/\/uj.adatbank.ro\/lexikon\/wp-json\/wp\/v2\/comments?post=18242"}],"wp:attachment":[{"href":"https:\/\/uj.adatbank.ro\/lexikon\/wp-json\/wp\/v2\/media?parent=18242"}],"wp:term":[{"taxonomy":"product_brand","embeddable":true,"href":"https:\/\/uj.adatbank.ro\/lexikon\/wp-json\/wp\/v2\/product_brand?post=18242"},{"taxonomy":"product_cat","embeddable":true,"href":"https:\/\/uj.adatbank.ro\/lexikon\/wp-json\/wp\/v2\/product_cat?post=18242"},{"taxonomy":"product_tag","embeddable":true,"href":"https:\/\/uj.adatbank.ro\/lexikon\/wp-json\/wp\/v2\/product_tag?post=18242"}],"curies":[{"name":"wp","href":"https:\/\/api.w.org\/{rel}","templated":true}]}}