{"id":18244,"date":"2025-07-16T10:44:44","date_gmt":"2025-07-16T08:44:44","guid":{"rendered":"https:\/\/uj.adatbank.ro\/lexikon\/termek\/petrutiu-hortensia-suteu-hortensia\/"},"modified":"2025-07-16T10:44:44","modified_gmt":"2025-07-16T08:44:44","slug":"petrutiu-hortensia-suteu-hortensia","status":"publish","type":"product","link":"https:\/\/uj.adatbank.ro\/lexikon\/termek\/petrutiu-hortensia-suteu-hortensia\/","title":{"rendered":"PETRU\u0162IU Hortensia; \u015euteu Hortensia"},"content":{"rendered":"<p>K\u00e1sva, 1909., \u2020 K\u00e1sva, 1998.: tan\u00edt\u00f3n\u0151. \u2013 Tan\u00edt\u00f3k\u00e9pz\u0151t Mv.-en v\u00e9gzett. Sz\u00fcl\u0151faluj\u00e1ban tan\u00edtott, azut\u00e1n Oroszidecsen. Ott f\u00e9rj\u00e9vel (Gavril Petru\u0163iu lelk\u00e9sz) \u00e9s a falu lakoss\u00e1g\u00e1val \u00faj templomot, parochi\u00e1t \u00e9s kult\u00farotthont \u00e9p\u00edtettek. Jelent\u0151s szerepet v\u00e1llalt a falu m\u0171vel\u0151d\u00e9si \u00e9let\u00e9ben (t\u00e1nccsoport, sz\u00ednj\u00e1tsz\u00f3csoport, k\u00f3rus). Nyud\u00edjba vonult 1960). <br \/><strong>Irod.:<\/strong> Dasc\u0103li mure\u015feni, 4.<\/br><\/p>\n","protected":false},"excerpt":{"rendered":"<p>K\u00e1sva, 1909., \u2020 K\u00e1sva, 1998.: tan\u00edt\u00f3n\u0151. \u2013 Tan\u00edt\u00f3k\u00e9pz\u0151t Mv.-en v\u00e9gzett. Sz\u00fcl\u0151faluj\u00e1ban tan\u00edtott, azut\u00e1n Oroszidecsen. Ott f\u00e9rj\u00e9vel (Gavril Petru\u0163iu lelk\u00e9sz) \u00e9s a falu lakoss\u00e1g\u00e1val \u00faj templomot, parochi\u00e1t \u00e9s kult\u00farotthont \u00e9p\u00edtettek. Jelent\u0151s szerepet v\u00e1llalt a falu m\u0171vel\u0151d\u00e9si \u00e9let\u00e9ben (t\u00e1nccsoport, sz\u00ednj\u00e1tsz\u00f3csoport, k\u00f3rus). Nyud\u00edjba vonult 1960). Irod.: Dasc\u0103li mure\u015feni, 4.<\/p>\n","protected":false},"featured_media":0,"comment_status":"open","ping_status":"closed","template":"","meta":[],"product_brand":[],"product_cat":[137],"product_tag":[],"class_list":{"0":"post-18244","1":"product","2":"type-product","3":"status-publish","5":"product_cat-maros-megyei-eletrajzi-lexikon","7":"first","8":"instock","9":"shipping-taxable","10":"product-type-simple"},"_links":{"self":[{"href":"https:\/\/uj.adatbank.ro\/lexikon\/wp-json\/wp\/v2\/product\/18244","targetHints":{"allow":["GET"]}}],"collection":[{"href":"https:\/\/uj.adatbank.ro\/lexikon\/wp-json\/wp\/v2\/product"}],"about":[{"href":"https:\/\/uj.adatbank.ro\/lexikon\/wp-json\/wp\/v2\/types\/product"}],"replies":[{"embeddable":true,"href":"https:\/\/uj.adatbank.ro\/lexikon\/wp-json\/wp\/v2\/comments?post=18244"}],"wp:attachment":[{"href":"https:\/\/uj.adatbank.ro\/lexikon\/wp-json\/wp\/v2\/media?parent=18244"}],"wp:term":[{"taxonomy":"product_brand","embeddable":true,"href":"https:\/\/uj.adatbank.ro\/lexikon\/wp-json\/wp\/v2\/product_brand?post=18244"},{"taxonomy":"product_cat","embeddable":true,"href":"https:\/\/uj.adatbank.ro\/lexikon\/wp-json\/wp\/v2\/product_cat?post=18244"},{"taxonomy":"product_tag","embeddable":true,"href":"https:\/\/uj.adatbank.ro\/lexikon\/wp-json\/wp\/v2\/product_tag?post=18244"}],"curies":[{"name":"wp","href":"https:\/\/api.w.org\/{rel}","templated":true}]}}