{"id":18245,"date":"2025-07-16T10:44:45","date_gmt":"2025-07-16T08:44:45","guid":{"rendered":"https:\/\/uj.adatbank.ro\/lexikon\/termek\/petry-csalad\/"},"modified":"2025-07-16T10:44:45","modified_gmt":"2025-07-16T08:44:45","slug":"petry-csalad","status":"publish","type":"product","link":"https:\/\/uj.adatbank.ro\/lexikon\/termek\/petry-csalad\/","title":{"rendered":"PETRY csal\u00e1d"},"content":{"rendered":"<p>\u0150sr\u00e9gi v\u00e1s\u00e1rhelyi eredet\u0171 csal\u00e1d, a ref. egyh\u00e1z iratt\u00e1r\u00e1ban 1630- szerepelnek. F\u0151leg iparosok, nagyj\u00e1b\u00f3l m\u00e9sz\u00e1rosok voltak. <br \/><strong>Irod.:<\/strong> Sipos<\/p>\n","protected":false},"excerpt":{"rendered":"<p>\u0150sr\u00e9gi v\u00e1s\u00e1rhelyi eredet\u0171 csal\u00e1d, a ref. egyh\u00e1z iratt\u00e1r\u00e1ban 1630- szerepelnek. F\u0151leg iparosok, nagyj\u00e1b\u00f3l m\u00e9sz\u00e1rosok voltak. Irod.: Sipos<\/p>\n","protected":false},"featured_media":0,"comment_status":"open","ping_status":"closed","template":"","meta":[],"product_brand":[],"product_cat":[137],"product_tag":[],"class_list":{"0":"post-18245","1":"product","2":"type-product","3":"status-publish","5":"product_cat-maros-megyei-eletrajzi-lexikon","7":"first","8":"instock","9":"shipping-taxable","10":"product-type-simple"},"_links":{"self":[{"href":"https:\/\/uj.adatbank.ro\/lexikon\/wp-json\/wp\/v2\/product\/18245","targetHints":{"allow":["GET"]}}],"collection":[{"href":"https:\/\/uj.adatbank.ro\/lexikon\/wp-json\/wp\/v2\/product"}],"about":[{"href":"https:\/\/uj.adatbank.ro\/lexikon\/wp-json\/wp\/v2\/types\/product"}],"replies":[{"embeddable":true,"href":"https:\/\/uj.adatbank.ro\/lexikon\/wp-json\/wp\/v2\/comments?post=18245"}],"wp:attachment":[{"href":"https:\/\/uj.adatbank.ro\/lexikon\/wp-json\/wp\/v2\/media?parent=18245"}],"wp:term":[{"taxonomy":"product_brand","embeddable":true,"href":"https:\/\/uj.adatbank.ro\/lexikon\/wp-json\/wp\/v2\/product_brand?post=18245"},{"taxonomy":"product_cat","embeddable":true,"href":"https:\/\/uj.adatbank.ro\/lexikon\/wp-json\/wp\/v2\/product_cat?post=18245"},{"taxonomy":"product_tag","embeddable":true,"href":"https:\/\/uj.adatbank.ro\/lexikon\/wp-json\/wp\/v2\/product_tag?post=18245"}],"curies":[{"name":"wp","href":"https:\/\/api.w.org\/{rel}","templated":true}]}}