{"id":18248,"date":"2025-07-16T10:44:53","date_gmt":"2025-07-16T08:44:53","guid":{"rendered":"https:\/\/uj.adatbank.ro\/lexikon\/termek\/petry-janosne-golnhofer-jozefa\/"},"modified":"2025-07-16T10:44:53","modified_gmt":"2025-07-16T08:44:53","slug":"petry-janosne-golnhofer-jozefa","status":"publish","type":"product","link":"https:\/\/uj.adatbank.ro\/lexikon\/termek\/petry-janosne-golnhofer-jozefa\/","title":{"rendered":"PETRY J\u00e1nosn\u00e9 Golnhofer Joz\u00e9fa"},"content":{"rendered":"<p>Bp., 1830. m\u00e1rc. 4., \u2020\u00a0?: tan\u00edt\u00f3n\u0151. \u2013 Sz\u00fclei: Golnhofer Gy\u00f6rgy b\u0151rgy\u00e1ros \u00e9s Pongr\u00e1cz Ter\u00e9z. F\u00e9rje: Petry J\u00e1nos, tan\u00edt\u00f3 (\u2020 Mv., 1892). \u2013 Csal\u00e1dja anyagilag t\u00f6nkre ment. Az esztergomi prim\u00e1si palot\u00e1ban l\u00e9v\u0151 honv\u00e9dk\u00f3rh\u00e1zban a beteg\u00e1pol\u00e1sban seg\u00e9dkeztek, anyj\u00e1val egy\u00fctt, a szabads\u00e1gharc idej\u00e9n, majd uo. egy izraelita elemi iskol\u00e1ban kezdett tan\u00edtani (1848\u2013).Bp.-en, Kenderesen, Szegeden nevel\u0151n\u0151 (1849 ut\u00e1n\u2013), ahol megismerkedett j\u00f6vend\u0151 f\u00e9rj\u00e9vel (1858). F\u00e9rje a mv.-i ref. ovod\u00e1ban volt ov\u00f3b\u00e1csi. Mag\u00e1n\u00f3r\u00e1kon francia-, n\u00e9metnyelvet \u00e9s zongor\u00e1z\u00e1st tan\u00edtott. A ref egyh\u00e1zi elemi iskola tan\u00edt\u00f3i lettek mind a ketten (1862\u2013). Saj\u00e1t neveld\u00e9t ny\u00edtottak (1864\u2013). A mv.- ref. le\u00e1nyiskola vezet\u0151i voltak a f\u00e9rj\u00e9vel egy\u00fctt (1869\u20131892). Mint v\u00e1s\u00e1rhelyi ki\u00e1ll\u00edt\u00f3 r\u00e9szt vett az Orsz\u00e1gos N\u0151ipar-ki\u00e1ll\u00edt\u00e1son (Bp., 1881). F\u00e9rje hal\u00e1la ut\u00e1n megv\u00e1lt a tan\u00edt\u00e1st\u00f3l \u00e9s Bp.-re k\u00f6lt\u00f6z\u00f6tt gyerekeihez. <br \/><strong>Irod.:<\/strong> Gell\u00e9ri M\u00f3r: Orsz\u00e1gos N\u0151ipar-ki\u00e1ll\u00edt\u00e1s (Bp., 1881); Vady<\/br><\/p>\n","protected":false},"excerpt":{"rendered":"<p>Bp., 1830. m\u00e1rc. 4., \u2020\u00a0?: tan\u00edt\u00f3n\u0151. \u2013 Sz\u00fclei: Golnhofer Gy\u00f6rgy b\u0151rgy\u00e1ros \u00e9s Pongr\u00e1cz Ter\u00e9z. F\u00e9rje: Petry J\u00e1nos, tan\u00edt\u00f3 (\u2020 Mv., 1892). \u2013 Csal\u00e1dja anyagilag t\u00f6nkre ment. Az esztergomi prim\u00e1si palot\u00e1ban l\u00e9v\u0151 honv\u00e9dk\u00f3rh\u00e1zban a beteg\u00e1pol\u00e1sban seg\u00e9dkeztek, anyj\u00e1val egy\u00fctt, a szabads\u00e1gharc idej\u00e9n, majd uo. egy izraelita elemi iskol\u00e1ban kezdett tan\u00edtani (1848\u2013).Bp.-en, Kenderesen, Szegeden nevel\u0151n\u0151 (1849 ut\u00e1n\u2013), ahol [&hellip;]<\/p>\n","protected":false},"featured_media":0,"comment_status":"open","ping_status":"closed","template":"","meta":[],"product_brand":[],"product_cat":[137],"product_tag":[],"class_list":{"0":"post-18248","1":"product","2":"type-product","3":"status-publish","5":"product_cat-maros-megyei-eletrajzi-lexikon","7":"first","8":"instock","9":"shipping-taxable","10":"product-type-simple"},"_links":{"self":[{"href":"https:\/\/uj.adatbank.ro\/lexikon\/wp-json\/wp\/v2\/product\/18248","targetHints":{"allow":["GET"]}}],"collection":[{"href":"https:\/\/uj.adatbank.ro\/lexikon\/wp-json\/wp\/v2\/product"}],"about":[{"href":"https:\/\/uj.adatbank.ro\/lexikon\/wp-json\/wp\/v2\/types\/product"}],"replies":[{"embeddable":true,"href":"https:\/\/uj.adatbank.ro\/lexikon\/wp-json\/wp\/v2\/comments?post=18248"}],"wp:attachment":[{"href":"https:\/\/uj.adatbank.ro\/lexikon\/wp-json\/wp\/v2\/media?parent=18248"}],"wp:term":[{"taxonomy":"product_brand","embeddable":true,"href":"https:\/\/uj.adatbank.ro\/lexikon\/wp-json\/wp\/v2\/product_brand?post=18248"},{"taxonomy":"product_cat","embeddable":true,"href":"https:\/\/uj.adatbank.ro\/lexikon\/wp-json\/wp\/v2\/product_cat?post=18248"},{"taxonomy":"product_tag","embeddable":true,"href":"https:\/\/uj.adatbank.ro\/lexikon\/wp-json\/wp\/v2\/product_tag?post=18248"}],"curies":[{"name":"wp","href":"https:\/\/api.w.org\/{rel}","templated":true}]}}