{"id":18249,"date":"2025-07-16T10:44:54","date_gmt":"2025-07-16T08:44:54","guid":{"rendered":"https:\/\/uj.adatbank.ro\/lexikon\/termek\/petry-karoly-petri-karoly\/"},"modified":"2025-07-16T10:44:54","modified_gmt":"2025-07-16T08:44:54","slug":"petry-karoly-petri-karoly","status":"publish","type":"product","link":"https:\/\/uj.adatbank.ro\/lexikon\/termek\/petry-karoly-petri-karoly\/","title":{"rendered":"PETRY K\u00e1roly; Petri K\u00e1roly"},"content":{"rendered":"<p>? \u2020\u00a0?: keresked\u0151. \u2013 K\u00f6nyvkeresked\u00e9se (k\u00f6nyv, pap\u00edr, \u00edr\u00f3szer) volt Mv-en, alap\u00edtva (1902). A Szent Istv\u00e1n T\u00e1rsulat kiadv\u00e1nyainak egyed\u00fcli \u00e1r\u00fas\u00edt\u00f3ja. Helikon n\u00e9ven k\u00f6nyvesboltott nyitott (1929), majd Tolok\u00e1n M\u00e1rtonnal t\u00e1rsulva a f\u0151t\u00e9r legnagyobb \u00f6zlete volt az \u00f6v\u00e9k (1942). K\u00e9peslapokat is adtak ki. <br \/><strong>Irod.:<\/strong> Csepreghy 2010; Id\u0151t\u00e1r 3.; \u00d6kr\u00f6s<\/br><\/p>\n","protected":false},"excerpt":{"rendered":"<p>? \u2020\u00a0?: keresked\u0151. \u2013 K\u00f6nyvkeresked\u00e9se (k\u00f6nyv, pap\u00edr, \u00edr\u00f3szer) volt Mv-en, alap\u00edtva (1902). A Szent Istv\u00e1n T\u00e1rsulat kiadv\u00e1nyainak egyed\u00fcli \u00e1r\u00fas\u00edt\u00f3ja. Helikon n\u00e9ven k\u00f6nyvesboltott nyitott (1929), majd Tolok\u00e1n M\u00e1rtonnal t\u00e1rsulva a f\u0151t\u00e9r legnagyobb \u00f6zlete volt az \u00f6v\u00e9k (1942). K\u00e9peslapokat is adtak ki. Irod.: Csepreghy 2010; Id\u0151t\u00e1r 3.; \u00d6kr\u00f6s<\/p>\n","protected":false},"featured_media":0,"comment_status":"open","ping_status":"closed","template":"","meta":[],"product_brand":[],"product_cat":[137],"product_tag":[],"class_list":{"0":"post-18249","1":"product","2":"type-product","3":"status-publish","5":"product_cat-maros-megyei-eletrajzi-lexikon","7":"first","8":"instock","9":"shipping-taxable","10":"product-type-simple"},"_links":{"self":[{"href":"https:\/\/uj.adatbank.ro\/lexikon\/wp-json\/wp\/v2\/product\/18249","targetHints":{"allow":["GET"]}}],"collection":[{"href":"https:\/\/uj.adatbank.ro\/lexikon\/wp-json\/wp\/v2\/product"}],"about":[{"href":"https:\/\/uj.adatbank.ro\/lexikon\/wp-json\/wp\/v2\/types\/product"}],"replies":[{"embeddable":true,"href":"https:\/\/uj.adatbank.ro\/lexikon\/wp-json\/wp\/v2\/comments?post=18249"}],"wp:attachment":[{"href":"https:\/\/uj.adatbank.ro\/lexikon\/wp-json\/wp\/v2\/media?parent=18249"}],"wp:term":[{"taxonomy":"product_brand","embeddable":true,"href":"https:\/\/uj.adatbank.ro\/lexikon\/wp-json\/wp\/v2\/product_brand?post=18249"},{"taxonomy":"product_cat","embeddable":true,"href":"https:\/\/uj.adatbank.ro\/lexikon\/wp-json\/wp\/v2\/product_cat?post=18249"},{"taxonomy":"product_tag","embeddable":true,"href":"https:\/\/uj.adatbank.ro\/lexikon\/wp-json\/wp\/v2\/product_tag?post=18249"}],"curies":[{"name":"wp","href":"https:\/\/api.w.org\/{rel}","templated":true}]}}