{"id":1825,"date":"2025-06-28T11:54:24","date_gmt":"2025-06-28T09:54:24","guid":{"rendered":"https:\/\/uj.adatbank.ro\/lexikon\/termek\/baczo-mihaly-homorodalmasi\/"},"modified":"2025-06-28T11:54:24","modified_gmt":"2025-06-28T09:54:24","slug":"baczo-mihaly-homorodalmasi","status":"publish","type":"product","link":"https:\/\/uj.adatbank.ro\/lexikon\/termek\/baczo-mihaly-homorodalmasi\/","title":{"rendered":"BACZ\u00d3 Mih\u00e1ly, homor\u00f3dalm\u00e1si"},"content":{"rendered":"<p>1890.? \u2020 Mv., 1863. \u00e1pr. 14.: \u00fcgyv\u00e9d. \u2013 Kir. T\u00e1bl.-n \u00fcgyv\u00e9d. <br \/><strong>Irod.:<\/strong> Gy\u00e1szjelent\u0151; P\u00e1lmay J\u00f3zsef<\/br><\/p>\n","protected":false},"excerpt":{"rendered":"<p>1890.? \u2020 Mv., 1863. \u00e1pr. 14.: \u00fcgyv\u00e9d. \u2013 Kir. T\u00e1bl.-n \u00fcgyv\u00e9d. Irod.: Gy\u00e1szjelent\u0151; P\u00e1lmay J\u00f3zsef<\/p>\n","protected":false},"featured_media":0,"comment_status":"open","ping_status":"closed","template":"","meta":[],"product_brand":[],"product_cat":[137],"product_tag":[],"class_list":{"0":"post-1825","1":"product","2":"type-product","3":"status-publish","5":"product_cat-maros-megyei-eletrajzi-lexikon","7":"first","8":"instock","9":"shipping-taxable","10":"product-type-simple"},"_links":{"self":[{"href":"https:\/\/uj.adatbank.ro\/lexikon\/wp-json\/wp\/v2\/product\/1825","targetHints":{"allow":["GET"]}}],"collection":[{"href":"https:\/\/uj.adatbank.ro\/lexikon\/wp-json\/wp\/v2\/product"}],"about":[{"href":"https:\/\/uj.adatbank.ro\/lexikon\/wp-json\/wp\/v2\/types\/product"}],"replies":[{"embeddable":true,"href":"https:\/\/uj.adatbank.ro\/lexikon\/wp-json\/wp\/v2\/comments?post=1825"}],"wp:attachment":[{"href":"https:\/\/uj.adatbank.ro\/lexikon\/wp-json\/wp\/v2\/media?parent=1825"}],"wp:term":[{"taxonomy":"product_brand","embeddable":true,"href":"https:\/\/uj.adatbank.ro\/lexikon\/wp-json\/wp\/v2\/product_brand?post=1825"},{"taxonomy":"product_cat","embeddable":true,"href":"https:\/\/uj.adatbank.ro\/lexikon\/wp-json\/wp\/v2\/product_cat?post=1825"},{"taxonomy":"product_tag","embeddable":true,"href":"https:\/\/uj.adatbank.ro\/lexikon\/wp-json\/wp\/v2\/product_tag?post=1825"}],"curies":[{"name":"wp","href":"https:\/\/api.w.org\/{rel}","templated":true}]}}