{"id":18250,"date":"2025-07-16T10:44:56","date_gmt":"2025-07-16T08:44:56","guid":{"rendered":"https:\/\/uj.adatbank.ro\/lexikon\/termek\/petry-samu-%c2%a7\/"},"modified":"2025-07-16T10:44:56","modified_gmt":"2025-07-16T08:44:56","slug":"petry-samu-%c2%a7","status":"publish","type":"product","link":"https:\/\/uj.adatbank.ro\/lexikon\/termek\/petry-samu-%c2%a7\/","title":{"rendered":"PETRY Samu, \u00a7"},"content":{"rendered":"<p>1883 \u2020\u00a0Mv., 1958.: hentes, m\u00e9sz\u00e1ros. \u2013 K\u00fclf\u00f6ld\u00f6n tanulta a mesters\u00e9g\u00e9t 7 \u00e9vig. Mv.-en volt hentes\u00e1r\u00fagy\u00e1ra P. Zal\u00e1nnal, az \u00e1llamos\u00edt\u00e1sig (1948). Az \u00e1llamos\u00edt\u00e1skor elvett\u00e9k az \u00fczletet \u00e9s Marosszentgy\u00f6rgyre telep\u00edtett\u00e9k ki, ott halt meg, Mv.-en temett\u00e9k el a csal\u00e1di kript\u00e1ba. A MP tagja volt. Minden kultur\u00e1lis megmozdul\u00e1st t\u00e1mogatott. <br \/><strong>Irod.:<\/strong> Csepreghy 2010; H. A.:&#8230;a Petry-f\u00e9le \u00e1llamos\u00edtott \u00fczemben (N\u00e9p\u00fajs\u00e1g, 1948. szept. 11.); Sipos; Visnai<\/br><\/p>\n","protected":false},"excerpt":{"rendered":"<p>1883 \u2020\u00a0Mv., 1958.: hentes, m\u00e9sz\u00e1ros. \u2013 K\u00fclf\u00f6ld\u00f6n tanulta a mesters\u00e9g\u00e9t 7 \u00e9vig. Mv.-en volt hentes\u00e1r\u00fagy\u00e1ra P. Zal\u00e1nnal, az \u00e1llamos\u00edt\u00e1sig (1948). Az \u00e1llamos\u00edt\u00e1skor elvett\u00e9k az \u00fczletet \u00e9s Marosszentgy\u00f6rgyre telep\u00edtett\u00e9k ki, ott halt meg, Mv.-en temett\u00e9k el a csal\u00e1di kript\u00e1ba. A MP tagja volt. Minden kultur\u00e1lis megmozdul\u00e1st t\u00e1mogatott. Irod.: Csepreghy 2010; H. A.:&#8230;a Petry-f\u00e9le \u00e1llamos\u00edtott \u00fczemben (N\u00e9p\u00fajs\u00e1g, [&hellip;]<\/p>\n","protected":false},"featured_media":0,"comment_status":"open","ping_status":"closed","template":"","meta":[],"product_brand":[],"product_cat":[137],"product_tag":[],"class_list":{"0":"post-18250","1":"product","2":"type-product","3":"status-publish","5":"product_cat-maros-megyei-eletrajzi-lexikon","7":"first","8":"instock","9":"shipping-taxable","10":"product-type-simple"},"_links":{"self":[{"href":"https:\/\/uj.adatbank.ro\/lexikon\/wp-json\/wp\/v2\/product\/18250","targetHints":{"allow":["GET"]}}],"collection":[{"href":"https:\/\/uj.adatbank.ro\/lexikon\/wp-json\/wp\/v2\/product"}],"about":[{"href":"https:\/\/uj.adatbank.ro\/lexikon\/wp-json\/wp\/v2\/types\/product"}],"replies":[{"embeddable":true,"href":"https:\/\/uj.adatbank.ro\/lexikon\/wp-json\/wp\/v2\/comments?post=18250"}],"wp:attachment":[{"href":"https:\/\/uj.adatbank.ro\/lexikon\/wp-json\/wp\/v2\/media?parent=18250"}],"wp:term":[{"taxonomy":"product_brand","embeddable":true,"href":"https:\/\/uj.adatbank.ro\/lexikon\/wp-json\/wp\/v2\/product_brand?post=18250"},{"taxonomy":"product_cat","embeddable":true,"href":"https:\/\/uj.adatbank.ro\/lexikon\/wp-json\/wp\/v2\/product_cat?post=18250"},{"taxonomy":"product_tag","embeddable":true,"href":"https:\/\/uj.adatbank.ro\/lexikon\/wp-json\/wp\/v2\/product_tag?post=18250"}],"curies":[{"name":"wp","href":"https:\/\/api.w.org\/{rel}","templated":true}]}}