{"id":18254,"date":"2025-07-16T10:45:04","date_gmt":"2025-07-16T08:45:04","guid":{"rendered":"https:\/\/uj.adatbank.ro\/lexikon\/termek\/petry-zsigmond-ifj\/"},"modified":"2025-07-16T10:45:04","modified_gmt":"2025-07-16T08:45:04","slug":"petry-zsigmond-ifj","status":"publish","type":"product","link":"https:\/\/uj.adatbank.ro\/lexikon\/termek\/petry-zsigmond-ifj\/","title":{"rendered":"PETRY Zsigmond, ifj."},"content":{"rendered":"<p>1883, \u2020 1932. <br \/><strong>Irod.:<\/strong> Hipper S\u00e1ndor : A mo.-i Munk\u00e1sok Rokkant \u00e9s Nyugd\u00edjaegylet\u00e9nek huszon\u00f6t\u00e9ves t\u00f6rt\u00e9nete (Bp., 1918); L\u00e1szl\u00f3 Gyula: \u00daj ipart\u00f6rv\u00e9ny ismertet\u00e9se (Mv., 1908); Mv.-i ref. temet\u0151; \u00d6kr\u00f6s<\/br><\/p>\n","protected":false},"excerpt":{"rendered":"<p>1883, \u2020 1932. Irod.: Hipper S\u00e1ndor : A mo.-i Munk\u00e1sok Rokkant \u00e9s Nyugd\u00edjaegylet\u00e9nek huszon\u00f6t\u00e9ves t\u00f6rt\u00e9nete (Bp., 1918); L\u00e1szl\u00f3 Gyula: \u00daj ipart\u00f6rv\u00e9ny ismertet\u00e9se (Mv., 1908); Mv.-i ref. temet\u0151; \u00d6kr\u00f6s<\/p>\n","protected":false},"featured_media":0,"comment_status":"open","ping_status":"closed","template":"","meta":[],"product_brand":[],"product_cat":[137],"product_tag":[],"class_list":{"0":"post-18254","1":"product","2":"type-product","3":"status-publish","5":"product_cat-maros-megyei-eletrajzi-lexikon","7":"first","8":"instock","9":"shipping-taxable","10":"product-type-simple"},"_links":{"self":[{"href":"https:\/\/uj.adatbank.ro\/lexikon\/wp-json\/wp\/v2\/product\/18254","targetHints":{"allow":["GET"]}}],"collection":[{"href":"https:\/\/uj.adatbank.ro\/lexikon\/wp-json\/wp\/v2\/product"}],"about":[{"href":"https:\/\/uj.adatbank.ro\/lexikon\/wp-json\/wp\/v2\/types\/product"}],"replies":[{"embeddable":true,"href":"https:\/\/uj.adatbank.ro\/lexikon\/wp-json\/wp\/v2\/comments?post=18254"}],"wp:attachment":[{"href":"https:\/\/uj.adatbank.ro\/lexikon\/wp-json\/wp\/v2\/media?parent=18254"}],"wp:term":[{"taxonomy":"product_brand","embeddable":true,"href":"https:\/\/uj.adatbank.ro\/lexikon\/wp-json\/wp\/v2\/product_brand?post=18254"},{"taxonomy":"product_cat","embeddable":true,"href":"https:\/\/uj.adatbank.ro\/lexikon\/wp-json\/wp\/v2\/product_cat?post=18254"},{"taxonomy":"product_tag","embeddable":true,"href":"https:\/\/uj.adatbank.ro\/lexikon\/wp-json\/wp\/v2\/product_tag?post=18254"}],"curies":[{"name":"wp","href":"https:\/\/api.w.org\/{rel}","templated":true}]}}