{"id":18261,"date":"2025-07-16T10:45:24","date_gmt":"2025-07-16T08:45:24","guid":{"rendered":"https:\/\/uj.adatbank.ro\/lexikon\/termek\/pettenkoffer-miksa\/"},"modified":"2025-07-16T10:45:24","modified_gmt":"2025-07-16T08:45:24","slug":"pettenkoffer-miksa","status":"publish","type":"product","link":"https:\/\/uj.adatbank.ro\/lexikon\/termek\/pettenkoffer-miksa\/","title":{"rendered":"PETTENKOFFER Miksa"},"content":{"rendered":"<p>? \u2020\u00a0?: orvos. <br \/><strong>Irod.:<\/strong> Schmidt B\u00e9la\u00a0: Pettenkoffer \u00e9s Forssmann: K\u00e9t orvosi h\u0151stett (Temesv\u00e1r, 1929)<\/br><\/p>\n","protected":false},"excerpt":{"rendered":"<p>? \u2020\u00a0?: orvos. Irod.: Schmidt B\u00e9la\u00a0: Pettenkoffer \u00e9s Forssmann: K\u00e9t orvosi h\u0151stett (Temesv\u00e1r, 1929)<\/p>\n","protected":false},"featured_media":0,"comment_status":"open","ping_status":"closed","template":"","meta":[],"product_brand":[],"product_cat":[137],"product_tag":[],"class_list":{"0":"post-18261","1":"product","2":"type-product","3":"status-publish","5":"product_cat-maros-megyei-eletrajzi-lexikon","7":"first","8":"instock","9":"shipping-taxable","10":"product-type-simple"},"_links":{"self":[{"href":"https:\/\/uj.adatbank.ro\/lexikon\/wp-json\/wp\/v2\/product\/18261","targetHints":{"allow":["GET"]}}],"collection":[{"href":"https:\/\/uj.adatbank.ro\/lexikon\/wp-json\/wp\/v2\/product"}],"about":[{"href":"https:\/\/uj.adatbank.ro\/lexikon\/wp-json\/wp\/v2\/types\/product"}],"replies":[{"embeddable":true,"href":"https:\/\/uj.adatbank.ro\/lexikon\/wp-json\/wp\/v2\/comments?post=18261"}],"wp:attachment":[{"href":"https:\/\/uj.adatbank.ro\/lexikon\/wp-json\/wp\/v2\/media?parent=18261"}],"wp:term":[{"taxonomy":"product_brand","embeddable":true,"href":"https:\/\/uj.adatbank.ro\/lexikon\/wp-json\/wp\/v2\/product_brand?post=18261"},{"taxonomy":"product_cat","embeddable":true,"href":"https:\/\/uj.adatbank.ro\/lexikon\/wp-json\/wp\/v2\/product_cat?post=18261"},{"taxonomy":"product_tag","embeddable":true,"href":"https:\/\/uj.adatbank.ro\/lexikon\/wp-json\/wp\/v2\/product_tag?post=18261"}],"curies":[{"name":"wp","href":"https:\/\/api.w.org\/{rel}","templated":true}]}}