{"id":18264,"date":"2025-07-16T10:45:30","date_gmt":"2025-07-16T08:45:30","guid":{"rendered":"https:\/\/uj.adatbank.ro\/lexikon\/termek\/pfefferman-samuel\/"},"modified":"2025-07-16T10:45:30","modified_gmt":"2025-07-16T08:45:30","slug":"pfefferman-samuel","status":"publish","type":"product","link":"https:\/\/uj.adatbank.ro\/lexikon\/termek\/pfefferman-samuel\/","title":{"rendered":"PFEFFERMAN S\u00e1muel"},"content":{"rendered":"<p>Mv., 1894., \u2020\u00a0? : keresked\u0151. \u2013 Iskol\u00e1i elv\u00e9gz\u00e9se ut\u00e1n keresked\u00e9st tanult majd Mv.-en lett \u00f6n\u00e1ll\u00f3 (1936), mely \u00fczletet feles\u00e9g\u00e9vel k\u00f6z\u00f6sen vezet. Az els\u0151 vh.-ban a 73 gy. e. ben harcolt. Mv.-r\u0151l deport\u00e1lt\u00e1k feles\u00e9g\u00e9vel (1897\u2013) egy\u00fctt (1944. m\u00e1j. 29.). <br \/><strong>Irod.:<\/strong> Mv. zsid\u00f3s\u00e1ga; Sz\u00e9kelyf\u00f6ld \u00ed.k.<\/br><\/p>\n","protected":false},"excerpt":{"rendered":"<p>Mv., 1894., \u2020\u00a0? : keresked\u0151. \u2013 Iskol\u00e1i elv\u00e9gz\u00e9se ut\u00e1n keresked\u00e9st tanult majd Mv.-en lett \u00f6n\u00e1ll\u00f3 (1936), mely \u00fczletet feles\u00e9g\u00e9vel k\u00f6z\u00f6sen vezet. Az els\u0151 vh.-ban a 73 gy. e. ben harcolt. Mv.-r\u0151l deport\u00e1lt\u00e1k feles\u00e9g\u00e9vel (1897\u2013) egy\u00fctt (1944. m\u00e1j. 29.). Irod.: Mv. zsid\u00f3s\u00e1ga; Sz\u00e9kelyf\u00f6ld \u00ed.k.<\/p>\n","protected":false},"featured_media":0,"comment_status":"open","ping_status":"closed","template":"","meta":[],"product_brand":[],"product_cat":[137],"product_tag":[],"class_list":{"0":"post-18264","1":"product","2":"type-product","3":"status-publish","5":"product_cat-maros-megyei-eletrajzi-lexikon","7":"first","8":"instock","9":"shipping-taxable","10":"product-type-simple"},"_links":{"self":[{"href":"https:\/\/uj.adatbank.ro\/lexikon\/wp-json\/wp\/v2\/product\/18264","targetHints":{"allow":["GET"]}}],"collection":[{"href":"https:\/\/uj.adatbank.ro\/lexikon\/wp-json\/wp\/v2\/product"}],"about":[{"href":"https:\/\/uj.adatbank.ro\/lexikon\/wp-json\/wp\/v2\/types\/product"}],"replies":[{"embeddable":true,"href":"https:\/\/uj.adatbank.ro\/lexikon\/wp-json\/wp\/v2\/comments?post=18264"}],"wp:attachment":[{"href":"https:\/\/uj.adatbank.ro\/lexikon\/wp-json\/wp\/v2\/media?parent=18264"}],"wp:term":[{"taxonomy":"product_brand","embeddable":true,"href":"https:\/\/uj.adatbank.ro\/lexikon\/wp-json\/wp\/v2\/product_brand?post=18264"},{"taxonomy":"product_cat","embeddable":true,"href":"https:\/\/uj.adatbank.ro\/lexikon\/wp-json\/wp\/v2\/product_cat?post=18264"},{"taxonomy":"product_tag","embeddable":true,"href":"https:\/\/uj.adatbank.ro\/lexikon\/wp-json\/wp\/v2\/product_tag?post=18264"}],"curies":[{"name":"wp","href":"https:\/\/api.w.org\/{rel}","templated":true}]}}