{"id":18265,"date":"2025-07-16T10:45:35","date_gmt":"2025-07-16T08:45:35","guid":{"rendered":"https:\/\/uj.adatbank.ro\/lexikon\/termek\/pfenningsdorf-lajos-phenningstorf\/"},"modified":"2025-07-16T10:45:35","modified_gmt":"2025-07-16T08:45:35","slug":"pfenningsdorf-lajos-phenningstorf","status":"publish","type":"product","link":"https:\/\/uj.adatbank.ro\/lexikon\/termek\/pfenningsdorf-lajos-phenningstorf\/","title":{"rendered":"PFENNINGSDORF Lajos, Phenningstorf"},"content":{"rendered":"<p>? \u2020\u00a0?:esk\u00fcdt polg\u00e1r.- a Mv.-i esk\u00fcdt k\u00f6z\u00f6ns\u00e9g tagja (1791). <br \/><strong>Irod.:<\/strong> P\u00e1l-Antal 2006<\/br><\/p>\n","protected":false},"excerpt":{"rendered":"<p>? \u2020\u00a0?:esk\u00fcdt polg\u00e1r.- a Mv.-i esk\u00fcdt k\u00f6z\u00f6ns\u00e9g tagja (1791). Irod.: P\u00e1l-Antal 2006<\/p>\n","protected":false},"featured_media":0,"comment_status":"open","ping_status":"closed","template":"","meta":[],"product_brand":[],"product_cat":[137],"product_tag":[],"class_list":{"0":"post-18265","1":"product","2":"type-product","3":"status-publish","5":"product_cat-maros-megyei-eletrajzi-lexikon","7":"first","8":"instock","9":"shipping-taxable","10":"product-type-simple"},"_links":{"self":[{"href":"https:\/\/uj.adatbank.ro\/lexikon\/wp-json\/wp\/v2\/product\/18265","targetHints":{"allow":["GET"]}}],"collection":[{"href":"https:\/\/uj.adatbank.ro\/lexikon\/wp-json\/wp\/v2\/product"}],"about":[{"href":"https:\/\/uj.adatbank.ro\/lexikon\/wp-json\/wp\/v2\/types\/product"}],"replies":[{"embeddable":true,"href":"https:\/\/uj.adatbank.ro\/lexikon\/wp-json\/wp\/v2\/comments?post=18265"}],"wp:attachment":[{"href":"https:\/\/uj.adatbank.ro\/lexikon\/wp-json\/wp\/v2\/media?parent=18265"}],"wp:term":[{"taxonomy":"product_brand","embeddable":true,"href":"https:\/\/uj.adatbank.ro\/lexikon\/wp-json\/wp\/v2\/product_brand?post=18265"},{"taxonomy":"product_cat","embeddable":true,"href":"https:\/\/uj.adatbank.ro\/lexikon\/wp-json\/wp\/v2\/product_cat?post=18265"},{"taxonomy":"product_tag","embeddable":true,"href":"https:\/\/uj.adatbank.ro\/lexikon\/wp-json\/wp\/v2\/product_tag?post=18265"}],"curies":[{"name":"wp","href":"https:\/\/api.w.org\/{rel}","templated":true}]}}