{"id":18266,"date":"2025-07-16T10:45:37","date_gmt":"2025-07-16T08:45:37","guid":{"rendered":"https:\/\/uj.adatbank.ro\/lexikon\/termek\/phelps-ferenc-phelpes-ferenc\/"},"modified":"2025-07-16T10:45:37","modified_gmt":"2025-07-16T08:45:37","slug":"phelps-ferenc-phelpes-ferenc","status":"publish","type":"product","link":"https:\/\/uj.adatbank.ro\/lexikon\/termek\/phelps-ferenc-phelpes-ferenc\/","title":{"rendered":"PHELPS Ferenc; Phelpes Ferenc"},"content":{"rendered":"<p>? \u2020\u00a0?: t\u00e1blab\u00edr\u00f3. \u2013 Mv.-en t\u00e1blab\u00edr\u00f3, r\u00e9szletekbe men\u0151en c\u00e1folta az \u00fcgy\u00e9szs\u00e9g v\u00e1djait \u00e9s v\u00e9g\u00fcl felmentett\u00e9k a v\u00e1d al\u00f3l \u00e9s \u00fajra Mv. rend\u0151rf\u0151kapit\u00e1nya (1901. okt. 13.\u2013). Mv.-i tagja a Kir. M. Term\u00e9szettudom\u00e1nyi T\u00e1rsulatn Term\u00e9szettudom\u00e1nyi T\u00e1rsulatak. <br \/><strong>Irod.:<\/strong> Eml\u00e9kk\u00f6nyv a K. M\u00a0: Term\u00e9szettudom\u00e1nyi T\u00e1rsulat f\u00e9lsz\u00e1zados jubileum\u00e1n (Bp., 1892)<\/br><\/p>\n","protected":false},"excerpt":{"rendered":"<p>? \u2020\u00a0?: t\u00e1blab\u00edr\u00f3. \u2013 Mv.-en t\u00e1blab\u00edr\u00f3, r\u00e9szletekbe men\u0151en c\u00e1folta az \u00fcgy\u00e9szs\u00e9g v\u00e1djait \u00e9s v\u00e9g\u00fcl felmentett\u00e9k a v\u00e1d al\u00f3l \u00e9s \u00fajra Mv. rend\u0151rf\u0151kapit\u00e1nya (1901. okt. 13.\u2013). Mv.-i tagja a Kir. M. Term\u00e9szettudom\u00e1nyi T\u00e1rsulatn Term\u00e9szettudom\u00e1nyi T\u00e1rsulatak. Irod.: Eml\u00e9kk\u00f6nyv a K. M\u00a0: Term\u00e9szettudom\u00e1nyi T\u00e1rsulat f\u00e9lsz\u00e1zados jubileum\u00e1n (Bp., 1892)<\/p>\n","protected":false},"featured_media":0,"comment_status":"open","ping_status":"closed","template":"","meta":[],"product_brand":[],"product_cat":[137],"product_tag":[],"class_list":{"0":"post-18266","1":"product","2":"type-product","3":"status-publish","5":"product_cat-maros-megyei-eletrajzi-lexikon","7":"first","8":"instock","9":"shipping-taxable","10":"product-type-simple"},"_links":{"self":[{"href":"https:\/\/uj.adatbank.ro\/lexikon\/wp-json\/wp\/v2\/product\/18266","targetHints":{"allow":["GET"]}}],"collection":[{"href":"https:\/\/uj.adatbank.ro\/lexikon\/wp-json\/wp\/v2\/product"}],"about":[{"href":"https:\/\/uj.adatbank.ro\/lexikon\/wp-json\/wp\/v2\/types\/product"}],"replies":[{"embeddable":true,"href":"https:\/\/uj.adatbank.ro\/lexikon\/wp-json\/wp\/v2\/comments?post=18266"}],"wp:attachment":[{"href":"https:\/\/uj.adatbank.ro\/lexikon\/wp-json\/wp\/v2\/media?parent=18266"}],"wp:term":[{"taxonomy":"product_brand","embeddable":true,"href":"https:\/\/uj.adatbank.ro\/lexikon\/wp-json\/wp\/v2\/product_brand?post=18266"},{"taxonomy":"product_cat","embeddable":true,"href":"https:\/\/uj.adatbank.ro\/lexikon\/wp-json\/wp\/v2\/product_cat?post=18266"},{"taxonomy":"product_tag","embeddable":true,"href":"https:\/\/uj.adatbank.ro\/lexikon\/wp-json\/wp\/v2\/product_tag?post=18266"}],"curies":[{"name":"wp","href":"https:\/\/api.w.org\/{rel}","templated":true}]}}