{"id":18268,"date":"2025-07-16T10:45:40","date_gmt":"2025-07-16T08:45:40","guid":{"rendered":"https:\/\/uj.adatbank.ro\/lexikon\/termek\/philippi-georgius-philipp-georg\/"},"modified":"2025-07-16T10:45:40","modified_gmt":"2025-07-16T08:45:40","slug":"philippi-georgius-philipp-georg","status":"publish","type":"product","link":"https:\/\/uj.adatbank.ro\/lexikon\/termek\/philippi-georgius-philipp-georg\/","title":{"rendered":"PHILIPPI, Georgius, Philipp Georg"},"content":{"rendered":"<p>Sz\u00e1szr\u00e9gen, ? \u2020 Als\u00f3idecs, 1789. j\u00fal. 4.: tan\u00e1r, lelk\u00e9sz. \u2013 Tanult Lipcs\u00e9ben (1755), Altdorfban (1756). Tan\u00e1r volt Sz\u00e1szr\u00e9genben majd lelk\u00e9sz Als\u00f3idecsen (1781\u2013). Csat\u00f3falva templom\u00e1nak barokk olt\u00e1r\u00e1t k\u00e9sz\u00edtette (1762). <br \/><strong>Irod.:<\/strong> L\u00e9sty\u00e1n \u2013 templomok; Szab\u00f3-Sz\u00f6gi; Vajda Gy\u00f6rgy: A sz\u00e1sz \u00f6r\u00f6ks\u00e9g (N\u00fa., 2018. m\u00e1rc. 6.)<\/br><\/p>\n","protected":false},"excerpt":{"rendered":"<p>Sz\u00e1szr\u00e9gen, ? \u2020 Als\u00f3idecs, 1789. j\u00fal. 4.: tan\u00e1r, lelk\u00e9sz. \u2013 Tanult Lipcs\u00e9ben (1755), Altdorfban (1756). Tan\u00e1r volt Sz\u00e1szr\u00e9genben majd lelk\u00e9sz Als\u00f3idecsen (1781\u2013). Csat\u00f3falva templom\u00e1nak barokk olt\u00e1r\u00e1t k\u00e9sz\u00edtette (1762). Irod.: L\u00e9sty\u00e1n \u2013 templomok; Szab\u00f3-Sz\u00f6gi; Vajda Gy\u00f6rgy: A sz\u00e1sz \u00f6r\u00f6ks\u00e9g (N\u00fa., 2018. m\u00e1rc. 6.)<\/p>\n","protected":false},"featured_media":0,"comment_status":"open","ping_status":"closed","template":"","meta":[],"product_brand":[],"product_cat":[137],"product_tag":[],"class_list":{"0":"post-18268","1":"product","2":"type-product","3":"status-publish","5":"product_cat-maros-megyei-eletrajzi-lexikon","7":"first","8":"instock","9":"shipping-taxable","10":"product-type-simple"},"_links":{"self":[{"href":"https:\/\/uj.adatbank.ro\/lexikon\/wp-json\/wp\/v2\/product\/18268","targetHints":{"allow":["GET"]}}],"collection":[{"href":"https:\/\/uj.adatbank.ro\/lexikon\/wp-json\/wp\/v2\/product"}],"about":[{"href":"https:\/\/uj.adatbank.ro\/lexikon\/wp-json\/wp\/v2\/types\/product"}],"replies":[{"embeddable":true,"href":"https:\/\/uj.adatbank.ro\/lexikon\/wp-json\/wp\/v2\/comments?post=18268"}],"wp:attachment":[{"href":"https:\/\/uj.adatbank.ro\/lexikon\/wp-json\/wp\/v2\/media?parent=18268"}],"wp:term":[{"taxonomy":"product_brand","embeddable":true,"href":"https:\/\/uj.adatbank.ro\/lexikon\/wp-json\/wp\/v2\/product_brand?post=18268"},{"taxonomy":"product_cat","embeddable":true,"href":"https:\/\/uj.adatbank.ro\/lexikon\/wp-json\/wp\/v2\/product_cat?post=18268"},{"taxonomy":"product_tag","embeddable":true,"href":"https:\/\/uj.adatbank.ro\/lexikon\/wp-json\/wp\/v2\/product_tag?post=18268"}],"curies":[{"name":"wp","href":"https:\/\/api.w.org\/{rel}","templated":true}]}}