{"id":18272,"date":"2025-07-16T10:45:47","date_gmt":"2025-07-16T08:45:47","guid":{"rendered":"https:\/\/uj.adatbank.ro\/lexikon\/termek\/piczi-karoly\/"},"modified":"2025-07-16T10:45:47","modified_gmt":"2025-07-16T08:45:47","slug":"piczi-karoly","status":"publish","type":"product","link":"https:\/\/uj.adatbank.ro\/lexikon\/termek\/piczi-karoly\/","title":{"rendered":"PICZI K\u00e1roly"},"content":{"rendered":"<p>? \u2020\u00a0?: n\u00e9pzen\u00e9sz. \u2013 Ismert zen\u00e9sze \u00e9s mulattat\u00f3ja volt a v\u00e1rosnak. Vil\u00e1gotj\u00e1rt ember volt, Rom\u00e1ban a p\u00e1p\u00e1t is megl\u00e1togatta. <br \/><strong>Irod.:<\/strong> \u00d6kr\u00f6s<\/br><\/p>\n","protected":false},"excerpt":{"rendered":"<p>? \u2020\u00a0?: n\u00e9pzen\u00e9sz. \u2013 Ismert zen\u00e9sze \u00e9s mulattat\u00f3ja volt a v\u00e1rosnak. Vil\u00e1gotj\u00e1rt ember volt, Rom\u00e1ban a p\u00e1p\u00e1t is megl\u00e1togatta. Irod.: \u00d6kr\u00f6s<\/p>\n","protected":false},"featured_media":0,"comment_status":"open","ping_status":"closed","template":"","meta":[],"product_brand":[],"product_cat":[137],"product_tag":[],"class_list":{"0":"post-18272","1":"product","2":"type-product","3":"status-publish","5":"product_cat-maros-megyei-eletrajzi-lexikon","7":"first","8":"instock","9":"shipping-taxable","10":"product-type-simple"},"_links":{"self":[{"href":"https:\/\/uj.adatbank.ro\/lexikon\/wp-json\/wp\/v2\/product\/18272","targetHints":{"allow":["GET"]}}],"collection":[{"href":"https:\/\/uj.adatbank.ro\/lexikon\/wp-json\/wp\/v2\/product"}],"about":[{"href":"https:\/\/uj.adatbank.ro\/lexikon\/wp-json\/wp\/v2\/types\/product"}],"replies":[{"embeddable":true,"href":"https:\/\/uj.adatbank.ro\/lexikon\/wp-json\/wp\/v2\/comments?post=18272"}],"wp:attachment":[{"href":"https:\/\/uj.adatbank.ro\/lexikon\/wp-json\/wp\/v2\/media?parent=18272"}],"wp:term":[{"taxonomy":"product_brand","embeddable":true,"href":"https:\/\/uj.adatbank.ro\/lexikon\/wp-json\/wp\/v2\/product_brand?post=18272"},{"taxonomy":"product_cat","embeddable":true,"href":"https:\/\/uj.adatbank.ro\/lexikon\/wp-json\/wp\/v2\/product_cat?post=18272"},{"taxonomy":"product_tag","embeddable":true,"href":"https:\/\/uj.adatbank.ro\/lexikon\/wp-json\/wp\/v2\/product_tag?post=18272"}],"curies":[{"name":"wp","href":"https:\/\/api.w.org\/{rel}","templated":true}]}}