{"id":18274,"date":"2025-07-16T10:45:51","date_gmt":"2025-07-16T08:45:51","guid":{"rendered":"https:\/\/uj.adatbank.ro\/lexikon\/termek\/pika-miklos-sebestyeni\/"},"modified":"2025-07-16T10:45:51","modified_gmt":"2025-07-16T08:45:51","slug":"pika-miklos-sebestyeni","status":"publish","type":"product","link":"https:\/\/uj.adatbank.ro\/lexikon\/termek\/pika-miklos-sebestyeni\/","title":{"rendered":"PIKA Mikl\u00f3s, sebesty\u00e9ni"},"content":{"rendered":"<p>Berend, 1900. nov. 1. \u2020 Mv., 1957. szept. 23.: husz\u00e1rhadnagy, f\u00f6ldbirtokos. \u2013 P. Mikl\u00f3s \u00e9s ? Ilona fia. \u2013 Orvosi egyetemet v\u00e9gzett. 100 ha f\u00f6ldj\u00e9t kisaj\u00e1t\u00edtott\u00e1k. Tartal\u00e9kos hadnaggy\u00e1 l\u00e9ptett\u00e9k el\u0151 (1941. m\u00e1j. 16.). Az Erd\u00e9lyi M. P\u00e1rt tagja volt. A Mv.-en k\u00e9nyszerlakhelyen (1949. m\u00e1rc.\u2013) \u00e9l\u0151 volt m. f\u00f6ldbirtokosok k\u00f6z\u00e9 tartozik, k\u00e9t nagyobb csoportba t\u00f6m\u00f6r\u00fcltek \u00e9s heti gyakoris\u00e1ggal tal\u00e1lkoztak. A Bern\u00e1dy Elvira csoportj\u00e1ba tartozott \u00e9s a Torma Mikl\u00f3s r. k. k\u00f6r\u00e9be is. <br \/><strong>Irod.:<\/strong> Bartos 2012; Bene\u2013Szab\u00f3<\/br><\/p>\n","protected":false},"excerpt":{"rendered":"<p>Berend, 1900. nov. 1. \u2020 Mv., 1957. szept. 23.: husz\u00e1rhadnagy, f\u00f6ldbirtokos. \u2013 P. Mikl\u00f3s \u00e9s ? Ilona fia. \u2013 Orvosi egyetemet v\u00e9gzett. 100 ha f\u00f6ldj\u00e9t kisaj\u00e1t\u00edtott\u00e1k. Tartal\u00e9kos hadnaggy\u00e1 l\u00e9ptett\u00e9k el\u0151 (1941. m\u00e1j. 16.). Az Erd\u00e9lyi M. P\u00e1rt tagja volt. A Mv.-en k\u00e9nyszerlakhelyen (1949. m\u00e1rc.\u2013) \u00e9l\u0151 volt m. f\u00f6ldbirtokosok k\u00f6z\u00e9 tartozik, k\u00e9t nagyobb csoportba t\u00f6m\u00f6r\u00fcltek \u00e9s [&hellip;]<\/p>\n","protected":false},"featured_media":0,"comment_status":"open","ping_status":"closed","template":"","meta":[],"product_brand":[],"product_cat":[137],"product_tag":[],"class_list":{"0":"post-18274","1":"product","2":"type-product","3":"status-publish","5":"product_cat-maros-megyei-eletrajzi-lexikon","7":"first","8":"instock","9":"shipping-taxable","10":"product-type-simple"},"_links":{"self":[{"href":"https:\/\/uj.adatbank.ro\/lexikon\/wp-json\/wp\/v2\/product\/18274","targetHints":{"allow":["GET"]}}],"collection":[{"href":"https:\/\/uj.adatbank.ro\/lexikon\/wp-json\/wp\/v2\/product"}],"about":[{"href":"https:\/\/uj.adatbank.ro\/lexikon\/wp-json\/wp\/v2\/types\/product"}],"replies":[{"embeddable":true,"href":"https:\/\/uj.adatbank.ro\/lexikon\/wp-json\/wp\/v2\/comments?post=18274"}],"wp:attachment":[{"href":"https:\/\/uj.adatbank.ro\/lexikon\/wp-json\/wp\/v2\/media?parent=18274"}],"wp:term":[{"taxonomy":"product_brand","embeddable":true,"href":"https:\/\/uj.adatbank.ro\/lexikon\/wp-json\/wp\/v2\/product_brand?post=18274"},{"taxonomy":"product_cat","embeddable":true,"href":"https:\/\/uj.adatbank.ro\/lexikon\/wp-json\/wp\/v2\/product_cat?post=18274"},{"taxonomy":"product_tag","embeddable":true,"href":"https:\/\/uj.adatbank.ro\/lexikon\/wp-json\/wp\/v2\/product_tag?post=18274"}],"curies":[{"name":"wp","href":"https:\/\/api.w.org\/{rel}","templated":true}]}}