{"id":18278,"date":"2025-07-16T10:45:59","date_gmt":"2025-07-16T08:45:59","guid":{"rendered":"https:\/\/uj.adatbank.ro\/lexikon\/termek\/pintea-eugen\/"},"modified":"2025-07-16T10:45:59","modified_gmt":"2025-07-16T08:45:59","slug":"pintea-eugen","status":"publish","type":"product","link":"https:\/\/uj.adatbank.ro\/lexikon\/termek\/pintea-eugen\/","title":{"rendered":"PINTEA Eugen"},"content":{"rendered":"<p>? \u2020 Bal\u00e1zsfalva, 1948.: a kommunista diktat\u00fara m\u00e1rt\u00edrja. \u2013 Kv.-on orvostanhallgat\u00f3 volt a maroslekencei pap fia, kommunista ellenes tev\u00e9kenys\u00e9g\u00e9\u00e9rt Bal\u00e1zsfalv\u00e1n f\u0151bel\u0151tt\u00e9k (1948). <br \/><strong>Irod.:<\/strong> Ioni\u0163oiu<\/br><\/p>\n","protected":false},"excerpt":{"rendered":"<p>? \u2020 Bal\u00e1zsfalva, 1948.: a kommunista diktat\u00fara m\u00e1rt\u00edrja. \u2013 Kv.-on orvostanhallgat\u00f3 volt a maroslekencei pap fia, kommunista ellenes tev\u00e9kenys\u00e9g\u00e9\u00e9rt Bal\u00e1zsfalv\u00e1n f\u0151bel\u0151tt\u00e9k (1948). Irod.: Ioni\u0163oiu<\/p>\n","protected":false},"featured_media":0,"comment_status":"open","ping_status":"closed","template":"","meta":[],"product_brand":[],"product_cat":[137],"product_tag":[],"class_list":{"0":"post-18278","1":"product","2":"type-product","3":"status-publish","5":"product_cat-maros-megyei-eletrajzi-lexikon","7":"first","8":"instock","9":"shipping-taxable","10":"product-type-simple"},"_links":{"self":[{"href":"https:\/\/uj.adatbank.ro\/lexikon\/wp-json\/wp\/v2\/product\/18278","targetHints":{"allow":["GET"]}}],"collection":[{"href":"https:\/\/uj.adatbank.ro\/lexikon\/wp-json\/wp\/v2\/product"}],"about":[{"href":"https:\/\/uj.adatbank.ro\/lexikon\/wp-json\/wp\/v2\/types\/product"}],"replies":[{"embeddable":true,"href":"https:\/\/uj.adatbank.ro\/lexikon\/wp-json\/wp\/v2\/comments?post=18278"}],"wp:attachment":[{"href":"https:\/\/uj.adatbank.ro\/lexikon\/wp-json\/wp\/v2\/media?parent=18278"}],"wp:term":[{"taxonomy":"product_brand","embeddable":true,"href":"https:\/\/uj.adatbank.ro\/lexikon\/wp-json\/wp\/v2\/product_brand?post=18278"},{"taxonomy":"product_cat","embeddable":true,"href":"https:\/\/uj.adatbank.ro\/lexikon\/wp-json\/wp\/v2\/product_cat?post=18278"},{"taxonomy":"product_tag","embeddable":true,"href":"https:\/\/uj.adatbank.ro\/lexikon\/wp-json\/wp\/v2\/product_tag?post=18278"}],"curies":[{"name":"wp","href":"https:\/\/api.w.org\/{rel}","templated":true}]}}